{"id":2821,"date":"2026-04-10T23:51:30","date_gmt":"2026-04-10T23:51:30","guid":{"rendered":"https:\/\/novaluxeurope.com\/producto\/armaf-aura-fresh\/"},"modified":"2026-04-24T13:31:54","modified_gmt":"2026-04-24T13:31:54","slug":"armaf-aura-fresh","status":"publish","type":"product","link":"https:\/\/novaluxeurope.com\/en\/product\/armaf-aura-fresh\/","title":{"rendered":"Armaf Aura Fresh"},"content":{"rendered":"<p>Ligero, fresco y, al mismo tiempo, inconfundible. El eau de parfum para hombre Armaf Aura Fresh te conquistar\u00e1 con su suave y sofisticada composici\u00f3n arom\u00e1tica, perfecta para usar a diario.<\/p>\n<ul>\n<li>fragancia c\u00edtrica<\/li>\n<li>fragancia fresca, ideal para las \u00e9pocas c\u00e1lidas<\/li>\n<\/ul>\n<h4>Pir\u00e1mide olfativa<\/h4>\n<ul>\n<li><strong>Notas de entrada:<\/strong> bergamota, cidro, cardamomo, carambola<\/li>\n<li><strong>Notas de coraz\u00f3n:<\/strong> pimiento, salvia<\/li>\n<li><strong>Notas de salida:<\/strong> cedro, \u00e1mbar, almizcle, azafr\u00e1n<\/li>\n<\/ul>","protected":false},"excerpt":{"rendered":"<p>Ligero, fresco y, al mismo tiempo, inconfundible. El eau de parfum para hombre Armaf Aura Fresh te conquistar\u00e1 con su suave y sofisticada composici\u00f3n arom\u00e1tica, perfecta para usar a diario. fragancia c\u00edtrica fragancia fresca, ideal para las \u00e9pocas c\u00e1lidas Pir\u00e1mide olfativa Notas de entrada: bergamota, cidro, cardamomo, carambola Notas de coraz\u00f3n: pimiento, salvia Notas de [&hellip;]<\/p>\n","protected":false},"featured_media":2820,"comment_status":"open","ping_status":"closed","template":"","meta":[],"product_brand":[535],"product_cat":[225],"product_tag":[59,52,87,102,544,77,53,545,381,242],"class_list":{"0":"post-2821","1":"product","2":"type-product","3":"status-publish","4":"has-post-thumbnail","6":"product_brand-armaf","7":"product_cat-perfumes-y-fragancias","8":"product_tag-almizcle","9":"product_tag-ambar","10":"product_tag-azafran","11":"product_tag-bergamota","12":"product_tag-carambola","13":"product_tag-cardamomo","14":"product_tag-cedro","15":"product_tag-cidro","16":"product_tag-pimiento","17":"product_tag-salvia","19":"first","20":"outofstock","21":"taxable","22":"shipping-taxable","23":"product-type-simple"},"_links":{"self":[{"href":"https:\/\/novaluxeurope.com\/en\/wp-json\/wp\/v2\/product\/2821","targetHints":{"allow":["GET"]}}],"collection":[{"href":"https:\/\/novaluxeurope.com\/en\/wp-json\/wp\/v2\/product"}],"about":[{"href":"https:\/\/novaluxeurope.com\/en\/wp-json\/wp\/v2\/types\/product"}],"replies":[{"embeddable":true,"href":"https:\/\/novaluxeurope.com\/en\/wp-json\/wp\/v2\/comments?post=2821"}],"wp:featuredmedia":[{"embeddable":true,"href":"https:\/\/novaluxeurope.com\/en\/wp-json\/wp\/v2\/media\/2820"}],"wp:attachment":[{"href":"https:\/\/novaluxeurope.com\/en\/wp-json\/wp\/v2\/media?parent=2821"}],"wp:term":[{"taxonomy":"product_brand","embeddable":true,"href":"https:\/\/novaluxeurope.com\/en\/wp-json\/wp\/v2\/product_brand?post=2821"},{"taxonomy":"product_cat","embeddable":true,"href":"https:\/\/novaluxeurope.com\/en\/wp-json\/wp\/v2\/product_cat?post=2821"},{"taxonomy":"product_tag","embeddable":true,"href":"https:\/\/novaluxeurope.com\/en\/wp-json\/wp\/v2\/product_tag?post=2821"}],"curies":[{"name":"wp","href":"https:\/\/api.w.org\/{rel}","templated":true}]}}