{"id":2815,"date":"2026-04-10T23:51:28","date_gmt":"2026-04-10T23:51:28","guid":{"rendered":"https:\/\/novaluxeurope.com\/producto\/armaf-2pc-g-s-club-de-nuit-intense-man-edt-105-ml-deodorant-spray-50-ml\/"},"modified":"2026-04-24T13:13:55","modified_gmt":"2026-04-24T13:13:55","slug":"armaf-2pc-g-s-club-de-nuit-intense-man-edt-105-ml-deodorant-spray-50-ml","status":"publish","type":"product","link":"https:\/\/novaluxeurope.com\/en\/product\/armaf-2pc-g-s-club-de-nuit-intense-man-edt-105-ml-deodorant-spray-50-ml\/","title":{"rendered":"Armaf 2PC G\/S Club de Nuit Intense Man + Deodorant spray"},"content":{"rendered":"<p>Descubra la sofisticaci\u00f3n de Armaf Club De Nuit Intense Man 2-Piece Gift Set , una colecci\u00f3n premium dise\u00f1ada para hombres que aprecian las fragancias atrevidas y refinadas. Este set incluye un Eau de Toilette de 105 ml y un desodorante en espray de 50 ml, que ofrecen un aroma duradero y frescor durante todo el d\u00eda en una presentaci\u00f3n elegante. Lanzada en 2015, esta fragancia pertenece a la familia olfativa Amaderada Especiada , conocida por sus notas c\u00e1lidas, arom\u00e1ticas y ligeramente dulces que la hacen ideal para la noche y las estaciones m\u00e1s fr\u00edas. La fragancia se abre con una mezcla viva y vigorizante de lim\u00f3n , pi\u00f1a , bergamota , grosella negra y manzana , ofreciendo una introducci\u00f3n brillante y c\u00edtrica que capta la atenci\u00f3n. El coraz\u00f3n se convierte en una refinada mezcla floral y amaderada de abedul, jazm\u00edn y rosa, creando un n\u00facleo armonioso y sofisticado. La base se asienta en una estela rica y masculina de almizcle, \u00e1mbar gris, pachul\u00ed y vainilla, dejando un aroma persistente y memorable que irradia confianza y elegancia. Dise\u00f1ado para un uso vers\u00e1til, este set de regalo permite a los hombres usar la fragancia y el desodorante en capas para una mayor longevidad e intensidad. El envase negro, compacto y elegante, refleja la calidad superior de la l\u00ednea Club De Nuit, por lo que es un regalo perfecto para ocasiones especiales o un complemento distinguido para cualquier colecci\u00f3n personal de fragancias. NOTAS DE PERFUME Notas de salida: Lim\u00f3n, Pi\u00f1a, Bergamota, Grosella negra, Manzana Notas medias: Abedul, Jazm\u00edn, Rosa Notas de Fondo: Almizcle, \u00e1mbar gris, pachul\u00ed, vainilla<\/p>\n<h4>Pir\u00e1mide olfativa<\/h4>\n<ul>\n<li><strong>Notas de entrada:<\/strong> Lim\u00f3n, Pi\u00f1a, Bergamota, Grosella negra, Manzana<\/li>\n<li><strong>Notas de coraz\u00f3n:<\/strong> Abedul, Jazm\u00edn, Rosa<\/li>\n<li><strong>Notas de salida:<\/strong> Almizcle, Ambergris, Pachul\u00ed, Vainilla<\/li>\n<\/ul>","protected":false},"excerpt":{"rendered":"<p>Descubra la sofisticaci\u00f3n de Armaf Club De Nuit Intense Man 2-Piece Gift Set , una colecci\u00f3n premium dise\u00f1ada para hombres que aprecian las fragancias atrevidas y refinadas. Este set incluye un Eau de Toilette de 105 ml y un desodorante en espray de 50 ml, que ofrecen un aroma duradero y frescor durante todo el [&hellip;]<\/p>\n","protected":false},"featured_media":2814,"comment_status":"open","ping_status":"closed","template":"","meta":[],"product_brand":[535],"product_cat":[225],"product_tag":[86,59,234,102,111,56,140,88,67,101,49,63],"class_list":{"0":"post-2815","1":"product","2":"type-product","3":"status-publish","4":"has-post-thumbnail","6":"product_brand-armaf","7":"product_cat-perfumes-y-fragancias","8":"product_tag-abedul","9":"product_tag-almizcle","10":"product_tag-ambergris","11":"product_tag-bergamota","12":"product_tag-grosella-negra","13":"product_tag-jazmin","14":"product_tag-limon","15":"product_tag-manzana","16":"product_tag-pachuli","17":"product_tag-pina","18":"product_tag-rosa","19":"product_tag-vainilla","21":"first","22":"outofstock","23":"taxable","24":"shipping-taxable","25":"product-type-simple"},"_links":{"self":[{"href":"https:\/\/novaluxeurope.com\/en\/wp-json\/wp\/v2\/product\/2815","targetHints":{"allow":["GET"]}}],"collection":[{"href":"https:\/\/novaluxeurope.com\/en\/wp-json\/wp\/v2\/product"}],"about":[{"href":"https:\/\/novaluxeurope.com\/en\/wp-json\/wp\/v2\/types\/product"}],"replies":[{"embeddable":true,"href":"https:\/\/novaluxeurope.com\/en\/wp-json\/wp\/v2\/comments?post=2815"}],"wp:featuredmedia":[{"embeddable":true,"href":"https:\/\/novaluxeurope.com\/en\/wp-json\/wp\/v2\/media\/2814"}],"wp:attachment":[{"href":"https:\/\/novaluxeurope.com\/en\/wp-json\/wp\/v2\/media?parent=2815"}],"wp:term":[{"taxonomy":"product_brand","embeddable":true,"href":"https:\/\/novaluxeurope.com\/en\/wp-json\/wp\/v2\/product_brand?post=2815"},{"taxonomy":"product_cat","embeddable":true,"href":"https:\/\/novaluxeurope.com\/en\/wp-json\/wp\/v2\/product_cat?post=2815"},{"taxonomy":"product_tag","embeddable":true,"href":"https:\/\/novaluxeurope.com\/en\/wp-json\/wp\/v2\/product_tag?post=2815"}],"curies":[{"name":"wp","href":"https:\/\/api.w.org\/{rel}","templated":true}]}}