{"id":2809,"date":"2026-04-10T23:51:25","date_gmt":"2026-04-10T23:51:25","guid":{"rendered":"https:\/\/novaluxeurope.com\/producto\/armaf-18-ml-oil-club-de-nuit-man-armaf-series\/"},"modified":"2026-04-24T13:13:55","modified_gmt":"2026-04-24T13:13:55","slug":"armaf-18-ml-oil-club-de-nuit-man-armaf-series","status":"publish","type":"product","link":"https:\/\/novaluxeurope.com\/en\/product\/armaf-18-ml-oil-club-de-nuit-man-armaf-series\/","title":{"rendered":"ARMAF OIL CLUB DE NUIT MAN (ARMAF SERIES)"},"content":{"rendered":"<p>El Aceite de Perfume Armaf Club De Nuit Man 18 ml es una fragancia atrevida y sofisticada creada para hombres , lanzada en 2022. Perteneciente a la familia olfativa Amaderada Especiada, este aceite de perfume concentrado ofrece un perfil c\u00e1lido, arom\u00e1tico y ligeramente dulce, ideal para la noche, las ocasiones formales o el clima m\u00e1s fr\u00edo. La fragancia se abre con una mezcla fresca y vigorizante de pomelo, menta y mandarina, que proporciona una introducci\u00f3n vibrante y en\u00e9rgica. El coraz\u00f3n revela una combinaci\u00f3n rica y especiada de canela, pimienta, clavo y jengibre, que a\u00f1ade profundidad, calidez y complejidad. El fondo se asienta en una lujosa mezcla de cuero, especias, \u00e1mbar y pachul\u00ed, dejando una estela masculina duradera, terrosa y cautivadora. Formulado como un aceite de perfume concentrado, Club De Nuit Man ofrece una longevidad excepcional, garantizando que el aroma permanezca intenso y atractivo durante horas. Apl\u00edquelo en los puntos de pulso como las mu\u00f1ecas, el cuello o detr\u00e1s de las orejas para una difusi\u00f3n \u00f3ptima. Esta fragancia, presentada en un elegante frasco, refleja la calidad superior de la colecci\u00f3n Club De Nuit y es una excelente elecci\u00f3n para los hombres que buscan un aroma atrevido, refinado y memorable. NOTAS DE PERFUME Notas de salida: Pomelo, Menta, Naranja Mandarina Notas medias: Canela, Pimienta, Clavo, Jengibre Notas de Fondo: Cuero, Especias, \u00c1mbar, Pachul\u00ed<\/p>\n<h4>Pir\u00e1mide olfativa<\/h4>\n<ul>\n<li><strong>Notas de entrada:<\/strong> Pomelo, Menta, Naranja mandarina<\/li>\n<li><strong>Notas de coraz\u00f3n:<\/strong> Canela, Pimienta, Clavo, Jengibre<\/li>\n<li><strong>Notas de salida:<\/strong> Piel, Especias, \u00c1mbar, Pachul\u00ed<\/li>\n<\/ul>","protected":false},"excerpt":{"rendered":"<p>El Aceite de Perfume Armaf Club De Nuit Man 18 ml es una fragancia atrevida y sofisticada creada para hombres , lanzada en 2022. Perteneciente a la familia olfativa Amaderada Especiada, este aceite de perfume concentrado ofrece un perfil c\u00e1lido, arom\u00e1tico y ligeramente dulce, ideal para la noche, las ocasiones formales o el clima m\u00e1s [&hellip;]<\/p>\n","protected":false},"featured_media":2808,"comment_status":"open","ping_status":"closed","template":"","meta":[],"product_brand":[535],"product_cat":[225],"product_tag":[52,94,207,374,180,194,409,67,137,205,245],"class_list":{"0":"post-2809","1":"product","2":"type-product","3":"status-publish","4":"has-post-thumbnail","6":"product_brand-armaf","7":"product_cat-perfumes-y-fragancias","8":"product_tag-ambar","9":"product_tag-canela","10":"product_tag-clavo","11":"product_tag-especias","12":"product_tag-jengibre","13":"product_tag-menta","14":"product_tag-naranja-mandarina","15":"product_tag-pachuli","16":"product_tag-piel","17":"product_tag-pimienta","18":"product_tag-pomelo","20":"first","21":"outofstock","22":"taxable","23":"shipping-taxable","24":"product-type-simple"},"_links":{"self":[{"href":"https:\/\/novaluxeurope.com\/en\/wp-json\/wp\/v2\/product\/2809","targetHints":{"allow":["GET"]}}],"collection":[{"href":"https:\/\/novaluxeurope.com\/en\/wp-json\/wp\/v2\/product"}],"about":[{"href":"https:\/\/novaluxeurope.com\/en\/wp-json\/wp\/v2\/types\/product"}],"replies":[{"embeddable":true,"href":"https:\/\/novaluxeurope.com\/en\/wp-json\/wp\/v2\/comments?post=2809"}],"wp:featuredmedia":[{"embeddable":true,"href":"https:\/\/novaluxeurope.com\/en\/wp-json\/wp\/v2\/media\/2808"}],"wp:attachment":[{"href":"https:\/\/novaluxeurope.com\/en\/wp-json\/wp\/v2\/media?parent=2809"}],"wp:term":[{"taxonomy":"product_brand","embeddable":true,"href":"https:\/\/novaluxeurope.com\/en\/wp-json\/wp\/v2\/product_brand?post=2809"},{"taxonomy":"product_cat","embeddable":true,"href":"https:\/\/novaluxeurope.com\/en\/wp-json\/wp\/v2\/product_cat?post=2809"},{"taxonomy":"product_tag","embeddable":true,"href":"https:\/\/novaluxeurope.com\/en\/wp-json\/wp\/v2\/product_tag?post=2809"}],"curies":[{"name":"wp","href":"https:\/\/api.w.org\/{rel}","templated":true}]}}