{"id":2795,"date":"2026-04-10T23:51:22","date_gmt":"2026-04-10T23:51:22","guid":{"rendered":"https:\/\/novaluxeurope.com\/producto\/armaf-bon-bon-u-edp-100-ml\/"},"modified":"2026-05-06T20:29:17","modified_gmt":"2026-05-06T20:29:17","slug":"armaf-bon-bon-u-edp-100-ml","status":"publish","type":"product","link":"https:\/\/novaluxeurope.com\/en\/product\/armaf-bon-bon-u-edp-100-ml\/","title":{"rendered":"Armaf Bon Bon"},"content":{"rendered":"<p>Armaf Bon Bon Eau de Parfum 100 ml es una fragancia unisex alegre y luminosa que captura el esp\u00edritu de la elegancia despreocupada a trav\u00e9s de una composici\u00f3n deliciosamente floral y afrutada. Dise\u00f1ado para aquellos que aprecian un aroma que se siente edificante pero suavemente sensual, Bon Bon combina frescura chispeante con suave calidez almizclada, por lo que es a la vez juguet\u00f3n y refinado. La fragancia se abre con una en\u00e9rgica explosi\u00f3n de bergamota y mandarina entrelazadas con la crujiente manzana Granny Smith y la papaya tropical, ofreciendo una jugosa introducci\u00f3n. A medida que la composici\u00f3n se despliega, emerge un elegante coraz\u00f3n de peon\u00eda, flor de t\u00e9 y lirio de Madagascar, enriquecido con dulce albaricoque y sutiles notas marinas que a\u00f1aden una dimensi\u00f3n ligera y et\u00e9rea. El fondo se asienta en una mezcla aterciopelada de almizcle y s\u00e1ndalo , realzada por el almizcle aterciopelado que crea una estela cremosa y reconfortante con una suave sensaci\u00f3n golosa. Perteneciente a la familia olfativa floral frutal con un delicado trasfondo almizclado, Bon Bon ofrece versatilidad para el uso diario, sin dejar de ser lo suficientemente distintivo para los momentos especiales. Su estructura equilibrada de frutas radiantes, flores elegantes y maderas suaves la convierten en una fragancia adictiva que perdura maravillosamente en la piel. NOTAS DE PERFUME Notas de salida: Bergamota, mandarina, manzana Granny Smith, papaya Notas medias: Peon\u00eda, Flor de T\u00e9, Lirio de Madagascar, Albaricoque, Notas Marinas Notas de Fondo: Almizcle, S\u00e1ndalo, Almizcle de terciopelo<\/p>\n<h4>Pir\u00e1mide olfativa<\/h4>\n<ul>\n<li><strong>Notas de entrada:<\/strong> Bergamota, Mandar\u00edn, Manzana Granny Smith, Papaya<\/li>\n<li><strong>Notas de coraz\u00f3n:<\/strong> Peon\u00eda, Flor de t\u00e9, Lirio de Madagascar, Albaricoque, Notas marinas<\/li>\n<li><strong>Notas de salida:<\/strong> Almizcle, S\u00e1ndalo, Almizcle aterciopelado<\/li>\n<\/ul>","protected":false},"excerpt":{"rendered":"<p>Armaf Bon Bon Eau de Parfum 100 ml es una fragancia unisex alegre y luminosa que captura el esp\u00edritu de la elegancia despreocupada a trav\u00e9s de una composici\u00f3n deliciosamente floral y afrutada. Dise\u00f1ado para aquellos que aprecian un aroma que se siente edificante pero suavemente sensual, Bon Bon combina frescura chispeante con suave calidez almizclada, [&hellip;]<\/p>\n","protected":false},"featured_media":2794,"comment_status":"open","ping_status":"closed","template":"","meta":[],"product_brand":[535],"product_cat":[225],"product_tag":[399,59,539,102,540,541,122,100,312,542,57,174],"class_list":{"0":"post-2795","1":"product","2":"type-product","3":"status-publish","4":"has-post-thumbnail","6":"product_brand-armaf","7":"product_cat-perfumes-y-fragancias","8":"product_tag-albaricoque","9":"product_tag-almizcle","10":"product_tag-almizcle-aterciopelado","11":"product_tag-bergamota","12":"product_tag-flor-de-te","13":"product_tag-lirio-de-madagascar","14":"product_tag-mandarin","15":"product_tag-manzana-granny-smith","16":"product_tag-notas-marinas","17":"product_tag-papaya","18":"product_tag-peonia","19":"product_tag-sandalo","21":"first","22":"instock","23":"taxable","24":"shipping-taxable","25":"product-type-simple"},"_links":{"self":[{"href":"https:\/\/novaluxeurope.com\/en\/wp-json\/wp\/v2\/product\/2795","targetHints":{"allow":["GET"]}}],"collection":[{"href":"https:\/\/novaluxeurope.com\/en\/wp-json\/wp\/v2\/product"}],"about":[{"href":"https:\/\/novaluxeurope.com\/en\/wp-json\/wp\/v2\/types\/product"}],"replies":[{"embeddable":true,"href":"https:\/\/novaluxeurope.com\/en\/wp-json\/wp\/v2\/comments?post=2795"}],"wp:featuredmedia":[{"embeddable":true,"href":"https:\/\/novaluxeurope.com\/en\/wp-json\/wp\/v2\/media\/2794"}],"wp:attachment":[{"href":"https:\/\/novaluxeurope.com\/en\/wp-json\/wp\/v2\/media?parent=2795"}],"wp:term":[{"taxonomy":"product_brand","embeddable":true,"href":"https:\/\/novaluxeurope.com\/en\/wp-json\/wp\/v2\/product_brand?post=2795"},{"taxonomy":"product_cat","embeddable":true,"href":"https:\/\/novaluxeurope.com\/en\/wp-json\/wp\/v2\/product_cat?post=2795"},{"taxonomy":"product_tag","embeddable":true,"href":"https:\/\/novaluxeurope.com\/en\/wp-json\/wp\/v2\/product_tag?post=2795"}],"curies":[{"name":"wp","href":"https:\/\/api.w.org\/{rel}","templated":true}]}}