{"id":2792,"date":"2026-04-10T23:51:21","date_gmt":"2026-04-10T23:51:21","guid":{"rendered":"https:\/\/novaluxeurope.com\/producto\/armaf-odyssey-mandarin-sky-2\/"},"modified":"2026-04-24T13:13:56","modified_gmt":"2026-04-24T13:13:56","slug":"armaf-odyssey-mandarin-sky-2","status":"publish","type":"product","link":"https:\/\/novaluxeurope.com\/en\/product\/armaf-odyssey-mandarin-sky-2\/","title":{"rendered":"Armaf Odyssey Mandarin Sky"},"content":{"rendered":"<p dir=\"ltr\">Sube alto, hasta donde el horizonte se ti\u00f1e de un naranja intenso y el aire se llena de paz. El eau de parfum para hombre Armaf Odyssey Mandarin Sky evoca un vuelo durante el crep\u00fasculo. Se abre con c\u00edtricos radiantes, pero pronto se sumerge en notas m\u00e1s c\u00e1lidas y profundas. Esta fragancia intensa, sensual e inesperadamente adictiva te transportar\u00e1 a un mundo de ensue\u00f1o bajo el cielo de color mandarina.<\/p>\n<ul>\n<li value=\"1\">composici\u00f3n arom\u00e1tica c\u00edtrica<\/li>\n<li value=\"2\">adecuada para llevar tanto de d\u00eda como de noche<\/li>\n<li value=\"3\">para hombre<\/li>\n<\/ul>\n<p dir=\"ltr\"><strong>Composici\u00f3n de la fragancia:<\/strong><br \/>Las notas de salida ofrecen una combinaci\u00f3n refrescante de salvia, mandarina y naranja, condimentada con una pizca de azafr\u00e1n. A continuaci\u00f3n surge una c\u00e1lida oleada de caramelo y haba tonka, complementada por el arom\u00e1tico cempas\u00fachil, que le aporta a la fragancia un matiz ligeramente herb\u00e1ceo. La composici\u00f3n se va asentando poco a poco sobre unas elegantes notas de fondo de vetiver, madera de cedro y ambroxan, que dejan una huella sensual duradera.<\/p>\n<h4>Pir\u00e1mide olfativa<\/h4>\n<ul>\n<li><strong>Notas de entrada:<\/strong> mandarina, naranja, azafr\u00e1n, salvia<\/li>\n<li><strong>Notas de coraz\u00f3n:<\/strong> caramelo, haba tonka, cal\u00e9ndula<\/li>\n<li><strong>Notas de salida:<\/strong> ambroxan, vetiver, cedro<\/li>\n<\/ul>","protected":false},"excerpt":{"rendered":"<p>Sube alto, hasta donde el horizonte se ti\u00f1e de un naranja intenso y el aire se llena de paz. El eau de parfum para hombre Armaf Odyssey Mandarin Sky evoca un vuelo durante el crep\u00fasculo. Se abre con c\u00edtricos radiantes, pero pronto se sumerge en notas m\u00e1s c\u00e1lidas y profundas. Esta fragancia intensa, sensual e [&hellip;]<\/p>\n","protected":false},"featured_media":2784,"comment_status":"open","ping_status":"closed","template":"","meta":[],"product_brand":[535],"product_cat":[225],"product_tag":[76,87,442,60,53,79,99,98,242,50],"class_list":{"0":"post-2792","1":"product","2":"type-product","3":"status-publish","4":"has-post-thumbnail","6":"product_brand-armaf","7":"product_cat-perfumes-y-fragancias","8":"product_tag-ambroxan","9":"product_tag-azafran","10":"product_tag-calendula","11":"product_tag-caramelo","12":"product_tag-cedro","13":"product_tag-haba-tonka","14":"product_tag-mandarina","15":"product_tag-naranja","16":"product_tag-salvia","17":"product_tag-vetiver","19":"first","20":"outofstock","21":"taxable","22":"shipping-taxable","23":"product-type-simple"},"_links":{"self":[{"href":"https:\/\/novaluxeurope.com\/en\/wp-json\/wp\/v2\/product\/2792","targetHints":{"allow":["GET"]}}],"collection":[{"href":"https:\/\/novaluxeurope.com\/en\/wp-json\/wp\/v2\/product"}],"about":[{"href":"https:\/\/novaluxeurope.com\/en\/wp-json\/wp\/v2\/types\/product"}],"replies":[{"embeddable":true,"href":"https:\/\/novaluxeurope.com\/en\/wp-json\/wp\/v2\/comments?post=2792"}],"wp:featuredmedia":[{"embeddable":true,"href":"https:\/\/novaluxeurope.com\/en\/wp-json\/wp\/v2\/media\/2784"}],"wp:attachment":[{"href":"https:\/\/novaluxeurope.com\/en\/wp-json\/wp\/v2\/media?parent=2792"}],"wp:term":[{"taxonomy":"product_brand","embeddable":true,"href":"https:\/\/novaluxeurope.com\/en\/wp-json\/wp\/v2\/product_brand?post=2792"},{"taxonomy":"product_cat","embeddable":true,"href":"https:\/\/novaluxeurope.com\/en\/wp-json\/wp\/v2\/product_cat?post=2792"},{"taxonomy":"product_tag","embeddable":true,"href":"https:\/\/novaluxeurope.com\/en\/wp-json\/wp\/v2\/product_tag?post=2792"}],"curies":[{"name":"wp","href":"https:\/\/api.w.org\/{rel}","templated":true}]}}