{"id":2789,"date":"2026-04-10T23:51:20","date_gmt":"2026-04-10T23:51:20","guid":{"rendered":"https:\/\/novaluxeurope.com\/producto\/armaf-miss-armaf-grandeur\/"},"modified":"2026-04-24T13:13:56","modified_gmt":"2026-04-24T13:13:56","slug":"armaf-miss-armaf-grandeur","status":"publish","type":"product","link":"https:\/\/novaluxeurope.com\/en\/product\/armaf-miss-armaf-grandeur\/","title":{"rendered":"Armaf Miss Armaf Grandeur"},"content":{"rendered":"<p>La combinaci\u00f3n de suavidad y fuerza que se esconde dentro de cada mujer se ha materializado en el mundo de las fragancias. El eau de parfum Armaf Miss Armaf Grandeur revelar\u00e1 poco a poco todas las caras de tu personalidad y resaltar\u00e1 a la perfecci\u00f3n tu extraordinario atractivo.<\/p>\n<ul>\n<li>fragancia frutal<\/li>\n<li>fragancia floral<\/li>\n<li>fragancia c\u00edtrica<\/li>\n<li>una elecci\u00f3n ideal para mujeres de mente abierta<\/li>\n<li>sugerencia para regalo, satisfacci\u00f3n garantizada<\/li>\n<\/ul>\n<h4>Pir\u00e1mide olfativa<\/h4>\n<ul>\n<li><strong>Notas de entrada:<\/strong> bergamota, rosa, notas florales<\/li>\n<li><strong>Notas de coraz\u00f3n:<\/strong> melocot\u00f3n, acordes frutales<\/li>\n<li><strong>Notas de salida:<\/strong> \u00e1mbar, almizcle, pachuli<\/li>\n<\/ul>","protected":false},"excerpt":{"rendered":"<p>La combinaci\u00f3n de suavidad y fuerza que se esconde dentro de cada mujer se ha materializado en el mundo de las fragancias. El eau de parfum Armaf Miss Armaf Grandeur revelar\u00e1 poco a poco todas las caras de tu personalidad y resaltar\u00e1 a la perfecci\u00f3n tu extraordinario atractivo. fragancia frutal fragancia floral fragancia c\u00edtrica una [&hellip;]<\/p>\n","protected":false},"featured_media":2788,"comment_status":"open","ping_status":"closed","template":"","meta":[],"product_brand":[535],"product_cat":[225],"product_tag":[422,59,52,102,186,333,67,49],"class_list":{"0":"post-2789","1":"product","2":"type-product","3":"status-publish","4":"has-post-thumbnail","6":"product_brand-armaf","7":"product_cat-perfumes-y-fragancias","8":"product_tag-acordes-frutales","9":"product_tag-almizcle","10":"product_tag-ambar","11":"product_tag-bergamota","12":"product_tag-melocoton","13":"product_tag-notas-florales","14":"product_tag-pachuli","15":"product_tag-rosa","17":"first","18":"outofstock","19":"taxable","20":"shipping-taxable","21":"product-type-simple"},"_links":{"self":[{"href":"https:\/\/novaluxeurope.com\/en\/wp-json\/wp\/v2\/product\/2789","targetHints":{"allow":["GET"]}}],"collection":[{"href":"https:\/\/novaluxeurope.com\/en\/wp-json\/wp\/v2\/product"}],"about":[{"href":"https:\/\/novaluxeurope.com\/en\/wp-json\/wp\/v2\/types\/product"}],"replies":[{"embeddable":true,"href":"https:\/\/novaluxeurope.com\/en\/wp-json\/wp\/v2\/comments?post=2789"}],"wp:featuredmedia":[{"embeddable":true,"href":"https:\/\/novaluxeurope.com\/en\/wp-json\/wp\/v2\/media\/2788"}],"wp:attachment":[{"href":"https:\/\/novaluxeurope.com\/en\/wp-json\/wp\/v2\/media?parent=2789"}],"wp:term":[{"taxonomy":"product_brand","embeddable":true,"href":"https:\/\/novaluxeurope.com\/en\/wp-json\/wp\/v2\/product_brand?post=2789"},{"taxonomy":"product_cat","embeddable":true,"href":"https:\/\/novaluxeurope.com\/en\/wp-json\/wp\/v2\/product_cat?post=2789"},{"taxonomy":"product_tag","embeddable":true,"href":"https:\/\/novaluxeurope.com\/en\/wp-json\/wp\/v2\/product_tag?post=2789"}],"curies":[{"name":"wp","href":"https:\/\/api.w.org\/{rel}","templated":true}]}}