{"id":2778,"date":"2026-04-10T23:51:13","date_gmt":"2026-04-10T23:51:13","guid":{"rendered":"https:\/\/novaluxeurope.com\/producto\/armaf-odyssey-candee-edp-u-100-ml\/"},"modified":"2026-05-06T20:29:17","modified_gmt":"2026-05-06T20:29:17","slug":"armaf-odyssey-candee-edp-u-100-ml","status":"publish","type":"product","link":"https:\/\/novaluxeurope.com\/en\/product\/armaf-odyssey-candee-edp-u-100-ml\/","title":{"rendered":"Armaf Odyssey Candee"},"content":{"rendered":"<p>Descubra el encantador encanto de Odyssey Candee de Armaf, una cautivadora fragancia unisex creada tanto para hombres como para mujeres. Este lujoso vaporizador EDP de 100 ml es una obra maestra de la renombrada casa de dise\u00f1o de Oriente Medio, Armaf. Dise\u00f1ado para cautivar, Odyssey Candee pertenece a la familia olfativa Floral Frutal Gourmand y ofrece una exquisita mezcla de notas dulces y sofisticadas. La fragancia se abre con una irresistible explosi\u00f3n de notas de salida afrutadas, como melocot\u00f3n, fresa, frambuesa y bergamota, realzadas por el elegante toque del geranio. Estos aromas iniciales crean un comienzo vibrante y refrescante, perfecto para cualquier ocasi\u00f3n. A medida que la fragancia se despliega, las notas de coraz\u00f3n revelan una deliciosa combinaci\u00f3n de caramelo, jazm\u00edn y fruta de la pasi\u00f3n. Esta capa rica e indulgente a\u00f1ade un toque de dulzura y calidez, haciendo de Odyssey Candee un aroma inolvidable que perdura maravillosamente en la piel. Las notas de fondo de \u00e1mbar, pachul\u00ed y almizcle proporcionan un acabado sensual y duradero, asegurando que permanezca envuelto en este delicioso aroma durante todo el d\u00eda. La sofisticada mezcla de estos elementos crea una fragancia atemporal y moderna. Odyssey Candee de Armaf no es s\u00f3lo una fragancia; es una experiencia. Perfecta para la mujer y el hombre modernos, encarna la elegancia, el encanto y el encanto. Tanto si se dirige a un evento especial como si simplemente desea sentirse extraordinario, esta fragancia es su compa\u00f1era perfecta. NOTAS DE PERFUME Notas de salida: Melocot\u00f3n, Fresa, Frambuesa, Bergamota Notas medias: Caramelo, Jazm\u00edn, Fruta de la pasi\u00f3n Notas de fondo: \u00c1mbar, Pachul\u00ed, Almizcle<\/p>\n<h4>Pir\u00e1mide olfativa<\/h4>\n<ul>\n<li><strong>Notas de entrada:<\/strong> Melocot\u00f3n, Fresa, Frambuesa, Bergamota<\/li>\n<li><strong>Notas de coraz\u00f3n:<\/strong> Caramelo, Jazm\u00edn, Fruta de la pasi\u00f3n<\/li>\n<li><strong>Notas de salida:<\/strong> \u00c1mbar, Pachul\u00ed, Almizcle<\/li>\n<\/ul>","protected":false},"excerpt":{"rendered":"<p>Descubra el encantador encanto de Odyssey Candee de Armaf, una cautivadora fragancia unisex creada tanto para hombres como para mujeres. Este lujoso vaporizador EDP de 100 ml es una obra maestra de la renombrada casa de dise\u00f1o de Oriente Medio, Armaf. Dise\u00f1ado para cautivar, Odyssey Candee pertenece a la familia olfativa Floral Frutal Gourmand y [&hellip;]<\/p>\n","protected":false},"featured_media":2777,"comment_status":"open","ping_status":"closed","template":"","meta":[],"product_brand":[535],"product_cat":[225],"product_tag":[59,52,102,60,97,165,532,56,186,67],"class_list":{"0":"post-2778","1":"product","2":"type-product","3":"status-publish","4":"has-post-thumbnail","6":"product_brand-armaf","7":"product_cat-perfumes-y-fragancias","8":"product_tag-almizcle","9":"product_tag-ambar","10":"product_tag-bergamota","11":"product_tag-caramelo","12":"product_tag-frambuesa","13":"product_tag-fresa","14":"product_tag-fruta-de-la-pasion","15":"product_tag-jazmin","16":"product_tag-melocoton","17":"product_tag-pachuli","19":"first","20":"instock","21":"taxable","22":"shipping-taxable","23":"product-type-simple"},"_links":{"self":[{"href":"https:\/\/novaluxeurope.com\/en\/wp-json\/wp\/v2\/product\/2778","targetHints":{"allow":["GET"]}}],"collection":[{"href":"https:\/\/novaluxeurope.com\/en\/wp-json\/wp\/v2\/product"}],"about":[{"href":"https:\/\/novaluxeurope.com\/en\/wp-json\/wp\/v2\/types\/product"}],"replies":[{"embeddable":true,"href":"https:\/\/novaluxeurope.com\/en\/wp-json\/wp\/v2\/comments?post=2778"}],"wp:featuredmedia":[{"embeddable":true,"href":"https:\/\/novaluxeurope.com\/en\/wp-json\/wp\/v2\/media\/2777"}],"wp:attachment":[{"href":"https:\/\/novaluxeurope.com\/en\/wp-json\/wp\/v2\/media?parent=2778"}],"wp:term":[{"taxonomy":"product_brand","embeddable":true,"href":"https:\/\/novaluxeurope.com\/en\/wp-json\/wp\/v2\/product_brand?post=2778"},{"taxonomy":"product_cat","embeddable":true,"href":"https:\/\/novaluxeurope.com\/en\/wp-json\/wp\/v2\/product_cat?post=2778"},{"taxonomy":"product_tag","embeddable":true,"href":"https:\/\/novaluxeurope.com\/en\/wp-json\/wp\/v2\/product_tag?post=2778"}],"curies":[{"name":"wp","href":"https:\/\/api.w.org\/{rel}","templated":true}]}}