{"id":2775,"date":"2026-04-10T23:51:11","date_gmt":"2026-04-10T23:51:11","guid":{"rendered":"https:\/\/novaluxeurope.com\/producto\/armaf-odyssey-black-forest\/"},"modified":"2026-05-06T20:29:17","modified_gmt":"2026-05-06T20:29:17","slug":"armaf-odyssey-black-forest","status":"publish","type":"product","link":"https:\/\/novaluxeurope.com\/en\/product\/armaf-odyssey-black-forest\/","title":{"rendered":"Armaf Odyssey Black Forest"},"content":{"rendered":"<p>Olv\u00eddate de las reglas, los l\u00edmites y los obst\u00e1culos. El eau de parfum unisex Armaf Odyssey Black Forest es perfecto para cualquier persona que no tenga miedo a destacar.<\/p>\n<ul>\n<li>fragancia gourmand<\/li>\n<li>fragancia dulce<\/li>\n<li>fragancia oriental<\/li>\n<li>para todas aquellas personas que no tienen miedo a destacar<\/li>\n<li>fragancia c\u00e1lida, ideal para las \u00e9pocas fr\u00edas<\/li>\n<li>fragancia original para las ocasiones especiales<\/li>\n<li>fragancia unisex<\/li>\n<\/ul>\n<h4>Pir\u00e1mide olfativa<\/h4>\n<ul>\n<li><strong>Notas de entrada:<\/strong> flores, canela, cerezo, leche, caramelo<\/li>\n<li><strong>Notas de coraz\u00f3n:<\/strong> d\u00e1tiles, nuez moscada, miel<\/li>\n<li><strong>Notas de salida:<\/strong> almizcle, pralin\u00e9, haba tonka, notas amaderadas, vainilla<\/li>\n<\/ul>","protected":false},"excerpt":{"rendered":"<p>Olv\u00eddate de las reglas, los l\u00edmites y los obst\u00e1culos. El eau de parfum unisex Armaf Odyssey Black Forest es perfecto para cualquier persona que no tenga miedo a destacar. fragancia gourmand fragancia dulce fragancia oriental para todas aquellas personas que no tienen miedo a destacar fragancia c\u00e1lida, ideal para las \u00e9pocas fr\u00edas fragancia original para [&hellip;]<\/p>\n","protected":false},"featured_media":2774,"comment_status":"open","ping_status":"closed","template":"","meta":[],"product_brand":[535],"product_cat":[225],"product_tag":[59,94,60,118,218,246,79,146,200,179,95,159,63],"class_list":{"0":"post-2775","1":"product","2":"type-product","3":"status-publish","4":"has-post-thumbnail","6":"product_brand-armaf","7":"product_cat-perfumes-y-fragancias","8":"product_tag-almizcle","9":"product_tag-canela","10":"product_tag-caramelo","11":"product_tag-cerezo","12":"product_tag-datiles","13":"product_tag-flores","14":"product_tag-haba-tonka","15":"product_tag-leche","16":"product_tag-miel","17":"product_tag-notas-amaderadas","18":"product_tag-nuez-moscada","19":"product_tag-praline","20":"product_tag-vainilla","22":"first","23":"instock","24":"taxable","25":"shipping-taxable","26":"product-type-simple"},"_links":{"self":[{"href":"https:\/\/novaluxeurope.com\/en\/wp-json\/wp\/v2\/product\/2775","targetHints":{"allow":["GET"]}}],"collection":[{"href":"https:\/\/novaluxeurope.com\/en\/wp-json\/wp\/v2\/product"}],"about":[{"href":"https:\/\/novaluxeurope.com\/en\/wp-json\/wp\/v2\/types\/product"}],"replies":[{"embeddable":true,"href":"https:\/\/novaluxeurope.com\/en\/wp-json\/wp\/v2\/comments?post=2775"}],"wp:featuredmedia":[{"embeddable":true,"href":"https:\/\/novaluxeurope.com\/en\/wp-json\/wp\/v2\/media\/2774"}],"wp:attachment":[{"href":"https:\/\/novaluxeurope.com\/en\/wp-json\/wp\/v2\/media?parent=2775"}],"wp:term":[{"taxonomy":"product_brand","embeddable":true,"href":"https:\/\/novaluxeurope.com\/en\/wp-json\/wp\/v2\/product_brand?post=2775"},{"taxonomy":"product_cat","embeddable":true,"href":"https:\/\/novaluxeurope.com\/en\/wp-json\/wp\/v2\/product_cat?post=2775"},{"taxonomy":"product_tag","embeddable":true,"href":"https:\/\/novaluxeurope.com\/en\/wp-json\/wp\/v2\/product_tag?post=2775"}],"curies":[{"name":"wp","href":"https:\/\/api.w.org\/{rel}","templated":true}]}}