{"id":2772,"date":"2026-04-10T23:51:09","date_gmt":"2026-04-10T23:51:09","guid":{"rendered":"https:\/\/novaluxeurope.com\/producto\/armaf-odyssey-ba-ha-mas\/"},"modified":"2026-05-06T20:29:17","modified_gmt":"2026-05-06T20:29:17","slug":"armaf-odyssey-ba-ha-mas","status":"publish","type":"product","link":"https:\/\/novaluxeurope.com\/en\/product\/armaf-odyssey-ba-ha-mas\/","title":{"rendered":"Armaf Odyssey BA HA MAS"},"content":{"rendered":"<p>El eau de parfum unisex Armaf Odyssey BA HA MAS refleja una armon\u00eda perfecta entre frescor y notas frutales. Esta fragancia repleta de radiante energ\u00eda se convertir\u00e1 en tu compa\u00f1era imprescindible no solo durante el verano.<\/p>\n<ul>\n<li>fragancia acu\u00e1tica con notas marinas<\/li>\n<li>fragancia frutal<\/li>\n<li>fragancia fresca y pura<\/li>\n<li>para personas con un estilo no convencional<\/li>\n<li>fragancia original para una personalidad original<\/li>\n<li>fragancia fresca, ideal para las \u00e9pocas c\u00e1lidas<\/li>\n<li>fragancia unisex<\/li>\n<\/ul>\n<h4>Pir\u00e1mide olfativa<\/h4>\n<ul>\n<li><strong>Notas de entrada:<\/strong> alga, mel\u00f3n cantalupe, manzana Granny Smith, pera, ciruela, sal<\/li>\n<li><strong>Notas de coraz\u00f3n:<\/strong> musgo de roble, notas marinas, nen\u00fafar, incenso<\/li>\n<li><strong>Notas de salida:<\/strong> \u00e1mbar, madera de cedro, almizcle, az\u00facar<\/li>\n<\/ul>","protected":false},"excerpt":{"rendered":"<p>El eau de parfum unisex Armaf Odyssey BA HA MAS refleja una armon\u00eda perfecta entre frescor y notas frutales. Esta fragancia repleta de radiante energ\u00eda se convertir\u00e1 en tu compa\u00f1era imprescindible no solo durante el verano. fragancia acu\u00e1tica con notas marinas fragancia frutal fragancia fresca y pura para personas con un estilo no convencional fragancia [&hellip;]<\/p>\n","protected":false},"featured_media":2771,"comment_status":"open","ping_status":"closed","template":"","meta":[],"product_brand":[535],"product_cat":[225],"product_tag":[537,59,52,114,198,185,46,100,538,61,136,312,112,142],"class_list":{"0":"post-2772","1":"product","2":"type-product","3":"status-publish","4":"has-post-thumbnail","6":"product_brand-armaf","7":"product_cat-perfumes-y-fragancias","8":"product_tag-alga","9":"product_tag-almizcle","10":"product_tag-ambar","11":"product_tag-azucar","12":"product_tag-ciruela","13":"product_tag-incenso","14":"product_tag-madera-de-cedro","15":"product_tag-manzana-granny-smith","16":"product_tag-melon-cantalupe","17":"product_tag-musgo-de-roble","18":"product_tag-nenufar","19":"product_tag-notas-marinas","20":"product_tag-pera","21":"product_tag-sal","23":"first","24":"instock","25":"taxable","26":"shipping-taxable","27":"product-type-simple"},"_links":{"self":[{"href":"https:\/\/novaluxeurope.com\/en\/wp-json\/wp\/v2\/product\/2772","targetHints":{"allow":["GET"]}}],"collection":[{"href":"https:\/\/novaluxeurope.com\/en\/wp-json\/wp\/v2\/product"}],"about":[{"href":"https:\/\/novaluxeurope.com\/en\/wp-json\/wp\/v2\/types\/product"}],"replies":[{"embeddable":true,"href":"https:\/\/novaluxeurope.com\/en\/wp-json\/wp\/v2\/comments?post=2772"}],"wp:featuredmedia":[{"embeddable":true,"href":"https:\/\/novaluxeurope.com\/en\/wp-json\/wp\/v2\/media\/2771"}],"wp:attachment":[{"href":"https:\/\/novaluxeurope.com\/en\/wp-json\/wp\/v2\/media?parent=2772"}],"wp:term":[{"taxonomy":"product_brand","embeddable":true,"href":"https:\/\/novaluxeurope.com\/en\/wp-json\/wp\/v2\/product_brand?post=2772"},{"taxonomy":"product_cat","embeddable":true,"href":"https:\/\/novaluxeurope.com\/en\/wp-json\/wp\/v2\/product_cat?post=2772"},{"taxonomy":"product_tag","embeddable":true,"href":"https:\/\/novaluxeurope.com\/en\/wp-json\/wp\/v2\/product_tag?post=2772"}],"curies":[{"name":"wp","href":"https:\/\/api.w.org\/{rel}","templated":true}]}}