{"id":2768,"date":"2026-04-10T23:51:05","date_gmt":"2026-04-10T23:51:05","guid":{"rendered":"https:\/\/novaluxeurope.com\/producto\/armaf-club-de-nuit-man-intense\/"},"modified":"2026-05-08T20:00:40","modified_gmt":"2026-05-08T20:00:40","slug":"armaf-club-de-nuit-man-intense","status":"publish","type":"product","link":"https:\/\/novaluxeurope.com\/en\/product\/armaf-club-de-nuit-man-intense\/","title":{"rendered":"Armaf Club de Nuit Man Intense"},"content":{"rendered":"<p>Provoca con tu masculinidad. Su esencia se esconde en el eau de toilette para hombre Armaf Club de Nuit Man Intense y tambi\u00e9n puede ser tuya. Los acordes cl\u00e1sicos de esta fragancia se complementan con unas atractivas notas frutales y florales que aseguran que quien la lleve atraer\u00e1 la atenci\u00f3n en cualquier situaci\u00f3n.<\/p>\n<ul>\n<li>fragancia amaderada especiada con un toque frutal<\/li>\n<li>para hombres de todas las edades<\/li>\n<li>para uso diario<\/li>\n<\/ul>\n<p> <strong>Composici\u00f3n de la fragancia:<\/strong><br \/>Al comienzo de la composici\u00f3n arom\u00e1tica, te refrescar\u00e1n el lim\u00f3n y la bergamota con la inusual pi\u00f1a y la grosella negra, seguidos del arom\u00e1tico y embriagador jazm\u00edn y la delicada rosa junto con el abedul. Al final, se esparce una gota de vainilla dulce y c\u00e1lida completada por almizcle, \u00e1mbar y pachuli.<\/p>\n<p> <strong>Historia de la fragancia:<\/strong><br \/>La fragancia Armaf Club de Nuit Man Intense lleva siendo muy popular entre los hombres desde el a\u00f1o 2014, cuando se lanz\u00f3 al mercado. A nivel mundial, se la considera una alternativa al perfume de lujo Creed Aventus.<\/p>\n<h4>Pir\u00e1mide olfativa<\/h4>\n<ul>\n<li><strong>Notas de entrada:<\/strong> pi\u00f1a, grosella negra, manzana, bergamota, lim\u00f3n<\/li>\n<li><strong>Notas de coraz\u00f3n:<\/strong> abedul, jazm\u00edn, rosa<\/li>\n<li><strong>Notas de salida:<\/strong> pachuli, almizcle, vainilla, \u00e1mbar gris<\/li>\n<\/ul>","protected":false},"excerpt":{"rendered":"<p>Provoca con tu masculinidad. Su esencia se esconde en el eau de toilette para hombre Armaf Club de Nuit Man Intense y tambi\u00e9n puede ser tuya. Los acordes cl\u00e1sicos de esta fragancia se complementan con unas atractivas notas frutales y florales que aseguran que quien la lleve atraer\u00e1 la atenci\u00f3n en cualquier situaci\u00f3n. fragancia amaderada [&hellip;]<\/p>\n","protected":false},"featured_media":2767,"comment_status":"open","ping_status":"closed","template":"","meta":[],"product_brand":[535],"product_cat":[225],"product_tag":[86,59,64,102,111,56,140,88,67,101,49,63],"class_list":{"0":"post-2768","1":"product","2":"type-product","3":"status-publish","4":"has-post-thumbnail","6":"product_brand-armaf","7":"product_cat-perfumes-y-fragancias","8":"product_tag-abedul","9":"product_tag-almizcle","10":"product_tag-ambar-gris","11":"product_tag-bergamota","12":"product_tag-grosella-negra","13":"product_tag-jazmin","14":"product_tag-limon","15":"product_tag-manzana","16":"product_tag-pachuli","17":"product_tag-pina","18":"product_tag-rosa","19":"product_tag-vainilla","21":"first","22":"outofstock","23":"taxable","24":"shipping-taxable","25":"product-type-simple"},"_links":{"self":[{"href":"https:\/\/novaluxeurope.com\/en\/wp-json\/wp\/v2\/product\/2768","targetHints":{"allow":["GET"]}}],"collection":[{"href":"https:\/\/novaluxeurope.com\/en\/wp-json\/wp\/v2\/product"}],"about":[{"href":"https:\/\/novaluxeurope.com\/en\/wp-json\/wp\/v2\/types\/product"}],"replies":[{"embeddable":true,"href":"https:\/\/novaluxeurope.com\/en\/wp-json\/wp\/v2\/comments?post=2768"}],"wp:featuredmedia":[{"embeddable":true,"href":"https:\/\/novaluxeurope.com\/en\/wp-json\/wp\/v2\/media\/2767"}],"wp:attachment":[{"href":"https:\/\/novaluxeurope.com\/en\/wp-json\/wp\/v2\/media?parent=2768"}],"wp:term":[{"taxonomy":"product_brand","embeddable":true,"href":"https:\/\/novaluxeurope.com\/en\/wp-json\/wp\/v2\/product_brand?post=2768"},{"taxonomy":"product_cat","embeddable":true,"href":"https:\/\/novaluxeurope.com\/en\/wp-json\/wp\/v2\/product_cat?post=2768"},{"taxonomy":"product_tag","embeddable":true,"href":"https:\/\/novaluxeurope.com\/en\/wp-json\/wp\/v2\/product_tag?post=2768"}],"curies":[{"name":"wp","href":"https:\/\/api.w.org\/{rel}","templated":true}]}}