{"id":2759,"date":"2026-04-10T23:51:00","date_gmt":"2026-04-10T23:51:00","guid":{"rendered":"https:\/\/novaluxeurope.com\/producto\/armaf-odyssey-limoni-limited-edition-edp-u-100-ml\/"},"modified":"2026-05-08T12:01:35","modified_gmt":"2026-05-08T12:01:35","slug":"armaf-odyssey-limoni-limited-edition-edp-u-100-ml","status":"publish","type":"product","link":"https:\/\/novaluxeurope.com\/en\/product\/armaf-odyssey-limoni-limited-edition-edp-u-100-ml\/","title":{"rendered":"Armaf Odyssey Limoni Limited Edition"},"content":{"rendered":"<p>Descubra el radiante encanto de Odyssey Limoni de Armaf , una impresionante Eau de Parfum unisex que se lanzar\u00e1 en 2024. Inspirada en las ricas tradiciones perfumistas de los Emiratos \u00c1rabes Unidos, esta fragancia de 100 ml ofrece una vibrante fusi\u00f3n de notas c\u00edtricas y arom\u00e1ticas, capturando el esp\u00edritu de la elegancia ba\u00f1ada por el sol y la frescura refinada. Odyssey Limoni se abre con una mezcla brillante y picante de lim\u00f3n, naranja dulce, bergamota y mandarina, que ofrece una primera impresi\u00f3n energizante que despierta los sentidos al instante. A medida que la fragancia evoluciona, revela un animado coraz\u00f3n de jengibre, flor de azahar y un sutil acorde marino, creando un toque fresco y especiado con complejidad arom\u00e1tica. La base presenta una mezcla suave y acogedora de \u00e1mbar, almizcle y t\u00e9 azul, que envuelve la fragancia en un acabado c\u00e1lido, terroso y ligeramente ex\u00f3tico. Esta equilibrada composici\u00f3n hace de Odyssey Limoni una fragancia vers\u00e1til, ideal para cualquier estaci\u00f3n, ocasi\u00f3n o estado de \u00e1nimo. Elaborada por la prestigiosa casa Armaf, esta fragancia es un tributo a su dedicaci\u00f3n a la creaci\u00f3n de aromas lujosos e innovadores. Arraigada en el coraz\u00f3n del arte de Oriente Medio, Odyssey Limoni es un cl\u00e1sico contempor\u00e1neo que a\u00fana tradici\u00f3n y elegancia moderna. NOTAS DE PERFUME Notas de salida : Lim\u00f3n, Naranja dulce, Bergamota, Mandarina Notas medias : Jengibre, Azahar, Acorde Marino Notas de Fondo : \u00c1mbar, almizcle, t\u00e9 azul<\/p>\n<h4>Pir\u00e1mide olfativa<\/h4>\n<ul>\n<li><strong>Notas de entrada:<\/strong> Lim\u00f3n, Naranja dulce, Bergamota, Mandar\u00edn<\/li>\n<li><strong>Notas de coraz\u00f3n:<\/strong> Jengibre, Azahar, Acuerdo marino<\/li>\n<li><strong>Notas de salida:<\/strong> \u00c1mbar, Almizcle, T\u00e9 azul<\/li>\n<\/ul>","protected":false},"excerpt":{"rendered":"<p>Descubra el radiante encanto de Odyssey Limoni de Armaf , una impresionante Eau de Parfum unisex que se lanzar\u00e1 en 2024. Inspirada en las ricas tradiciones perfumistas de los Emiratos \u00c1rabes Unidos, esta fragancia de 100 ml ofrece una vibrante fusi\u00f3n de notas c\u00edtricas y arom\u00e1ticas, capturando el esp\u00edritu de la elegancia ba\u00f1ada por el [&hellip;]<\/p>\n","protected":false},"featured_media":2758,"comment_status":"open","ping_status":"closed","template":"","meta":[],"product_brand":[535],"product_cat":[225],"product_tag":[533,59,52,353,102,180,140,122,151,534],"class_list":{"0":"post-2759","1":"product","2":"type-product","3":"status-publish","4":"has-post-thumbnail","6":"product_brand-armaf","7":"product_cat-perfumes-y-fragancias","8":"product_tag-acuerdo-marino","9":"product_tag-almizcle","10":"product_tag-ambar","11":"product_tag-azahar","12":"product_tag-bergamota","13":"product_tag-jengibre","14":"product_tag-limon","15":"product_tag-mandarin","16":"product_tag-naranja-dulce","17":"product_tag-te-azul","19":"first","20":"instock","21":"taxable","22":"shipping-taxable","23":"product-type-simple"},"_links":{"self":[{"href":"https:\/\/novaluxeurope.com\/en\/wp-json\/wp\/v2\/product\/2759","targetHints":{"allow":["GET"]}}],"collection":[{"href":"https:\/\/novaluxeurope.com\/en\/wp-json\/wp\/v2\/product"}],"about":[{"href":"https:\/\/novaluxeurope.com\/en\/wp-json\/wp\/v2\/types\/product"}],"replies":[{"embeddable":true,"href":"https:\/\/novaluxeurope.com\/en\/wp-json\/wp\/v2\/comments?post=2759"}],"wp:featuredmedia":[{"embeddable":true,"href":"https:\/\/novaluxeurope.com\/en\/wp-json\/wp\/v2\/media\/2758"}],"wp:attachment":[{"href":"https:\/\/novaluxeurope.com\/en\/wp-json\/wp\/v2\/media?parent=2759"}],"wp:term":[{"taxonomy":"product_brand","embeddable":true,"href":"https:\/\/novaluxeurope.com\/en\/wp-json\/wp\/v2\/product_brand?post=2759"},{"taxonomy":"product_cat","embeddable":true,"href":"https:\/\/novaluxeurope.com\/en\/wp-json\/wp\/v2\/product_cat?post=2759"},{"taxonomy":"product_tag","embeddable":true,"href":"https:\/\/novaluxeurope.com\/en\/wp-json\/wp\/v2\/product_tag?post=2759"}],"curies":[{"name":"wp","href":"https:\/\/api.w.org\/{rel}","templated":true}]}}