{"id":2739,"date":"2026-04-10T15:51:43","date_gmt":"2026-04-10T15:51:43","guid":{"rendered":"https:\/\/novaluxeurope.com\/producto\/spray-ajayeb-dubai-portrait-100ml\/"},"modified":"2026-05-08T16:01:13","modified_gmt":"2026-05-08T16:01:13","slug":"spray-ajayeb-dubai-portrait-100ml","status":"publish","type":"product","link":"https:\/\/novaluxeurope.com\/en\/product\/spray-ajayeb-dubai-portrait-100ml\/","title":{"rendered":"Spray Ajayeb Dubai Portrait"},"content":{"rendered":"<p>Presentamos la seductora y \u00fanica Ajayeb Dubai Portrait de Lattafa, una fragancia unisex que trasciende los l\u00edmites convencionales del aroma. Este tentador Eau de Parfum Spray es una mezcla perfecta de notas tradicionales y modernas que crea una fragancia que puede ser disfrutada tanto por hombres como por mujeres. Su cautivador aroma es un homenaje a la cosmopolita ciudad de Dubai, que encarna la diversa cultura y el vibrante estilo de vida de sus habitantes. Lanzado en el a\u00f1o 2023, Ajayeb Dubai Portrait es una extraordinaria mezcla de notas exquisitas que crean un aroma irresistible. Las notas de salida se abren con un refrescante estallido de naranja picante y lim\u00f3n vigorizante, despertando los sentidos en un vibrante y din\u00e1mico viaje olfativo. A medida que la fragancia evoluciona, entran en juego las notas de coraz\u00f3n del ex\u00f3tico Osmanthus, el sensual Jazm\u00edn y el tropical Mango, que aportan un toque dulce y floral a la composici\u00f3n. A medida que la fragancia se asienta, las notas de fondo de c\u00e1lido S\u00e1ndalo , rico \u00c1mbar , sensual Almizcle , y el real Oud toman protagonismo, creando una impresi\u00f3n duradera e inolvidable. Esta fragancia es una exquisita obra maestra que deja una estela de misterio y encanto all\u00e1 donde vaya. El frasco de 100 ml garantiza que tendr\u00e1 suficiente cantidad de este encantador aroma para toda la vida, convirti\u00e9ndolo en un complemento esencial de su colecci\u00f3n de fragancias. Cada pulverizaci\u00f3n del frasco de Lattafa Unisex Ajayeb Dubai Portrait EDP desbloquea una experiencia de fragancia \u00fanica, por lo que es una opci\u00f3n perfecta para las personas que aprecian el arte de la perfumer\u00eda fina. NOTAS DE PERFUME Notas altas: Naranja, Lim\u00f3n Notas medias: Jazm\u00edn, Mango, Osmanthus Notas de Fondo: \u00c1mbar, S\u00e1ndalo, Almizcle, Oud<\/p>\n<h4>Pir\u00e1mide olfativa<\/h4>\n<ul>\n<li><strong>Notas de entrada:<\/strong> Naranja, Lim\u00f3n<\/li>\n<li><strong>Notas de coraz\u00f3n:<\/strong> Jazm\u00edn, Mango, Osmanthus<\/li>\n<li><strong>Notas de salida:<\/strong> \u00c1mbar, S\u00e1ndalo, Almizcle, Oud<\/li>\n<\/ul>","protected":false},"excerpt":{"rendered":"<p>Presentamos la seductora y \u00fanica Ajayeb Dubai Portrait de Lattafa, una fragancia unisex que trasciende los l\u00edmites convencionales del aroma. Este tentador Eau de Parfum Spray es una mezcla perfecta de notas tradicionales y modernas que crea una fragancia que puede ser disfrutada tanto por hombres como por mujeres. Su cautivador aroma es un homenaje [&hellip;]<\/p>\n","protected":false},"featured_media":2738,"comment_status":"open","ping_status":"closed","template":"","meta":[],"product_brand":[310],"product_cat":[225],"product_tag":[59,52,56,140,190,98,392,48,174],"class_list":{"0":"post-2739","1":"product","2":"type-product","3":"status-publish","4":"has-post-thumbnail","6":"product_brand-lattafa","7":"product_cat-perfumes-y-fragancias","8":"product_tag-almizcle","9":"product_tag-ambar","10":"product_tag-jazmin","11":"product_tag-limon","12":"product_tag-mango","13":"product_tag-naranja","14":"product_tag-osmanthus","15":"product_tag-oud","16":"product_tag-sandalo","18":"first","19":"instock","20":"taxable","21":"shipping-taxable","22":"product-type-simple"},"_links":{"self":[{"href":"https:\/\/novaluxeurope.com\/en\/wp-json\/wp\/v2\/product\/2739","targetHints":{"allow":["GET"]}}],"collection":[{"href":"https:\/\/novaluxeurope.com\/en\/wp-json\/wp\/v2\/product"}],"about":[{"href":"https:\/\/novaluxeurope.com\/en\/wp-json\/wp\/v2\/types\/product"}],"replies":[{"embeddable":true,"href":"https:\/\/novaluxeurope.com\/en\/wp-json\/wp\/v2\/comments?post=2739"}],"wp:featuredmedia":[{"embeddable":true,"href":"https:\/\/novaluxeurope.com\/en\/wp-json\/wp\/v2\/media\/2738"}],"wp:attachment":[{"href":"https:\/\/novaluxeurope.com\/en\/wp-json\/wp\/v2\/media?parent=2739"}],"wp:term":[{"taxonomy":"product_brand","embeddable":true,"href":"https:\/\/novaluxeurope.com\/en\/wp-json\/wp\/v2\/product_brand?post=2739"},{"taxonomy":"product_cat","embeddable":true,"href":"https:\/\/novaluxeurope.com\/en\/wp-json\/wp\/v2\/product_cat?post=2739"},{"taxonomy":"product_tag","embeddable":true,"href":"https:\/\/novaluxeurope.com\/en\/wp-json\/wp\/v2\/product_tag?post=2739"}],"curies":[{"name":"wp","href":"https:\/\/api.w.org\/{rel}","templated":true}]}}