{"id":2732,"date":"2026-04-10T15:51:41","date_gmt":"2026-04-10T15:51:41","guid":{"rendered":"https:\/\/novaluxeurope.com\/producto\/lattafa-yara-tous-edp-w-100-ml\/"},"modified":"2026-05-09T11:19:12","modified_gmt":"2026-05-09T11:19:12","slug":"lattafa-yara-tous-edp-w-100-ml","status":"publish","type":"product","link":"https:\/\/novaluxeurope.com\/en\/product\/lattafa-yara-tous-edp-w-100-ml\/","title":{"rendered":"Lattafa Yara Tous"},"content":{"rendered":"<p>Experimente el cautivador encanto de Yara Tous de Lattafa , una fragancia unisex lanzada en 2023. Esta arom\u00e1tica fragancia afrutada le transportar\u00e1 a un mundo de elegancia tropical y sofisticaci\u00f3n. Esta fragancia meticulosamente elaborada comienza con vigorizantes notas de salida de coco, mango y fruta de la pasi\u00f3n, que crean una apertura refrescante y ex\u00f3tica. A medida que la fragancia se desarrolla, revela un coraz\u00f3n de delicado heliotropo, encantador jazm\u00edn y radiante flor de azahar. Estas notas de coraz\u00f3n se mezclan armoniosamente, a\u00f1adiendo profundidad y complejidad a la fragancia. Por \u00faltimo, las notas de fondo de cachemira, vainilla cremosa y almizcle sensual dejan una impresi\u00f3n duradera, c\u00e1lida y acogedora. Lattafa, una prestigiosa casa de dise\u00f1o de los Emiratos \u00c1rabes Unidos, es conocida por sus exquisitas fragancias de Oriente Medio. Yara Tous es un testimonio de su dedicaci\u00f3n a la calidad y la innovaci\u00f3n. Este vaporizador EDP de 100 ml es perfecto para quienes aprecian una fragancia equilibrada y vers\u00e1til que pueda llevarse en cualquier ocasi\u00f3n. Con su mezcla \u00fanica de notas arom\u00e1ticas y afrutadas, Yara Tous se convertir\u00e1 en su nueva fragancia de cabecera. La fragancia est\u00e1 dise\u00f1ada para atraer tanto a hombres como a mujeres, por lo que es una adici\u00f3n vers\u00e1til a cualquier colecci\u00f3n de fragancias. NOTAS DE PERFUME Notas de salida: Coco, Mango, Fruta de la pasi\u00f3n Notas medias: Jazm\u00edn, Heliotropo, Azahar Notas de Fondo: Cashmeran, Vainilla, Almizcle<\/p>\n<h4>Pir\u00e1mide olfativa<\/h4>\n<ul>\n<li><strong>Notas de entrada:<\/strong> Coco, Mango, Fruta de la pasi\u00f3n<\/li>\n<li><strong>Notas de coraz\u00f3n:<\/strong> Jazm\u00edn, Heliotropo, Azahar<\/li>\n<li><strong>Notas de salida:<\/strong> Cashmeran, Vainilla, Almizcle<\/li>\n<\/ul>","protected":false},"excerpt":{"rendered":"<p>Experimente el cautivador encanto de Yara Tous de Lattafa , una fragancia unisex lanzada en 2023. Esta arom\u00e1tica fragancia afrutada le transportar\u00e1 a un mundo de elegancia tropical y sofisticaci\u00f3n. Esta fragancia meticulosamente elaborada comienza con vigorizantes notas de salida de coco, mango y fruta de la pasi\u00f3n, que crean una apertura refrescante y ex\u00f3tica. [&hellip;]<\/p>\n","protected":false},"featured_media":2731,"comment_status":"open","ping_status":"closed","template":"","meta":[],"product_brand":[310],"product_cat":[225],"product_tag":[59,353,121,144,532,217,56,190,63],"class_list":{"0":"post-2732","1":"product","2":"type-product","3":"status-publish","4":"has-post-thumbnail","6":"product_brand-lattafa","7":"product_cat-perfumes-y-fragancias","8":"product_tag-almizcle","9":"product_tag-azahar","10":"product_tag-cashmeran","11":"product_tag-coco","12":"product_tag-fruta-de-la-pasion","13":"product_tag-heliotropo","14":"product_tag-jazmin","15":"product_tag-mango","16":"product_tag-vainilla","18":"first","19":"instock","20":"taxable","21":"shipping-taxable","22":"product-type-simple"},"_links":{"self":[{"href":"https:\/\/novaluxeurope.com\/en\/wp-json\/wp\/v2\/product\/2732","targetHints":{"allow":["GET"]}}],"collection":[{"href":"https:\/\/novaluxeurope.com\/en\/wp-json\/wp\/v2\/product"}],"about":[{"href":"https:\/\/novaluxeurope.com\/en\/wp-json\/wp\/v2\/types\/product"}],"replies":[{"embeddable":true,"href":"https:\/\/novaluxeurope.com\/en\/wp-json\/wp\/v2\/comments?post=2732"}],"wp:featuredmedia":[{"embeddable":true,"href":"https:\/\/novaluxeurope.com\/en\/wp-json\/wp\/v2\/media\/2731"}],"wp:attachment":[{"href":"https:\/\/novaluxeurope.com\/en\/wp-json\/wp\/v2\/media?parent=2732"}],"wp:term":[{"taxonomy":"product_brand","embeddable":true,"href":"https:\/\/novaluxeurope.com\/en\/wp-json\/wp\/v2\/product_brand?post=2732"},{"taxonomy":"product_cat","embeddable":true,"href":"https:\/\/novaluxeurope.com\/en\/wp-json\/wp\/v2\/product_cat?post=2732"},{"taxonomy":"product_tag","embeddable":true,"href":"https:\/\/novaluxeurope.com\/en\/wp-json\/wp\/v2\/product_tag?post=2732"}],"curies":[{"name":"wp","href":"https:\/\/api.w.org\/{rel}","templated":true}]}}