{"id":2725,"date":"2026-04-10T15:51:39","date_gmt":"2026-04-10T15:51:39","guid":{"rendered":"https:\/\/novaluxeurope.com\/producto\/lattafa-yara-moi-edp-w-100-ml\/"},"modified":"2026-05-09T11:19:12","modified_gmt":"2026-05-09T11:19:12","slug":"lattafa-yara-moi-edp-w-100-ml","status":"publish","type":"product","link":"https:\/\/novaluxeurope.com\/en\/product\/lattafa-yara-moi-edp-w-100-ml\/","title":{"rendered":"Lattafa Yara"},"content":{"rendered":"<p>Descubra el encanto de Yara Moi de Lattafa, una fragancia cautivadora creada exclusivamente para mujeres. Disfrute del viaje sensorial de este perfume amaderado ambarino, que combina a la perfecci\u00f3n la elegancia del jazm\u00edn y la dulzura del melocot\u00f3n en sus notas de salida. A medida que la fragancia se despliega, el coraz\u00f3n revela una rica mezcla de \u00e1mbar y caramelo, que evoca calidez y sofisticaci\u00f3n. Las notas de fondo son una armoniosa fusi\u00f3n de s\u00e1ndalo y pachul\u00ed, que dejan una impresi\u00f3n duradera de profundidad y terrosidad. Yara Moi, conocida cari\u00f1osamente como la Yara Blanca, es una de las \u00faltimas novedades 2022 de Lattafa, surgida de la vibrante ciudad de Dubai. Este exquisito Eau de Parfum Spray, de 100 ml, es m\u00e1s que una fragancia: es una experiencia que celebra la feminidad y la gracia. La casa de dise\u00f1o Lattafa ha demostrado una vez m\u00e1s su maestr\u00eda en la creaci\u00f3n de fragancias que resuenan con elegancia y encanto. Perfecta para quienes aprecian las cosas buenas de la vida, Yara Moi es un testimonio del compromiso de Lattafa con la calidad y la innovaci\u00f3n. Esta fragancia no puede faltar en ninguna colecci\u00f3n de perfumes, ya que cautiva los sentidos y es duradera. Abrace la magia de Yara Moi y deje que su fragante melod\u00eda le acompa\u00f1e en sus aventuras diarias. NOTAS DE PERFUME Notas de salida: Melocot\u00f3n, Jazm\u00edn Notas medias: Caramelo, \u00c1mbar Notas de Fondo: Pachul\u00ed, S\u00e1ndalo<\/p>\n<h4>Pir\u00e1mide olfativa<\/h4>\n<ul>\n<li><strong>Notas de entrada:<\/strong> Melocot\u00f3n, Jazm\u00edn<\/li>\n<li><strong>Notas de coraz\u00f3n:<\/strong> Caramelo, \u00c1mbar<\/li>\n<li><strong>Notas de salida:<\/strong> Pachul\u00ed, S\u00e1ndalo<\/li>\n<\/ul>","protected":false},"excerpt":{"rendered":"<p>Descubra el encanto de Yara Moi de Lattafa, una fragancia cautivadora creada exclusivamente para mujeres. Disfrute del viaje sensorial de este perfume amaderado ambarino, que combina a la perfecci\u00f3n la elegancia del jazm\u00edn y la dulzura del melocot\u00f3n en sus notas de salida. A medida que la fragancia se despliega, el coraz\u00f3n revela una rica [&hellip;]<\/p>\n","protected":false},"featured_media":2724,"comment_status":"open","ping_status":"closed","template":"","meta":[],"product_brand":[310],"product_cat":[225],"product_tag":[52,60,56,186,67,174],"class_list":{"0":"post-2725","1":"product","2":"type-product","3":"status-publish","4":"has-post-thumbnail","6":"product_brand-lattafa","7":"product_cat-perfumes-y-fragancias","8":"product_tag-ambar","9":"product_tag-caramelo","10":"product_tag-jazmin","11":"product_tag-melocoton","12":"product_tag-pachuli","13":"product_tag-sandalo","15":"first","16":"instock","17":"taxable","18":"shipping-taxable","19":"product-type-simple"},"_links":{"self":[{"href":"https:\/\/novaluxeurope.com\/en\/wp-json\/wp\/v2\/product\/2725","targetHints":{"allow":["GET"]}}],"collection":[{"href":"https:\/\/novaluxeurope.com\/en\/wp-json\/wp\/v2\/product"}],"about":[{"href":"https:\/\/novaluxeurope.com\/en\/wp-json\/wp\/v2\/types\/product"}],"replies":[{"embeddable":true,"href":"https:\/\/novaluxeurope.com\/en\/wp-json\/wp\/v2\/comments?post=2725"}],"wp:featuredmedia":[{"embeddable":true,"href":"https:\/\/novaluxeurope.com\/en\/wp-json\/wp\/v2\/media\/2724"}],"wp:attachment":[{"href":"https:\/\/novaluxeurope.com\/en\/wp-json\/wp\/v2\/media?parent=2725"}],"wp:term":[{"taxonomy":"product_brand","embeddable":true,"href":"https:\/\/novaluxeurope.com\/en\/wp-json\/wp\/v2\/product_brand?post=2725"},{"taxonomy":"product_cat","embeddable":true,"href":"https:\/\/novaluxeurope.com\/en\/wp-json\/wp\/v2\/product_cat?post=2725"},{"taxonomy":"product_tag","embeddable":true,"href":"https:\/\/novaluxeurope.com\/en\/wp-json\/wp\/v2\/product_tag?post=2725"}],"curies":[{"name":"wp","href":"https:\/\/api.w.org\/{rel}","templated":true}]}}