{"id":2723,"date":"2026-04-10T15:51:38","date_gmt":"2026-04-10T15:51:38","guid":{"rendered":"https:\/\/novaluxeurope.com\/producto\/lattafa-yara-elixir\/"},"modified":"2026-05-09T11:19:12","modified_gmt":"2026-05-09T11:19:12","slug":"lattafa-yara-elixir","status":"publish","type":"product","link":"https:\/\/novaluxeurope.com\/en\/product\/lattafa-yara-elixir\/","title":{"rendered":"Lattafa Yara Elixir"},"content":{"rendered":"<p dir=\"ltr\"><strong>El elixir de la feminidad<\/strong><\/p>\n<p dir=\"ltr\">El eau de parfum Lattafa Yara Elixir celebra la feminidad atrevida y atractiva. A\u00fana una sensualidad oriental con un dulzor gourmand, dando lugar a una fragancia que resulta tierna y magn\u00e9tica a la vez. El eau de parfum Yara Elixir envuelve tu piel en un aura de calidez y deja una huella inolvidable.<\/p>\n<ul>\n<li value=\"1\">fragancia oriental de vainilla con car\u00e1cter gourmand intenso<\/li>\n<li value=\"2\">ideal para las mujeres a las que les gustan las fragancias dulces y sensuales<\/li>\n<li value=\"3\">ideal para todo el a\u00f1o<\/li>\n<\/ul>\n<p dir=\"ltr\"><strong>Composici\u00f3n de la fragancia:<\/strong><br \/>La fragancia comienza con la deliciosa combinaci\u00f3n de postre s\u2019more con fresas fundidas y jugosa grosella negra. La composici\u00f3n se va desplegando gradualmente hacia un acorde floral, donde el jazm\u00edn se une a la flor de azahar. Las notas de fondo pertenecen a la adictiva combinaci\u00f3n de vainilla, caramelo, \u00e1mbar opulento y sensual almizcle.<\/p>\n<h4>Pir\u00e1mide olfativa<\/h4>\n<ul>\n<li><strong>Notas de entrada:<\/strong> S&#8217;more, fresa, grosella negra<\/li>\n<li><strong>Notas de coraz\u00f3n:<\/strong> jazm\u00edn, p\u00e9talos de flor de naranjo<\/li>\n<li><strong>Notas de salida:<\/strong> \u00e1mbar, caramelo, vainilla, almizcle<\/li>\n<\/ul>","protected":false},"excerpt":{"rendered":"<p>El elixir de la feminidad El eau de parfum Lattafa Yara Elixir celebra la feminidad atrevida y atractiva. A\u00fana una sensualidad oriental con un dulzor gourmand, dando lugar a una fragancia que resulta tierna y magn\u00e9tica a la vez. El eau de parfum Yara Elixir envuelve tu piel en un aura de calidez y deja [&hellip;]<\/p>\n","protected":false},"featured_media":1613,"comment_status":"open","ping_status":"closed","template":"","meta":[],"product_brand":[310],"product_cat":[225],"product_tag":[59,52,60,165,111,56,340,339,63],"class_list":{"0":"post-2723","1":"product","2":"type-product","3":"status-publish","4":"has-post-thumbnail","6":"product_brand-lattafa","7":"product_cat-perfumes-y-fragancias","8":"product_tag-almizcle","9":"product_tag-ambar","10":"product_tag-caramelo","11":"product_tag-fresa","12":"product_tag-grosella-negra","13":"product_tag-jazmin","14":"product_tag-petalos-de-flor-de-naranjo","15":"product_tag-smore","16":"product_tag-vainilla","18":"first","19":"instock","20":"taxable","21":"shipping-taxable","22":"product-type-simple"},"_links":{"self":[{"href":"https:\/\/novaluxeurope.com\/en\/wp-json\/wp\/v2\/product\/2723","targetHints":{"allow":["GET"]}}],"collection":[{"href":"https:\/\/novaluxeurope.com\/en\/wp-json\/wp\/v2\/product"}],"about":[{"href":"https:\/\/novaluxeurope.com\/en\/wp-json\/wp\/v2\/types\/product"}],"replies":[{"embeddable":true,"href":"https:\/\/novaluxeurope.com\/en\/wp-json\/wp\/v2\/comments?post=2723"}],"wp:featuredmedia":[{"embeddable":true,"href":"https:\/\/novaluxeurope.com\/en\/wp-json\/wp\/v2\/media\/1613"}],"wp:attachment":[{"href":"https:\/\/novaluxeurope.com\/en\/wp-json\/wp\/v2\/media?parent=2723"}],"wp:term":[{"taxonomy":"product_brand","embeddable":true,"href":"https:\/\/novaluxeurope.com\/en\/wp-json\/wp\/v2\/product_brand?post=2723"},{"taxonomy":"product_cat","embeddable":true,"href":"https:\/\/novaluxeurope.com\/en\/wp-json\/wp\/v2\/product_cat?post=2723"},{"taxonomy":"product_tag","embeddable":true,"href":"https:\/\/novaluxeurope.com\/en\/wp-json\/wp\/v2\/product_tag?post=2723"}],"curies":[{"name":"wp","href":"https:\/\/api.w.org\/{rel}","templated":true}]}}