{"id":2719,"date":"2026-04-10T15:51:37","date_gmt":"2026-04-10T15:51:37","guid":{"rendered":"https:\/\/novaluxeurope.com\/producto\/lattafa-yara-collection-4-x-25-ml-yara-yara-candy-yara-tous-yara-moi\/"},"modified":"2026-05-08T08:01:31","modified_gmt":"2026-05-08T08:01:31","slug":"lattafa-yara-collection-4-x-25-ml-yara-yara-candy-yara-tous-yara-moi","status":"publish","type":"product","link":"https:\/\/novaluxeurope.com\/en\/product\/lattafa-yara-collection-4-x-25-ml-yara-yara-candy-yara-tous-yara-moi\/","title":{"rendered":"Lattafa Yara Collection 4 x"},"content":{"rendered":"<p>Lattafa Yara Collection 4 \u00d7 25 ml es un set de regalo con cuatro fragancias de la ic\u00f3nica l\u00ednea Yara: Yara , Yara Candy , Yara Tous y Yara Moi . Cada fragancia se presenta en un pr\u00e1ctico frasco de 25 ml, lo que hace que este set sea perfecto para regalar, viajar o para explorar distintos estados de \u00e1nimo olfativos sin comprometerse a comprar un frasco de tama\u00f1o normal. La colecci\u00f3n ofrece un amplio espectro de expresiones femeninas: desde cremosas y dulces notas gourmand, pasando por juguetones acordes tropicales, hasta elegantes firmas florales y amaderadas. EL JUEGO INCLUYE Yara &#8211; una fragancia cremosa, dulce, gourmand y oriental con mandarina y heliotropo en la salida, un coraz\u00f3n tropical y gourmand, y una base de vainilla, s\u00e1ndalo y almizcle. Yara Candy &#8211; una fragancia juvenil, divertida y dulce que estalla con mandarina verde, grosella negra y fresa efervescente en la apertura, seguida de un coraz\u00f3n floral-caramelo y una base de s\u00e1ndalo, jarabe de vainilla, almizcle y \u00e1mbar. Yara Tous: una fragancia tropical floral y golosa con notas de salida de coco, mango y fruta de la pasi\u00f3n, un coraz\u00f3n floral de jazm\u00edn, heliotropo y azahar, y una base cremosa de cachemira, vainilla y almizcle. Yara Moi &#8211; una elegante y c\u00e1lida fragancia femenina con jazm\u00edn y melocot\u00f3n en la salida, un coraz\u00f3n de caramelo y \u00e1mbar y una base de pachul\u00ed y s\u00e1ndalo. Esta colecci\u00f3n le permite a usted o a sus clientes disfrutar de cuatro fragancias llenas de sabor en un elegante estuche. Los frascos compactos de 25 ml hacen que el set sea ideal para viajar, compartir o crear un armario de fragancias vers\u00e1til. NOTAS DE PERFUME Notas de salida: Mandarina, Heliotropo, Orqu\u00eddea (Yara); Mandarina verde, Grosella negra, Fresa efervescente (Yara Candy); Coco, Mango, Fruta de la pasi\u00f3n (Yara Tous); Jazm\u00edn, Melocot\u00f3n (Yara Moi) Notas medias: Tropical\/Gourmand (Yara); Gardenia, Frutas confitadas (Yara Candy); Jazm\u00edn, Heliotropo, Azahar (Yara Tous); Caramelo, \u00c1mbar (Yara Moi) Notas de Fondo: Vainilla, S\u00e1ndalo, Almizcle (Yara); S\u00e1ndalo, Jarabe de Vainilla, Almizcle, \u00c1mbar (Yara Candy); Cachemira, Vainilla, Almizcle (Yara Tous); Pachul\u00ed, S\u00e1ndalo (Yara Moi)<\/p>\n<h4>Pir\u00e1mide olfativa<\/h4>\n<ul>\n<li><strong>Notas de entrada:<\/strong> Mandar\u00edn, Heliotropo, Orqu\u00eddea (Yara); Mandarina verde, Grosella negra, Fresa Fizz (Yara Candy); Coco, Mango, Fruta de la pasi\u00f3n (Yara Tous); Jazm\u00edn, Melocot\u00f3n (Yara Moi)<\/li>\n<li><strong>Notas de coraz\u00f3n:<\/strong> Tropical\/Gourmand (Yara); Gardenia, Frutas confitadas (Yara Candy); Jazm\u00edn, Heliotropo, Azahar (Yara Tous); Caramelo, \u00c1mbar (Yara Moi)<\/li>\n<li><strong>Notas de salida:<\/strong> Vainilla, S\u00e1ndalo, Almizcle (Yara); S\u00e1ndalo, Sirope de vainilla, Almizcle, \u00c1mbar (Yara Candy); Cachemira, Vainilla, Almizcle (Yara Tous); Pachul\u00ed, S\u00e1ndalo (Yara Moi)<\/li>\n<\/ul>","protected":false},"excerpt":{"rendered":"<p>Lattafa Yara Collection 4 \u00d7 25 ml es un set de regalo con cuatro fragancias de la ic\u00f3nica l\u00ednea Yara: Yara , Yara Candy , Yara Tous y Yara Moi . Cada fragancia se presenta en un pr\u00e1ctico frasco de 25 ml, lo que hace que este set sea perfecto para regalar, viajar o para [&hellip;]<\/p>\n","protected":false},"featured_media":2718,"comment_status":"open","ping_status":"closed","template":"","meta":[],"product_brand":[310],"product_cat":[225],"product_tag":[59,520,521,530,531,522,523,524,525,111,217,122,190,526,527,174,528,519,529,63],"class_list":{"0":"post-2719","1":"product","2":"type-product","3":"status-publish","4":"has-post-thumbnail","6":"product_brand-lattafa","7":"product_cat-perfumes-y-fragancias","8":"product_tag-almizcle","9":"product_tag-almizcle-yara-tous-pachuli","10":"product_tag-almizcle-yara-sandalo","11":"product_tag-ambar-yara-candy-cachemira","12":"product_tag-ambar-yara-moi","13":"product_tag-azahar-yara-tous-caramelo","14":"product_tag-fresa-fizz-yara-candy-coco","15":"product_tag-fruta-de-la-pasion-yara-tous-jazmin","16":"product_tag-frutas-confitadas-yara-candy-jazmin","17":"product_tag-grosella-negra","18":"product_tag-heliotropo","19":"product_tag-mandarin","20":"product_tag-mango","21":"product_tag-melocoton-yara-moi","22":"product_tag-orquidea-yara-mandarina-verde","23":"product_tag-sandalo","24":"product_tag-sandalo-yara-moi","25":"product_tag-sirope-de-vainilla","26":"product_tag-tropical-gourmand-yara-gardenia","27":"product_tag-vainilla","29":"first","30":"instock","31":"taxable","32":"shipping-taxable","33":"product-type-simple"},"_links":{"self":[{"href":"https:\/\/novaluxeurope.com\/en\/wp-json\/wp\/v2\/product\/2719","targetHints":{"allow":["GET"]}}],"collection":[{"href":"https:\/\/novaluxeurope.com\/en\/wp-json\/wp\/v2\/product"}],"about":[{"href":"https:\/\/novaluxeurope.com\/en\/wp-json\/wp\/v2\/types\/product"}],"replies":[{"embeddable":true,"href":"https:\/\/novaluxeurope.com\/en\/wp-json\/wp\/v2\/comments?post=2719"}],"wp:featuredmedia":[{"embeddable":true,"href":"https:\/\/novaluxeurope.com\/en\/wp-json\/wp\/v2\/media\/2718"}],"wp:attachment":[{"href":"https:\/\/novaluxeurope.com\/en\/wp-json\/wp\/v2\/media?parent=2719"}],"wp:term":[{"taxonomy":"product_brand","embeddable":true,"href":"https:\/\/novaluxeurope.com\/en\/wp-json\/wp\/v2\/product_brand?post=2719"},{"taxonomy":"product_cat","embeddable":true,"href":"https:\/\/novaluxeurope.com\/en\/wp-json\/wp\/v2\/product_cat?post=2719"},{"taxonomy":"product_tag","embeddable":true,"href":"https:\/\/novaluxeurope.com\/en\/wp-json\/wp\/v2\/product_tag?post=2719"}],"curies":[{"name":"wp","href":"https:\/\/api.w.org\/{rel}","templated":true}]}}