{"id":2712,"date":"2026-04-10T15:51:35","date_gmt":"2026-04-10T15:51:35","guid":{"rendered":"https:\/\/novaluxeurope.com\/producto\/lattafa-yara-candy-edp-w-100-ml\/"},"modified":"2026-05-06T20:29:16","modified_gmt":"2026-05-06T20:29:16","slug":"lattafa-yara-candy-edp-w-100-ml","status":"publish","type":"product","link":"https:\/\/novaluxeurope.com\/en\/product\/lattafa-yara-candy-edp-w-100-ml\/","title":{"rendered":"Lattafa Yara Candy"},"content":{"rendered":"<p>Presentamos el encantador Lattafa Ladies Yara Candy EDP Spray , una deliciosa fragancia dise\u00f1ada para cautivar sus sentidos y evocar la esencia del verano . Lanzado en 2024, este exquisito perfume procede de la renombrada casa de dise\u00f1o de Oriente Medio Lattafa, con sede en los Emiratos \u00c1rabes Unidos. Con un generoso frasco de 100 ml, Yara Candy promete ser un delicioso complemento para su colecci\u00f3n de fragancias. Yara Candy pertenece a la familia olfativa Floral Frutal Gourmand, lo que la convierte en la elecci\u00f3n perfecta para quienes aprecian los aromas dulces y vibrantes. Las notas de salida de grosella negra y mandarina verde crean un comienzo vigorizante y refrescante, ideal para los d\u00edas soleados. A medida que la fragancia se despliega, las notas de coraz\u00f3n de caramelo de fresa y gardenia a\u00f1aden un toque juguet\u00f3n y floral que es a la vez juvenil y sofisticado. Las notas de fondo de vainilla, \u00e1mbar, s\u00e1ndalo y almizcle proporcionan un acabado c\u00e1lido y sensual, garantizando que la fragancia perdure maravillosamente en la piel. Esta armoniosa mezcla de notas hace de Yara Candy no s\u00f3lo un perfume, sino una experiencia que te transporta a un para\u00edso ba\u00f1ado por el sol. Elaborado con precisi\u00f3n por Lattafa, un nombre distinguido en fragancias de Oriente Medio, Yara Candy es un testimonio de su experiencia y pasi\u00f3n por la creaci\u00f3n de aromas de lujo. Esta fragancia femenina es toda una declaraci\u00f3n de intenciones, ya sea para disfrutar de un d\u00eda al aire libre o de una velada especial. NOTAS DE PERFUME Notas de salida: Mandarina verde, grosella negra Notas medias: Caramelo de Fresa, Gardenia Notas de Fondo: S\u00e1ndalo, Jarabe de Vainilla, Almizcle, \u00c1mbar<\/p>\n<h4>Pir\u00e1mide olfativa<\/h4>\n<ul>\n<li><strong>Notas de entrada:<\/strong> Mandarina verde, Grosella negra<\/li>\n<li><strong>Notas de coraz\u00f3n:<\/strong> Caramelos Fizz de fresa, Gardenia<\/li>\n<li><strong>Notas de salida:<\/strong> S\u00e1ndalo, Sirope de vainilla, Almizcle, \u00c1mbar<\/li>\n<\/ul>","protected":false},"excerpt":{"rendered":"<p>Presentamos el encantador Lattafa Ladies Yara Candy EDP Spray , una deliciosa fragancia dise\u00f1ada para cautivar sus sentidos y evocar la esencia del verano . Lanzado en 2024, este exquisito perfume procede de la renombrada casa de dise\u00f1o de Oriente Medio Lattafa, con sede en los Emiratos \u00c1rabes Unidos. Con un generoso frasco de 100 [&hellip;]<\/p>\n","protected":false},"featured_media":2711,"comment_status":"open","ping_status":"closed","template":"","meta":[],"product_brand":[310],"product_cat":[225],"product_tag":[59,52,518,326,111,470,174,519],"class_list":{"0":"post-2712","1":"product","2":"type-product","3":"status-publish","4":"has-post-thumbnail","6":"product_brand-lattafa","7":"product_cat-perfumes-y-fragancias","8":"product_tag-almizcle","9":"product_tag-ambar","10":"product_tag-caramelos-fizz-de-fresa","11":"product_tag-gardenia","12":"product_tag-grosella-negra","13":"product_tag-mandarina-verde","14":"product_tag-sandalo","15":"product_tag-sirope-de-vainilla","17":"first","18":"instock","19":"taxable","20":"shipping-taxable","21":"product-type-simple"},"_links":{"self":[{"href":"https:\/\/novaluxeurope.com\/en\/wp-json\/wp\/v2\/product\/2712","targetHints":{"allow":["GET"]}}],"collection":[{"href":"https:\/\/novaluxeurope.com\/en\/wp-json\/wp\/v2\/product"}],"about":[{"href":"https:\/\/novaluxeurope.com\/en\/wp-json\/wp\/v2\/types\/product"}],"replies":[{"embeddable":true,"href":"https:\/\/novaluxeurope.com\/en\/wp-json\/wp\/v2\/comments?post=2712"}],"wp:featuredmedia":[{"embeddable":true,"href":"https:\/\/novaluxeurope.com\/en\/wp-json\/wp\/v2\/media\/2711"}],"wp:attachment":[{"href":"https:\/\/novaluxeurope.com\/en\/wp-json\/wp\/v2\/media?parent=2712"}],"wp:term":[{"taxonomy":"product_brand","embeddable":true,"href":"https:\/\/novaluxeurope.com\/en\/wp-json\/wp\/v2\/product_brand?post=2712"},{"taxonomy":"product_cat","embeddable":true,"href":"https:\/\/novaluxeurope.com\/en\/wp-json\/wp\/v2\/product_cat?post=2712"},{"taxonomy":"product_tag","embeddable":true,"href":"https:\/\/novaluxeurope.com\/en\/wp-json\/wp\/v2\/product_tag?post=2712"}],"curies":[{"name":"wp","href":"https:\/\/api.w.org\/{rel}","templated":true}]}}