{"id":2706,"date":"2026-04-10T15:51:32","date_gmt":"2026-04-10T15:51:32","guid":{"rendered":"https:\/\/novaluxeurope.com\/producto\/lattafa-washwashah-edp-w-100-ml-50-ml-deo\/"},"modified":"2026-05-06T12:01:20","modified_gmt":"2026-05-06T12:01:20","slug":"lattafa-washwashah-edp-w-100-ml-50-ml-deo","status":"publish","type":"product","link":"https:\/\/novaluxeurope.com\/en\/product\/lattafa-washwashah-edp-w-100-ml-50-ml-deo\/","title":{"rendered":"Lattafa"},"content":{"rendered":"<p>Descubra el encantador mundo de las fragancias del set de regalo Washwashah para mujer de Lattafa. Una indulgente mezcla de ingredientes de alta calidad que crea un aroma hipnotizador, perfecto para la mujer moderna de hoy. Este perfume es una sinfon\u00eda \u00fanica de notas que crea un aroma irresistible y encantador. Las notas de salida de esta lujosa fragancia capturan la vivaz esencia de la frambuesa, la naranja amarga y la pimienta rosa, ofreciendo una tentadora introducci\u00f3n al aroma. A continuaci\u00f3n, las notas de coraz\u00f3n despliegan una sensual combinaci\u00f3n de nardo, flor de naranjo franc\u00e9s, osmanthus, jazm\u00edn y neroli. Esta ex\u00f3tica mezcla est\u00e1 dise\u00f1ada para cautivar los corazones y dejar una impresi\u00f3n duradera. Las notas de fondo de Haba Tonka, Vainilla, Almizcle, Benju\u00ed, Cachemira y \u00c1mbar proporcionan un acabado c\u00e1lido y reconfortante que perdura en la piel. Esta embriagadora mezcla es un verdadero testimonio de la experiencia de Lattafa en la creaci\u00f3n de fragancias cautivadoras y sofisticadas. Este perfume Ladies Washwashah de Lattafa se presenta en un exquisito estuche de regalo, que lo convierte en un obsequio ideal para esa persona especial. El set incluye un desodorante de 50 ml + un perfume de 100 ml , para que pueda llevar consigo su fragancia favorita, vaya donde vaya. El c\u00f3digo de barras del producto es 6456874097129, lo que garantiza su autenticidad y calidad. Lattafa es una marca de renombre en el mundo de las fragancias, conocida por su compromiso con la calidad y la innovaci\u00f3n. El perfume Ladies Washwashah es un brillante ejemplo de su maestr\u00eda y promete una experiencia olfativa sin igual. Emb\u00e1rcate en un viaje sensorial con las fragancias del set de regalo Ladies Washwashah de Lattafa y haz que cada momento sea inolvidable. NOTAS DE PERFUME Notas de salida: Frambuesa, Naranja amarga, Pimienta rosa Notas medias: Nardo, Flor de naranjo franc\u00e9s, Osmanthus, Jazm\u00edn, Neroli Notas de Fondo: Haba tonka, Vainilla, Almizcle, Benju\u00ed, Cachemira, \u00c1mbar<\/p>\n<h4>Pir\u00e1mide olfativa<\/h4>\n<ul>\n<li><strong>Notas de entrada:<\/strong> Frambuesa, Naranja amarga, Pimienta rosa<\/li>\n<li><strong>Notas de coraz\u00f3n:<\/strong> Tuberosa, Flor de naranjo franc\u00e9s, Osmanthus, Jazm\u00edn, Neroli<\/li>\n<li><strong>Notas de salida:<\/strong> Haba Tonka, Vainilla, Almizcle, Benju\u00ed, Cashmirwood, \u00c1mbar<\/li>\n<\/ul>","protected":false},"excerpt":{"rendered":"<p>Descubra el encantador mundo de las fragancias del set de regalo Washwashah para mujer de Lattafa. Una indulgente mezcla de ingredientes de alta calidad que crea un aroma hipnotizador, perfecto para la mujer moderna de hoy. Este perfume es una sinfon\u00eda \u00fanica de notas que crea un aroma irresistible y encantador. Las notas de salida [&hellip;]<\/p>\n","protected":false},"featured_media":2705,"comment_status":"open","ping_status":"closed","template":"","meta":[],"product_brand":[310],"product_cat":[225],"product_tag":[59,52,126,516,517,97,79,56,201,148,392,141,203,63],"class_list":{"0":"post-2706","1":"product","2":"type-product","3":"status-publish","4":"has-post-thumbnail","6":"product_brand-lattafa","7":"product_cat-perfumes-y-fragancias","8":"product_tag-almizcle","9":"product_tag-ambar","10":"product_tag-benjui","11":"product_tag-cashmirwood","12":"product_tag-flor-de-naranjo-frances","13":"product_tag-frambuesa","14":"product_tag-haba-tonka","15":"product_tag-jazmin","16":"product_tag-naranja-amarga","17":"product_tag-neroli","18":"product_tag-osmanthus","19":"product_tag-pimienta-rosa","20":"product_tag-tuberosa","21":"product_tag-vainilla","23":"first","24":"instock","25":"taxable","26":"shipping-taxable","27":"product-type-simple"},"_links":{"self":[{"href":"https:\/\/novaluxeurope.com\/en\/wp-json\/wp\/v2\/product\/2706","targetHints":{"allow":["GET"]}}],"collection":[{"href":"https:\/\/novaluxeurope.com\/en\/wp-json\/wp\/v2\/product"}],"about":[{"href":"https:\/\/novaluxeurope.com\/en\/wp-json\/wp\/v2\/types\/product"}],"replies":[{"embeddable":true,"href":"https:\/\/novaluxeurope.com\/en\/wp-json\/wp\/v2\/comments?post=2706"}],"wp:featuredmedia":[{"embeddable":true,"href":"https:\/\/novaluxeurope.com\/en\/wp-json\/wp\/v2\/media\/2705"}],"wp:attachment":[{"href":"https:\/\/novaluxeurope.com\/en\/wp-json\/wp\/v2\/media?parent=2706"}],"wp:term":[{"taxonomy":"product_brand","embeddable":true,"href":"https:\/\/novaluxeurope.com\/en\/wp-json\/wp\/v2\/product_brand?post=2706"},{"taxonomy":"product_cat","embeddable":true,"href":"https:\/\/novaluxeurope.com\/en\/wp-json\/wp\/v2\/product_cat?post=2706"},{"taxonomy":"product_tag","embeddable":true,"href":"https:\/\/novaluxeurope.com\/en\/wp-json\/wp\/v2\/product_tag?post=2706"}],"curies":[{"name":"wp","href":"https:\/\/api.w.org\/{rel}","templated":true}]}}