{"id":2700,"date":"2026-04-10T15:51:31","date_gmt":"2026-04-10T15:51:31","guid":{"rendered":"https:\/\/novaluxeurope.com\/producto\/lattafa-vurv-victorieux-homme-edp-m-100-ml\/"},"modified":"2026-04-24T13:31:53","modified_gmt":"2026-04-24T13:31:53","slug":"lattafa-vurv-victorieux-homme-edp-m-100-ml","status":"publish","type":"product","link":"https:\/\/novaluxeurope.com\/en\/product\/lattafa-vurv-victorieux-homme-edp-m-100-ml\/","title":{"rendered":"Lattafa Vurv Victorieux Homme"},"content":{"rendered":"<p>Lattafa Vurv Victorieux Homme es una fragancia atrevida y refinada creada para el hombre moderno que irradia fuerza y confianza. Esta fragancia est\u00e1 dise\u00f1ada para evocar una sensaci\u00f3n de poder y sofisticaci\u00f3n, con una composici\u00f3n equilibrada que combina a la perfecci\u00f3n elementos frescos, especiados y amaderados. Las notas de salida de bergamota, pomelo y grosella negra proporcionan una apertura fresca y vigorizante, ofreciendo un estallido brillante y c\u00edtrico. Las notas de coraz\u00f3n de lavanda, geranio y pachul\u00ed aportan una profundidad floral y terrosa a la fragancia, realzando su complejidad. A medida que la fragancia se asienta, las notas de fondo de \u00e1mbar, almizcle y vainilla crean un acabado c\u00e1lido y sensual, asegurando una estela duradera y memorable. Perfecta tanto para el d\u00eda como para la noche, Victorieux Homme es una fragancia que representa el \u00e9xito, la ambici\u00f3n y la elegancia. Es ideal para un hombre seguro de s\u00ed mismo, que sabe lo que quiere y no teme ir a por ello. Esta fragancia es una verdadera expresi\u00f3n de masculinidad, con un toque de refinamiento que la hace perfecta para cualquier ocasi\u00f3n. NOTAS DE PERFUME Notas de salida: Bergamota, Pomelo, Grosella negra Notas medias: Lavanda, Geranio, Pachul\u00ed Notas de Fondo: \u00c1mbar, Almizcle, Vainilla<\/p>\n<h4>Pir\u00e1mide olfativa<\/h4>\n<ul>\n<li><strong>Notas de entrada:<\/strong> Bergamota, Pomelo, Grosella negra<\/li>\n<li><strong>Notas de coraz\u00f3n:<\/strong> Lavanda, Geranio, Pachul\u00ed<\/li>\n<li><strong>Notas de salida:<\/strong> \u00c1mbar, Almizcle, Vainilla<\/li>\n<\/ul>","protected":false},"excerpt":{"rendered":"<p>Lattafa Vurv Victorieux Homme es una fragancia atrevida y refinada creada para el hombre moderno que irradia fuerza y confianza. Esta fragancia est\u00e1 dise\u00f1ada para evocar una sensaci\u00f3n de poder y sofisticaci\u00f3n, con una composici\u00f3n equilibrada que combina a la perfecci\u00f3n elementos frescos, especiados y amaderados. Las notas de salida de bergamota, pomelo y grosella [&hellip;]<\/p>\n","protected":false},"featured_media":2699,"comment_status":"open","ping_status":"closed","template":"","meta":[],"product_brand":[310],"product_cat":[225],"product_tag":[59,52,102,131,111,73,67,245,63],"class_list":{"0":"post-2700","1":"product","2":"type-product","3":"status-publish","4":"has-post-thumbnail","6":"product_brand-lattafa","7":"product_cat-perfumes-y-fragancias","8":"product_tag-almizcle","9":"product_tag-ambar","10":"product_tag-bergamota","11":"product_tag-geranio","12":"product_tag-grosella-negra","13":"product_tag-lavanda","14":"product_tag-pachuli","15":"product_tag-pomelo","16":"product_tag-vainilla","18":"first","19":"instock","20":"taxable","21":"shipping-taxable","22":"product-type-simple"},"_links":{"self":[{"href":"https:\/\/novaluxeurope.com\/en\/wp-json\/wp\/v2\/product\/2700","targetHints":{"allow":["GET"]}}],"collection":[{"href":"https:\/\/novaluxeurope.com\/en\/wp-json\/wp\/v2\/product"}],"about":[{"href":"https:\/\/novaluxeurope.com\/en\/wp-json\/wp\/v2\/types\/product"}],"replies":[{"embeddable":true,"href":"https:\/\/novaluxeurope.com\/en\/wp-json\/wp\/v2\/comments?post=2700"}],"wp:featuredmedia":[{"embeddable":true,"href":"https:\/\/novaluxeurope.com\/en\/wp-json\/wp\/v2\/media\/2699"}],"wp:attachment":[{"href":"https:\/\/novaluxeurope.com\/en\/wp-json\/wp\/v2\/media?parent=2700"}],"wp:term":[{"taxonomy":"product_brand","embeddable":true,"href":"https:\/\/novaluxeurope.com\/en\/wp-json\/wp\/v2\/product_brand?post=2700"},{"taxonomy":"product_cat","embeddable":true,"href":"https:\/\/novaluxeurope.com\/en\/wp-json\/wp\/v2\/product_cat?post=2700"},{"taxonomy":"product_tag","embeddable":true,"href":"https:\/\/novaluxeurope.com\/en\/wp-json\/wp\/v2\/product_tag?post=2700"}],"curies":[{"name":"wp","href":"https:\/\/api.w.org\/{rel}","templated":true}]}}