{"id":2694,"date":"2026-04-10T15:51:29","date_gmt":"2026-04-10T15:51:29","guid":{"rendered":"https:\/\/novaluxeurope.com\/producto\/lattafa-vurv-victorieux-femme-edp-w-100-ml\/"},"modified":"2026-04-24T13:13:56","modified_gmt":"2026-04-24T13:13:56","slug":"lattafa-vurv-victorieux-femme-edp-w-100-ml","status":"publish","type":"product","link":"https:\/\/novaluxeurope.com\/en\/product\/lattafa-vurv-victorieux-femme-edp-w-100-ml\/","title":{"rendered":"Lattafa Vurv Victorieux Femme"},"content":{"rendered":"<p>Lattafa Vurv Victorieux Femme es una fragancia lujosa y moderna que evoca la esencia de la sofisticaci\u00f3n y el empoderamiento. Est\u00e1 dise\u00f1ada para la mujer contempor\u00e1nea que irradia fuerza y gracia. Con un equilibrio perfecto de notas afrutadas, florales y amaderadas, crea una experiencia olfativa \u00fanica que evoluciona maravillosamente a lo largo del d\u00eda. Lattafa Vurv Victorieux Femme se abre con una mezcla dulce y refrescante de melocot\u00f3n blanco y heliotropo, creando una introducci\u00f3n floral suave y afrutada. El coraz\u00f3n de la fragancia revela una delicada fusi\u00f3n de iris, s\u00e1ndalo y flores blancas , a\u00f1adiendo una sofisticada y cremosa profundidad floral.A medida que se asienta, las notas de fondo de \u00e1mbar y almizcle aportan calidez y sensualidad, dejando una estela duradera y elegante. Este perfume equilibra a la perfecci\u00f3n elementos frescos, florales y amaderados, por lo que es perfecto para una mujer que encarna la gracia y la confianza. Ideal para llevar tanto de d\u00eda como de noche, Victorieux Femme es una fragancia que desprende confianza y encanto, perfecta para las mujeres que est\u00e1n dispuestas a conquistar el mundo al tiempo que abrazan su feminidad. Es una elecci\u00f3n ideal para quienes aprecian las fragancias refinadas y sofisticadas que dejan una impresi\u00f3n duradera. NOTAS DE PERFUME Notas de salida: Melocot\u00f3n blanco, Heliotropo Notas medias: Iris, S\u00e1ndalo, Flores Blancas Notas de Fondo: \u00c1mbar, Almizcle<\/p>\n<h4>Pir\u00e1mide olfativa<\/h4>\n<ul>\n<li><strong>Notas de entrada:<\/strong> Melocot\u00f3n blanco, Heliotropo<\/li>\n<li><strong>Notas de coraz\u00f3n:<\/strong> Iris, S\u00e1ndalo, Flores blancas<\/li>\n<li><strong>Notas de salida:<\/strong> \u00c1mbar, Almizcle<\/li>\n<\/ul>","protected":false},"excerpt":{"rendered":"<p>Lattafa Vurv Victorieux Femme es una fragancia lujosa y moderna que evoca la esencia de la sofisticaci\u00f3n y el empoderamiento. Est\u00e1 dise\u00f1ada para la mujer contempor\u00e1nea que irradia fuerza y gracia. Con un equilibrio perfecto de notas afrutadas, florales y amaderadas, crea una experiencia olfativa \u00fanica que evoluciona maravillosamente a lo largo del d\u00eda. Lattafa [&hellip;]<\/p>\n","protected":false},"featured_media":2693,"comment_status":"open","ping_status":"closed","template":"","meta":[],"product_brand":[310],"product_cat":[225],"product_tag":[59,52,110,217,55,109,174],"class_list":{"0":"post-2694","1":"product","2":"type-product","3":"status-publish","4":"has-post-thumbnail","6":"product_brand-lattafa","7":"product_cat-perfumes-y-fragancias","8":"product_tag-almizcle","9":"product_tag-ambar","10":"product_tag-flores-blancas","11":"product_tag-heliotropo","12":"product_tag-iris","13":"product_tag-melocoton-blanco","14":"product_tag-sandalo","16":"first","17":"outofstock","18":"taxable","19":"shipping-taxable","20":"product-type-simple"},"_links":{"self":[{"href":"https:\/\/novaluxeurope.com\/en\/wp-json\/wp\/v2\/product\/2694","targetHints":{"allow":["GET"]}}],"collection":[{"href":"https:\/\/novaluxeurope.com\/en\/wp-json\/wp\/v2\/product"}],"about":[{"href":"https:\/\/novaluxeurope.com\/en\/wp-json\/wp\/v2\/types\/product"}],"replies":[{"embeddable":true,"href":"https:\/\/novaluxeurope.com\/en\/wp-json\/wp\/v2\/comments?post=2694"}],"wp:featuredmedia":[{"embeddable":true,"href":"https:\/\/novaluxeurope.com\/en\/wp-json\/wp\/v2\/media\/2693"}],"wp:attachment":[{"href":"https:\/\/novaluxeurope.com\/en\/wp-json\/wp\/v2\/media?parent=2694"}],"wp:term":[{"taxonomy":"product_brand","embeddable":true,"href":"https:\/\/novaluxeurope.com\/en\/wp-json\/wp\/v2\/product_brand?post=2694"},{"taxonomy":"product_cat","embeddable":true,"href":"https:\/\/novaluxeurope.com\/en\/wp-json\/wp\/v2\/product_cat?post=2694"},{"taxonomy":"product_tag","embeddable":true,"href":"https:\/\/novaluxeurope.com\/en\/wp-json\/wp\/v2\/product_tag?post=2694"}],"curies":[{"name":"wp","href":"https:\/\/api.w.org\/{rel}","templated":true}]}}