{"id":2689,"date":"2026-04-10T15:51:28","date_gmt":"2026-04-10T15:51:28","guid":{"rendered":"https:\/\/novaluxeurope.com\/producto\/lattafa-vurv-royce-bleu-edp-m-100-ml\/"},"modified":"2026-04-24T13:31:53","modified_gmt":"2026-04-24T13:31:53","slug":"lattafa-vurv-royce-bleu-edp-m-100-ml","status":"publish","type":"product","link":"https:\/\/novaluxeurope.com\/en\/product\/lattafa-vurv-royce-bleu-edp-m-100-ml\/","title":{"rendered":"Lattafa Vurv Royce Bleu"},"content":{"rendered":"<p>Experimente el aroma vibrante y vigorizante de Royce Blue EDP Spray de Vurv Men. Lanzada en 2021, esta cautivadora fragancia pertenece a la familia olfativa C\u00edtrica Arom\u00e1tica, lo que la convierte en la elecci\u00f3n perfecta para los hombres que aprecian los aromas frescos y llenos de vida. Elaborado por la estimada casa de dise\u00f1o de Oriente Medio Vurv, bajo la empresa matriz Lattafa, Royce Blue es un testamento de calidad y sofisticaci\u00f3n. Royce Blue se abre con una explosi\u00f3n energizante de pimienta rosa, naranja y lim\u00f3n, creando una introducci\u00f3n refrescante y din\u00e1mica. A medida que la fragancia evoluciona, las notas de coraz\u00f3n de jengibre y jazm\u00edn a\u00f1aden un toque de calidez y elegancia. Finalmente, la fragancia se asienta en una base de notas amaderadas, proporcionando un acabado duradero y masculino. Este vaporizador EDP se presenta en un c\u00f3modo formato de 100 ml, que lo convierte en un complemento ideal para su colecci\u00f3n de fragancias. La mezcla \u00fanica de notas garantiza que Royce Blue destaque, dejando una impresi\u00f3n memorable dondequiera que vaya. NOTAS DE PERFUME Notas de salida: Pimienta rosa, naranja, lim\u00f3n Notas medias: Jengibre, Jazm\u00edn Notas de fondo: Notas amaderadas<\/p>\n<h4>Pir\u00e1mide olfativa<\/h4>\n<ul>\n<li><strong>Notas de entrada:<\/strong> Pimienta rosa, Naranja, Lim\u00f3n<\/li>\n<li><strong>Notas de coraz\u00f3n:<\/strong> Jengibre, Jazm\u00edn<\/li>\n<li><strong>Notas de salida:<\/strong> Notas de madera<\/li>\n<\/ul>","protected":false},"excerpt":{"rendered":"<p>Experimente el aroma vibrante y vigorizante de Royce Blue EDP Spray de Vurv Men. Lanzada en 2021, esta cautivadora fragancia pertenece a la familia olfativa C\u00edtrica Arom\u00e1tica, lo que la convierte en la elecci\u00f3n perfecta para los hombres que aprecian los aromas frescos y llenos de vida. Elaborado por la estimada casa de dise\u00f1o de [&hellip;]<\/p>\n","protected":false},"featured_media":2688,"comment_status":"open","ping_status":"closed","template":"","meta":[],"product_brand":[310],"product_cat":[225],"product_tag":[56,180,140,98,457,141],"class_list":{"0":"post-2689","1":"product","2":"type-product","3":"status-publish","4":"has-post-thumbnail","6":"product_brand-lattafa","7":"product_cat-perfumes-y-fragancias","8":"product_tag-jazmin","9":"product_tag-jengibre","10":"product_tag-limon","11":"product_tag-naranja","12":"product_tag-notas-de-madera","13":"product_tag-pimienta-rosa","15":"first","16":"outofstock","17":"taxable","18":"shipping-taxable","19":"product-type-simple"},"_links":{"self":[{"href":"https:\/\/novaluxeurope.com\/en\/wp-json\/wp\/v2\/product\/2689","targetHints":{"allow":["GET"]}}],"collection":[{"href":"https:\/\/novaluxeurope.com\/en\/wp-json\/wp\/v2\/product"}],"about":[{"href":"https:\/\/novaluxeurope.com\/en\/wp-json\/wp\/v2\/types\/product"}],"replies":[{"embeddable":true,"href":"https:\/\/novaluxeurope.com\/en\/wp-json\/wp\/v2\/comments?post=2689"}],"wp:featuredmedia":[{"embeddable":true,"href":"https:\/\/novaluxeurope.com\/en\/wp-json\/wp\/v2\/media\/2688"}],"wp:attachment":[{"href":"https:\/\/novaluxeurope.com\/en\/wp-json\/wp\/v2\/media?parent=2689"}],"wp:term":[{"taxonomy":"product_brand","embeddable":true,"href":"https:\/\/novaluxeurope.com\/en\/wp-json\/wp\/v2\/product_brand?post=2689"},{"taxonomy":"product_cat","embeddable":true,"href":"https:\/\/novaluxeurope.com\/en\/wp-json\/wp\/v2\/product_cat?post=2689"},{"taxonomy":"product_tag","embeddable":true,"href":"https:\/\/novaluxeurope.com\/en\/wp-json\/wp\/v2\/product_tag?post=2689"}],"curies":[{"name":"wp","href":"https:\/\/api.w.org\/{rel}","templated":true}]}}