{"id":2685,"date":"2026-04-10T15:51:27","date_gmt":"2026-04-10T15:51:27","guid":{"rendered":"https:\/\/novaluxeurope.com\/producto\/lattafa-vurv-royce-black-edp-m-100-ml\/"},"modified":"2026-05-08T08:01:31","modified_gmt":"2026-05-08T08:01:31","slug":"lattafa-vurv-royce-black-edp-m-100-ml","status":"publish","type":"product","link":"https:\/\/novaluxeurope.com\/en\/product\/lattafa-vurv-royce-black-edp-m-100-ml\/","title":{"rendered":"Lattafa Vurv Royce Black"},"content":{"rendered":"<p>Royce Black For Men de Vurv Made by Lattafa . no es s\u00f3lo una fragancia, es su firma, un aroma que habla de confianza y carisma. Imag\u00ednese entrar en una habitaci\u00f3n y llamar la atenci\u00f3n con una fragancia que es a la vez rica y vigorizante, mezclando la especia de la pimienta rosa y el clavo con el toque fresco de la manzana. Creado para el hombre moderno que sabe c\u00f3mo causar impresi\u00f3n, este Eau De Parfum es su secreto para destacar. La aventura comienza con una explosi\u00f3n crujiente y especiada de manzana, clavo y pimienta rosa. Es una apertura que despierta sus sentidos, como una brisa fresca en una ma\u00f1ana fresca, vigorizante pero misteriosa. A medida que la fragancia evoluciona, el coraz\u00f3n revela una sofisticada mezcla de iris y bayas de enebro , introduciendo un toque suave y floral que a\u00f1ade profundidad sin perder su filo. Y llega el final: un lujoso fondo de oud, \u00e1mbar y romero, que envuelve en calidez y riqueza y permanece en la piel como una segunda piel. Royce Black es todo equilibrio: audaz pero refinado, vibrante pero reconfortante. Royce Black For Him de Vurv ofrece lujo a precios asequibles, Made in Dubai, en Opulensi. Su cautivadora mezcla de oud, \u00e1mbar y pimienta rosa crea una sofisticada fragancia perfecta para el hombre moderno. NOTAS DE PERFUME Notas de salida: Manzana, clavo, pimienta rosa Notas medias: Iris, bayas de enebro Notas de fondo: Oud, \u00c1mbar, Romero<\/p>\n<h4>Pir\u00e1mide olfativa<\/h4>\n<ul>\n<li><strong>Notas de entrada:<\/strong> Manzana, Clavo, Pimienta rosa<\/li>\n<li><strong>Notas de coraz\u00f3n:<\/strong> Iris, Bayas de enebro<\/li>\n<li><strong>Notas de salida:<\/strong> Oud, \u00c1mbar, Rosemary<\/li>\n<\/ul>","protected":false},"excerpt":{"rendered":"<p>Royce Black For Men de Vurv Made by Lattafa . no es s\u00f3lo una fragancia, es su firma, un aroma que habla de confianza y carisma. Imag\u00ednese entrar en una habitaci\u00f3n y llamar la atenci\u00f3n con una fragancia que es a la vez rica y vigorizante, mezclando la especia de la pimienta rosa y el [&hellip;]<\/p>\n","protected":false},"featured_media":2684,"comment_status":"open","ping_status":"closed","template":"","meta":[],"product_brand":[310],"product_cat":[225],"product_tag":[52,321,207,55,88,48,141,463],"class_list":{"0":"post-2685","1":"product","2":"type-product","3":"status-publish","4":"has-post-thumbnail","6":"product_brand-lattafa","7":"product_cat-perfumes-y-fragancias","8":"product_tag-ambar","9":"product_tag-bayas-de-enebro","10":"product_tag-clavo","11":"product_tag-iris","12":"product_tag-manzana","13":"product_tag-oud","14":"product_tag-pimienta-rosa","15":"product_tag-rosemary","17":"first","18":"instock","19":"taxable","20":"shipping-taxable","21":"product-type-simple"},"_links":{"self":[{"href":"https:\/\/novaluxeurope.com\/en\/wp-json\/wp\/v2\/product\/2685","targetHints":{"allow":["GET"]}}],"collection":[{"href":"https:\/\/novaluxeurope.com\/en\/wp-json\/wp\/v2\/product"}],"about":[{"href":"https:\/\/novaluxeurope.com\/en\/wp-json\/wp\/v2\/types\/product"}],"replies":[{"embeddable":true,"href":"https:\/\/novaluxeurope.com\/en\/wp-json\/wp\/v2\/comments?post=2685"}],"wp:featuredmedia":[{"embeddable":true,"href":"https:\/\/novaluxeurope.com\/en\/wp-json\/wp\/v2\/media\/2684"}],"wp:attachment":[{"href":"https:\/\/novaluxeurope.com\/en\/wp-json\/wp\/v2\/media?parent=2685"}],"wp:term":[{"taxonomy":"product_brand","embeddable":true,"href":"https:\/\/novaluxeurope.com\/en\/wp-json\/wp\/v2\/product_brand?post=2685"},{"taxonomy":"product_cat","embeddable":true,"href":"https:\/\/novaluxeurope.com\/en\/wp-json\/wp\/v2\/product_cat?post=2685"},{"taxonomy":"product_tag","embeddable":true,"href":"https:\/\/novaluxeurope.com\/en\/wp-json\/wp\/v2\/product_tag?post=2685"}],"curies":[{"name":"wp","href":"https:\/\/api.w.org\/{rel}","templated":true}]}}