{"id":2679,"date":"2026-04-10T15:51:26","date_gmt":"2026-04-10T15:51:26","guid":{"rendered":"https:\/\/novaluxeurope.com\/producto\/lattafa-vurv-craft-oro-edp-w-100-ml\/"},"modified":"2026-05-06T08:01:19","modified_gmt":"2026-05-06T08:01:19","slug":"lattafa-vurv-craft-oro-edp-w-100-ml","status":"publish","type":"product","link":"https:\/\/novaluxeurope.com\/en\/product\/lattafa-vurv-craft-oro-edp-w-100-ml\/","title":{"rendered":"Lattafa Vurv Craft Oro"},"content":{"rendered":"<p>Presentamos la \u00faltima obra maestra de Vurv, el Craft Oro Eau de Parfum Spray , lanzado en 2023. Esta fragancia femenina es una mezcla sublime de aromas vigorizantes que prometen cautivar sus sentidos. Dise\u00f1ado por Vurv, un nombre de renombre en la industria de las fragancias de Oriente Medio, Craft Oro es un testimonio de su dedicaci\u00f3n a la elaboraci\u00f3n de aromas exquisitos y memorables. Craft Oro pertenece a la familia olfativa C\u00edtrica, por lo que es una elecci\u00f3n refrescante y vibrante para cualquier ocasi\u00f3n. Las notas de salida de especias, menta y c\u00edtricos crean una apertura vigorizante que despierta los sentidos al instante. A medida que la fragancia se despliega, las notas de coraz\u00f3n revelan una armoniosa mezcla de notas florales y marinas , a\u00f1adiendo una capa de sofisticaci\u00f3n y tranquilidad. Las notas de fondo de pachul\u00ed, cuero y cedro proporcionan una base c\u00e1lida y duradera, asegurando que Craft Oro permanezca en su piel durante todo el d\u00eda. Esta exquisita combinaci\u00f3n de aromas hace de Craft Oro una opci\u00f3n vers\u00e1til y atractiva para la mujer. Tanto si acude a un evento formal como a una salida informal, esta fragancia realzar\u00e1 su presencia sin esfuerzo. Disponible en un vaporizador EDP de 100 ml, Craft Oro de Vurv est\u00e1 dise\u00f1ado para ser un b\u00e1sico en su colecci\u00f3n de fragancias. El elegante dise\u00f1o del frasco refleja el lujo y la artesan\u00eda por los que se conoce a Vurv. Con su exclusivo c\u00f3digo de barras 6291107453859, esta fragancia es f\u00e1cilmente identificable y aut\u00e9ntica, lo que le garantiza que recibe el producto genuino. NOTAS DE PERFUME Notas de salida: Especias, menta, c\u00edtricos Notas medias: Notas Florales, Notas Marinas Notas de Fondo: Pachuli, Cuero, Cedro<\/p>\n<h4>Pir\u00e1mide olfativa<\/h4>\n<ul>\n<li><strong>Notas de entrada:<\/strong> Especias, Menta, C\u00edtricos<\/li>\n<li><strong>Notas de coraz\u00f3n:<\/strong> Notas florales, Notas marinas<\/li>\n<li><strong>Notas de salida:<\/strong> Pachul\u00ed, Piel, Cedro<\/li>\n<\/ul>","protected":false},"excerpt":{"rendered":"<p>Presentamos la \u00faltima obra maestra de Vurv, el Craft Oro Eau de Parfum Spray , lanzado en 2023. Esta fragancia femenina es una mezcla sublime de aromas vigorizantes que prometen cautivar sus sentidos. Dise\u00f1ado por Vurv, un nombre de renombre en la industria de las fragancias de Oriente Medio, Craft Oro es un testimonio de [&hellip;]<\/p>\n","protected":false},"featured_media":2678,"comment_status":"open","ping_status":"closed","template":"","meta":[],"product_brand":[310],"product_cat":[225],"product_tag":[53,158,374,194,333,312,67,137],"class_list":{"0":"post-2679","1":"product","2":"type-product","3":"status-publish","4":"has-post-thumbnail","6":"product_brand-lattafa","7":"product_cat-perfumes-y-fragancias","8":"product_tag-cedro","9":"product_tag-citricos","10":"product_tag-especias","11":"product_tag-menta","12":"product_tag-notas-florales","13":"product_tag-notas-marinas","14":"product_tag-pachuli","15":"product_tag-piel","17":"first","18":"instock","19":"taxable","20":"shipping-taxable","21":"product-type-simple"},"_links":{"self":[{"href":"https:\/\/novaluxeurope.com\/en\/wp-json\/wp\/v2\/product\/2679","targetHints":{"allow":["GET"]}}],"collection":[{"href":"https:\/\/novaluxeurope.com\/en\/wp-json\/wp\/v2\/product"}],"about":[{"href":"https:\/\/novaluxeurope.com\/en\/wp-json\/wp\/v2\/types\/product"}],"replies":[{"embeddable":true,"href":"https:\/\/novaluxeurope.com\/en\/wp-json\/wp\/v2\/comments?post=2679"}],"wp:featuredmedia":[{"embeddable":true,"href":"https:\/\/novaluxeurope.com\/en\/wp-json\/wp\/v2\/media\/2678"}],"wp:attachment":[{"href":"https:\/\/novaluxeurope.com\/en\/wp-json\/wp\/v2\/media?parent=2679"}],"wp:term":[{"taxonomy":"product_brand","embeddable":true,"href":"https:\/\/novaluxeurope.com\/en\/wp-json\/wp\/v2\/product_brand?post=2679"},{"taxonomy":"product_cat","embeddable":true,"href":"https:\/\/novaluxeurope.com\/en\/wp-json\/wp\/v2\/product_cat?post=2679"},{"taxonomy":"product_tag","embeddable":true,"href":"https:\/\/novaluxeurope.com\/en\/wp-json\/wp\/v2\/product_tag?post=2679"}],"curies":[{"name":"wp","href":"https:\/\/api.w.org\/{rel}","templated":true}]}}