{"id":2672,"date":"2026-04-10T15:51:24","date_gmt":"2026-04-10T15:51:24","guid":{"rendered":"https:\/\/novaluxeurope.com\/producto\/lattafa-vurv-craft-noire-edp-m-100-ml\/"},"modified":"2026-04-24T13:31:53","modified_gmt":"2026-04-24T13:31:53","slug":"lattafa-vurv-craft-noire-edp-m-100-ml","status":"publish","type":"product","link":"https:\/\/novaluxeurope.com\/en\/product\/lattafa-vurv-craft-noire-edp-m-100-ml\/","title":{"rendered":"Lattafa Vurv Craft Noire"},"content":{"rendered":"<p>Presentamos Vurv Craft Noire EDP Spray, una fragancia masculina que destila sofisticaci\u00f3n y encanto. Elaborada por la renombrada casa de dise\u00f1o Vurv, esta obra maestra de Oriente Medio es perfecta para quienes aprecian las cosas buenas de la vida. Craft Noire pertenece a la familia olfativa Cuero, lo que la convierte en una elecci\u00f3n audaz y cautivadora. El viaje comienza con vigorizantes notas de salida de pomelo, menta y naranja sanguina, que crean una apertura refrescante y picante. A medida que la fragancia se desarrolla, las notas de coraz\u00f3n revelan una encantadora mezcla de rosa, canela, especias y cuero, que a\u00f1aden profundidad y calidez. Por \u00faltimo, las notas de fondo de maderas preciosas, \u00e1mbar y pachul\u00ed proporcionan un acabado rico y duradero que perdura en la piel. Esta exquisita fragancia se presenta en un vaporizador EDP de 100 ml, lo que la convierte en el tama\u00f1o perfecto para el uso diario o las ocasiones especiales. La naturaleza de Craft Noire garantiza que pueda ser disfrutada por cualquiera, convirti\u00e9ndola en una adici\u00f3n vers\u00e1til a su colecci\u00f3n de fragancias. NOTAS DE PERFUME Notas de salida: Pomelo, menta, naranja sanguina Notas medias: Rosa, canela, especias, cuero Notas de fondo: Maderas preciosas, \u00c1mbar, Pachul\u00ed<\/p>\n<h4>Pir\u00e1mide olfativa<\/h4>\n<ul>\n<li><strong>Notas de entrada:<\/strong> Pomelo, Menta, Naranja sanguina<\/li>\n<li><strong>Notas de coraz\u00f3n:<\/strong> Rosa, Canela, Especias, Piel<\/li>\n<li><strong>Notas de salida:<\/strong> Maderas preciosas, \u00c1mbar, Pachul\u00ed<\/li>\n<\/ul>","protected":false},"excerpt":{"rendered":"<p>Presentamos Vurv Craft Noire EDP Spray, una fragancia masculina que destila sofisticaci\u00f3n y encanto. Elaborada por la renombrada casa de dise\u00f1o Vurv, esta obra maestra de Oriente Medio es perfecta para quienes aprecian las cosas buenas de la vida. Craft Noire pertenece a la familia olfativa Cuero, lo que la convierte en una elecci\u00f3n audaz [&hellip;]<\/p>\n","protected":false},"featured_media":2671,"comment_status":"open","ping_status":"closed","template":"","meta":[],"product_brand":[310],"product_cat":[225],"product_tag":[52,94,374,515,194,412,67,137,245,49],"class_list":{"0":"post-2672","1":"product","2":"type-product","3":"status-publish","4":"has-post-thumbnail","6":"product_brand-lattafa","7":"product_cat-perfumes-y-fragancias","8":"product_tag-ambar","9":"product_tag-canela","10":"product_tag-especias","11":"product_tag-maderas-preciosas","12":"product_tag-menta","13":"product_tag-naranja-sanguina","14":"product_tag-pachuli","15":"product_tag-piel","16":"product_tag-pomelo","17":"product_tag-rosa","19":"first","20":"outofstock","21":"taxable","22":"shipping-taxable","23":"product-type-simple"},"_links":{"self":[{"href":"https:\/\/novaluxeurope.com\/en\/wp-json\/wp\/v2\/product\/2672","targetHints":{"allow":["GET"]}}],"collection":[{"href":"https:\/\/novaluxeurope.com\/en\/wp-json\/wp\/v2\/product"}],"about":[{"href":"https:\/\/novaluxeurope.com\/en\/wp-json\/wp\/v2\/types\/product"}],"replies":[{"embeddable":true,"href":"https:\/\/novaluxeurope.com\/en\/wp-json\/wp\/v2\/comments?post=2672"}],"wp:featuredmedia":[{"embeddable":true,"href":"https:\/\/novaluxeurope.com\/en\/wp-json\/wp\/v2\/media\/2671"}],"wp:attachment":[{"href":"https:\/\/novaluxeurope.com\/en\/wp-json\/wp\/v2\/media?parent=2672"}],"wp:term":[{"taxonomy":"product_brand","embeddable":true,"href":"https:\/\/novaluxeurope.com\/en\/wp-json\/wp\/v2\/product_brand?post=2672"},{"taxonomy":"product_cat","embeddable":true,"href":"https:\/\/novaluxeurope.com\/en\/wp-json\/wp\/v2\/product_cat?post=2672"},{"taxonomy":"product_tag","embeddable":true,"href":"https:\/\/novaluxeurope.com\/en\/wp-json\/wp\/v2\/product_tag?post=2672"}],"curies":[{"name":"wp","href":"https:\/\/api.w.org\/{rel}","templated":true}]}}