{"id":2669,"date":"2026-04-10T15:51:23","date_gmt":"2026-04-10T15:51:23","guid":{"rendered":"https:\/\/novaluxeurope.com\/producto\/lattafa-velvet-rose\/"},"modified":"2026-05-08T08:01:31","modified_gmt":"2026-05-08T08:01:31","slug":"lattafa-velvet-rose","status":"publish","type":"product","link":"https:\/\/novaluxeurope.com\/en\/product\/lattafa-velvet-rose\/","title":{"rendered":"Lattafa Velvet Rose"},"content":{"rendered":"<p>Disfruta de una fragancia con la que no pasar\u00e1s desapercibida en ning\u00fan evento. El eau de parfum para mujer Lattafa Velvet Rose es la materializaci\u00f3n del lujo y la exclusividad. Su sofisticada composici\u00f3n arom\u00e1tica deleitar\u00e1 hasta a las personas m\u00e1s exigentes.<\/p>\n<ul>\n<li>fragancia oriental<\/li>\n<li>fragancia floral<\/li>\n<li>fragancia almizclada<\/li>\n<li>fragancia adecuada para uso diario<\/li>\n<\/ul>\n<h4>Pir\u00e1mide olfativa<\/h4>\n<ul>\n<li><strong>Notas de entrada:<\/strong> pachuli, rosa<\/li>\n<li><strong>Notas de coraz\u00f3n:<\/strong> l\u00e1dano, almizcle<\/li>\n<li><strong>Notas de salida:<\/strong> \u00e1mbar, almizcle<\/li>\n<\/ul>","protected":false},"excerpt":{"rendered":"<p>Disfruta de una fragancia con la que no pasar\u00e1s desapercibida en ning\u00fan evento. El eau de parfum para mujer Lattafa Velvet Rose es la materializaci\u00f3n del lujo y la exclusividad. Su sofisticada composici\u00f3n arom\u00e1tica deleitar\u00e1 hasta a las personas m\u00e1s exigentes. fragancia oriental fragancia floral fragancia almizclada fragancia adecuada para uso diario Pir\u00e1mide olfativa Notas [&hellip;]<\/p>\n","protected":false},"featured_media":2668,"comment_status":"open","ping_status":"closed","template":"","meta":[],"product_brand":[310],"product_cat":[225],"product_tag":[59,52,70,67,49],"class_list":{"0":"post-2669","1":"product","2":"type-product","3":"status-publish","4":"has-post-thumbnail","6":"product_brand-lattafa","7":"product_cat-perfumes-y-fragancias","8":"product_tag-almizcle","9":"product_tag-ambar","10":"product_tag-ladano","11":"product_tag-pachuli","12":"product_tag-rosa","14":"first","15":"instock","16":"taxable","17":"shipping-taxable","18":"product-type-simple"},"_links":{"self":[{"href":"https:\/\/novaluxeurope.com\/en\/wp-json\/wp\/v2\/product\/2669","targetHints":{"allow":["GET"]}}],"collection":[{"href":"https:\/\/novaluxeurope.com\/en\/wp-json\/wp\/v2\/product"}],"about":[{"href":"https:\/\/novaluxeurope.com\/en\/wp-json\/wp\/v2\/types\/product"}],"replies":[{"embeddable":true,"href":"https:\/\/novaluxeurope.com\/en\/wp-json\/wp\/v2\/comments?post=2669"}],"wp:featuredmedia":[{"embeddable":true,"href":"https:\/\/novaluxeurope.com\/en\/wp-json\/wp\/v2\/media\/2668"}],"wp:attachment":[{"href":"https:\/\/novaluxeurope.com\/en\/wp-json\/wp\/v2\/media?parent=2669"}],"wp:term":[{"taxonomy":"product_brand","embeddable":true,"href":"https:\/\/novaluxeurope.com\/en\/wp-json\/wp\/v2\/product_brand?post=2669"},{"taxonomy":"product_cat","embeddable":true,"href":"https:\/\/novaluxeurope.com\/en\/wp-json\/wp\/v2\/product_cat?post=2669"},{"taxonomy":"product_tag","embeddable":true,"href":"https:\/\/novaluxeurope.com\/en\/wp-json\/wp\/v2\/product_tag?post=2669"}],"curies":[{"name":"wp","href":"https:\/\/api.w.org\/{rel}","templated":true}]}}