{"id":2666,"date":"2026-04-10T15:51:20","date_gmt":"2026-04-10T15:51:20","guid":{"rendered":"https:\/\/novaluxeurope.com\/producto\/lattafa-velvet-oud\/"},"modified":"2026-05-10T00:01:17","modified_gmt":"2026-05-10T00:01:17","slug":"lattafa-velvet-oud","status":"publish","type":"product","link":"https:\/\/novaluxeurope.com\/en\/product\/lattafa-velvet-oud\/","title":{"rendered":"Lattafa Velvet Oud"},"content":{"rendered":"<p>Cada d\u00eda es una nueva oportunidad para afrontar retos. El eau de parfum unisex Lattafa Velvet Oud refresca tu mente para que puedas seguir tu instinto con valent\u00eda. L\u00e1nzate al encuentro de la aventura diaria.<\/p>\n<ul>\n<li>fragancia oriental<\/li>\n<li>fragancia de cuero<\/li>\n<li>fragancia foug\u00e8re<\/li>\n<li>para personas con un estilo no convencional<\/li>\n<li>fragancia c\u00e1lida, ideal para las \u00e9pocas fr\u00edas<\/li>\n<\/ul>\n<h4>Pir\u00e1mide olfativa<\/h4>\n<ul>\n<li><strong>Notas de entrada:<\/strong> Espejo virtual:Prueba maquillaje online, Espejo virtual:, Mi Discovery Box:5 muestras a tu elecci\u00f3n, Mi Discovery Box:, Fant\u00e1sticos regaloscon tu compra, Fant\u00e1sticos regalos, Espejo virtual:Prueba maquillaje online, Espejo virtual:, Ll\u00e1manos al 912 90 14 19, Espejo virtual:Prueba maquillaje online, Espejo virtual:, Mi Discovery Box:5 muestras a tu elecci\u00f3n, Mi Discovery Box:, Fant\u00e1sticos regaloscon tu compra, Fant\u00e1sticos regalos, Espejo virtual:Prueba maquillaje online, Espejo virtual:<\/li>\n<\/ul>","protected":false},"excerpt":{"rendered":"<p>Cada d\u00eda es una nueva oportunidad para afrontar retos. El eau de parfum unisex Lattafa Velvet Oud refresca tu mente para que puedas seguir tu instinto con valent\u00eda. L\u00e1nzate al encuentro de la aventura diaria. fragancia oriental fragancia de cuero fragancia foug\u00e8re para personas con un estilo no convencional fragancia c\u00e1lida, ideal para las \u00e9pocas [&hellip;]<\/p>\n","protected":false},"featured_media":2665,"comment_status":"open","ping_status":"closed","template":"","meta":[],"product_brand":[310],"product_cat":[225],"product_tag":[314,315,316,317,318,335,336],"class_list":{"0":"post-2666","1":"product","2":"type-product","3":"status-publish","4":"has-post-thumbnail","6":"product_brand-lattafa","7":"product_cat-perfumes-y-fragancias","8":"product_tag-espejo-virtual","9":"product_tag-espejo-virtualprueba-maquillaje-online","10":"product_tag-fantasticos-regalos","11":"product_tag-fantasticos-regaloscon-tu-compra","12":"product_tag-llamanos-al-912-90-14-19","13":"product_tag-mi-discovery-box","14":"product_tag-mi-discovery-box5-muestras-a-tu-eleccion","16":"first","17":"instock","18":"taxable","19":"shipping-taxable","20":"product-type-simple"},"_links":{"self":[{"href":"https:\/\/novaluxeurope.com\/en\/wp-json\/wp\/v2\/product\/2666","targetHints":{"allow":["GET"]}}],"collection":[{"href":"https:\/\/novaluxeurope.com\/en\/wp-json\/wp\/v2\/product"}],"about":[{"href":"https:\/\/novaluxeurope.com\/en\/wp-json\/wp\/v2\/types\/product"}],"replies":[{"embeddable":true,"href":"https:\/\/novaluxeurope.com\/en\/wp-json\/wp\/v2\/comments?post=2666"}],"wp:featuredmedia":[{"embeddable":true,"href":"https:\/\/novaluxeurope.com\/en\/wp-json\/wp\/v2\/media\/2665"}],"wp:attachment":[{"href":"https:\/\/novaluxeurope.com\/en\/wp-json\/wp\/v2\/media?parent=2666"}],"wp:term":[{"taxonomy":"product_brand","embeddable":true,"href":"https:\/\/novaluxeurope.com\/en\/wp-json\/wp\/v2\/product_brand?post=2666"},{"taxonomy":"product_cat","embeddable":true,"href":"https:\/\/novaluxeurope.com\/en\/wp-json\/wp\/v2\/product_cat?post=2666"},{"taxonomy":"product_tag","embeddable":true,"href":"https:\/\/novaluxeurope.com\/en\/wp-json\/wp\/v2\/product_tag?post=2666"}],"curies":[{"name":"wp","href":"https:\/\/api.w.org\/{rel}","templated":true}]}}