{"id":2664,"date":"2026-04-10T15:51:19","date_gmt":"2026-04-10T15:51:19","guid":{"rendered":"https:\/\/novaluxeurope.com\/producto\/lattafa-the-kingdom-for-her-2\/"},"modified":"2026-05-06T20:29:16","modified_gmt":"2026-05-06T20:29:16","slug":"lattafa-the-kingdom-for-her-2","status":"publish","type":"product","link":"https:\/\/novaluxeurope.com\/en\/product\/lattafa-the-kingdom-for-her-2\/","title":{"rendered":"Lattafa The Kingdom for her"},"content":{"rendered":"<p dir=\"ltr\"><strong>Una fragancia m\u00e1gica que te transporta al reino de la elegancia<\/strong><\/p>\n<p dir=\"ltr\">\u00bfQu\u00e9 te parecer\u00eda lucir tu feminidad y envolverte en un velo fragante especial para ti? El eau de parfum Lattafa The Kingdom for Her te cautiva con su armon\u00eda de frescor, dulzor y notas c\u00e1lidas. La radiante combinaci\u00f3n de frutas y flores se dirige a aquellas mujeres que buscan una fragancia que realce su estilo \u00fanico.<\/p>\n<ul>\n<li value=\"1\">fragancia frutal y floral con notas c\u00e1lidas<\/li>\n<li value=\"2\">ideal para el d\u00eda a d\u00eda y eventos nocturnos<\/li>\n<li value=\"3\">potencia la elegancia y encanto naturales<\/li>\n<\/ul>\n<p dir=\"ltr\"><strong>Composici\u00f3n de la fragancia:<\/strong><br \/>La fragancia se presenta con la jugosa grosella negra, la fresca pera y el delicado aroma de la peonia, que conforman las notas de salida. En las notas de coraz\u00f3n surgen el dulce pralin\u00e9 y las cremosas habas tonka, intensificados por el delicado jazm\u00edn. Las notas de fondo, representadas por la c\u00e1lida vainilla, la aterciopelada madera de s\u00e1ndalo, una nota dorada de \u00e1mbar y el sensual almizcle, dejan una huella elegante e inolvidable.<\/p>\n<p dir=\"ltr\"><strong>Historia de la fragancia:<\/strong><br \/>Con su dise\u00f1o, el frasco de Lattafa The Kingdom for Her evoca la elegancia y el refinamiento de la realeza. Inspirada en la belleza femenina atemporal, celebra la confianza en una misma y el estilo. Con esta fragancia siempre te sentir\u00e1s \u00fanica.<\/p>\n<h4>Pir\u00e1mide olfativa<\/h4>\n<ul>\n<li><strong>Notas de entrada:<\/strong> \u00e1mbar, almizcle, madera de s\u00e1ndalo, vainilla<\/li>\n<li><strong>Notas de coraz\u00f3n:<\/strong> grosella negra, pera, peon\u00eda<\/li>\n<li><strong>Notas de salida:<\/strong> haba tonka, jazm\u00edn, pralin\u00e9<\/li>\n<\/ul>","protected":false},"excerpt":{"rendered":"<p>Una fragancia m\u00e1gica que te transporta al reino de la elegancia \u00bfQu\u00e9 te parecer\u00eda lucir tu feminidad y envolverte en un velo fragante especial para ti? El eau de parfum Lattafa The Kingdom for Her te cautiva con su armon\u00eda de frescor, dulzor y notas c\u00e1lidas. La radiante combinaci\u00f3n de frutas y flores se dirige [&hellip;]<\/p>\n","protected":false},"featured_media":2083,"comment_status":"open","ping_status":"closed","template":"","meta":[],"product_brand":[310],"product_cat":[225],"product_tag":[59,52,111,79,56,47,57,112,159,63],"class_list":{"0":"post-2664","1":"product","2":"type-product","3":"status-publish","4":"has-post-thumbnail","6":"product_brand-lattafa","7":"product_cat-perfumes-y-fragancias","8":"product_tag-almizcle","9":"product_tag-ambar","10":"product_tag-grosella-negra","11":"product_tag-haba-tonka","12":"product_tag-jazmin","13":"product_tag-madera-de-sandalo","14":"product_tag-peonia","15":"product_tag-pera","16":"product_tag-praline","17":"product_tag-vainilla","19":"first","20":"instock","21":"taxable","22":"shipping-taxable","23":"product-type-simple"},"_links":{"self":[{"href":"https:\/\/novaluxeurope.com\/en\/wp-json\/wp\/v2\/product\/2664","targetHints":{"allow":["GET"]}}],"collection":[{"href":"https:\/\/novaluxeurope.com\/en\/wp-json\/wp\/v2\/product"}],"about":[{"href":"https:\/\/novaluxeurope.com\/en\/wp-json\/wp\/v2\/types\/product"}],"replies":[{"embeddable":true,"href":"https:\/\/novaluxeurope.com\/en\/wp-json\/wp\/v2\/comments?post=2664"}],"wp:featuredmedia":[{"embeddable":true,"href":"https:\/\/novaluxeurope.com\/en\/wp-json\/wp\/v2\/media\/2083"}],"wp:attachment":[{"href":"https:\/\/novaluxeurope.com\/en\/wp-json\/wp\/v2\/media?parent=2664"}],"wp:term":[{"taxonomy":"product_brand","embeddable":true,"href":"https:\/\/novaluxeurope.com\/en\/wp-json\/wp\/v2\/product_brand?post=2664"},{"taxonomy":"product_cat","embeddable":true,"href":"https:\/\/novaluxeurope.com\/en\/wp-json\/wp\/v2\/product_cat?post=2664"},{"taxonomy":"product_tag","embeddable":true,"href":"https:\/\/novaluxeurope.com\/en\/wp-json\/wp\/v2\/product_tag?post=2664"}],"curies":[{"name":"wp","href":"https:\/\/api.w.org\/{rel}","templated":true}]}}