{"id":2658,"date":"2026-04-10T15:51:18","date_gmt":"2026-04-10T15:51:18","guid":{"rendered":"https:\/\/novaluxeurope.com\/producto\/lattafa-thameen-collection-wild-vanile-edp-u-100-ml\/"},"modified":"2026-05-07T12:01:25","modified_gmt":"2026-05-07T12:01:25","slug":"lattafa-thameen-collection-wild-vanile-edp-u-100-ml","status":"publish","type":"product","link":"https:\/\/novaluxeurope.com\/en\/product\/lattafa-thameen-collection-wild-vanile-edp-u-100-ml\/","title":{"rendered":"Lattafa Thameen Collection"},"content":{"rendered":"<p>Descubre el cautivador encanto de Wild Vanille Thameen Collection Musk de Lattafa, una fragancia unisex que combina magistralmente la sofisticaci\u00f3n con un toque de naturaleza. Este Eau de Parfum (EDP) en spray de 100 ml ofrece una experiencia olfativa \u00fanica creada para hombres y mujeres que aprecian las cosas buenas de la vida. Wild Vanille Thameen Collection Musk se abre con vigorizantes notas de salida de t\u00e9 verde y acentos afrutados, creando una introducci\u00f3n refrescante y estimulante. A medida que la fragancia evoluciona, la nota de coraz\u00f3n de lim\u00f3n picante a\u00f1ade una explosi\u00f3n de energ\u00eda, equilibrando perfectamente la frescura inicial. Por \u00faltimo, la fragancia se asienta en una base c\u00e1lida y reconfortante de vainilla cremosa y delicado almizcle blanco, dejando una estela persistente que resulta encantadora y memorable. Perteneciente a la familia olfativa Almizcle Floral Amaderado, esta fragancia es un testimonio de la dedicaci\u00f3n de Lattafa a la calidad y la innovaci\u00f3n. Cada vaporizaci\u00f3n le envuelve en una armoniosa mezcla de elementos florales y amaderados, realzados por los sutiles matices del almizcle. Es la elecci\u00f3n perfecta para quienes buscan una fragancia vers\u00e1til que pueda pasar sin esfuerzo del d\u00eda a la noche. El elegante dise\u00f1o del frasco refleja la naturaleza lujosa de la fragancia que contiene, convirti\u00e9ndolo en un complemento destacado de cualquier colecci\u00f3n. Tanto si desea darse un capricho como si busca el regalo perfecto, Wild Vanille Thameen Collection Musk le impresionar\u00e1. NOTAS DE PERFUME Notas de salida: T\u00e9 verde, notas afrutadas Notas medias: Lim\u00f3n Notas de Fondo: Almizcle blanco, Vainilla<\/p>\n<h4>Pir\u00e1mide olfativa<\/h4>\n<ul>\n<li><strong>Notas de entrada:<\/strong> T\u00e9 verde, Notas afrutadas<\/li>\n<li><strong>Notas de coraz\u00f3n:<\/strong> Lim\u00f3n<\/li>\n<li><strong>Notas de salida:<\/strong> Almizcle blanco, Vainilla<\/li>\n<\/ul>","protected":false},"excerpt":{"rendered":"<p>Descubre el cautivador encanto de Wild Vanille Thameen Collection Musk de Lattafa, una fragancia unisex que combina magistralmente la sofisticaci\u00f3n con un toque de naturaleza. Este Eau de Parfum (EDP) en spray de 100 ml ofrece una experiencia olfativa \u00fanica creada para hombres y mujeres que aprecian las cosas buenas de la vida. Wild Vanille [&hellip;]<\/p>\n","protected":false},"featured_media":2657,"comment_status":"open","ping_status":"closed","template":"","meta":[],"product_brand":[310],"product_cat":[225],"product_tag":[169,140,514,270,63],"class_list":{"0":"post-2658","1":"product","2":"type-product","3":"status-publish","4":"has-post-thumbnail","6":"product_brand-lattafa","7":"product_cat-perfumes-y-fragancias","8":"product_tag-almizcle-blanco","9":"product_tag-limon","10":"product_tag-notas-afrutadas","11":"product_tag-te-verde","12":"product_tag-vainilla","14":"first","15":"instock","16":"taxable","17":"shipping-taxable","18":"product-type-simple"},"_links":{"self":[{"href":"https:\/\/novaluxeurope.com\/en\/wp-json\/wp\/v2\/product\/2658","targetHints":{"allow":["GET"]}}],"collection":[{"href":"https:\/\/novaluxeurope.com\/en\/wp-json\/wp\/v2\/product"}],"about":[{"href":"https:\/\/novaluxeurope.com\/en\/wp-json\/wp\/v2\/types\/product"}],"replies":[{"embeddable":true,"href":"https:\/\/novaluxeurope.com\/en\/wp-json\/wp\/v2\/comments?post=2658"}],"wp:featuredmedia":[{"embeddable":true,"href":"https:\/\/novaluxeurope.com\/en\/wp-json\/wp\/v2\/media\/2657"}],"wp:attachment":[{"href":"https:\/\/novaluxeurope.com\/en\/wp-json\/wp\/v2\/media?parent=2658"}],"wp:term":[{"taxonomy":"product_brand","embeddable":true,"href":"https:\/\/novaluxeurope.com\/en\/wp-json\/wp\/v2\/product_brand?post=2658"},{"taxonomy":"product_cat","embeddable":true,"href":"https:\/\/novaluxeurope.com\/en\/wp-json\/wp\/v2\/product_cat?post=2658"},{"taxonomy":"product_tag","embeddable":true,"href":"https:\/\/novaluxeurope.com\/en\/wp-json\/wp\/v2\/product_tag?post=2658"}],"curies":[{"name":"wp","href":"https:\/\/api.w.org\/{rel}","templated":true}]}}