{"id":2651,"date":"2026-04-10T15:51:16","date_gmt":"2026-04-10T15:51:16","guid":{"rendered":"https:\/\/novaluxeurope.com\/producto\/lattafa-thameen-collection-sugar-plum-edp-u-100-ml\/"},"modified":"2026-05-05T08:01:35","modified_gmt":"2026-05-05T08:01:35","slug":"lattafa-thameen-collection-sugar-plum-edp-u-100-ml","status":"publish","type":"product","link":"https:\/\/novaluxeurope.com\/en\/product\/lattafa-thameen-collection-sugar-plum-edp-u-100-ml\/","title":{"rendered":"Lattafa Thameen Collection Sugar Plum"},"content":{"rendered":"<p>Descubra el cautivador encanto de Musk Sugar Plum , una encantadora fragancia de la prestigiosa casa de dise\u00f1o Lattafa. Lanzado en 2020, este EDP Spray es una fragancia unisex, por lo que es perfecto para aquellos que aprecian una mezcla de feminidad y masculinidad en sus fragancias. Sum\u00e9rjase en las exuberantes notas de salida de ciruela madura y jazm\u00edn embriagador . Estas notas iniciales crean una deliciosa impresi\u00f3n inicial, preparando el escenario para el coraz\u00f3n de la fragancia. Aqu\u00ed, las notas florales y afrutadas se entrelazan, creando un centro dulce y juguet\u00f3n imposible de ignorar. A medida que la fragancia madura, surgen las notas de fondo de almizcle y \u00e1mbar, que aportan un matiz c\u00e1lido y sensual que perdura en la piel. Estas notas terrosas aportan una gran profundidad y longevidad a la fragancia, haci\u00e9ndola ideal tanto para el d\u00eda como para la noche. Envasado en un vaporizador EDP de 100 ml, Musk Sugar Plum es un complemento vers\u00e1til para su colecci\u00f3n de perfumes. Su c\u00f3digo de barras es 6291108734520, y pertenece a la categor\u00eda de perfumes. El nombre de la fragancia, Musk Sugar Plum, resume perfectamente la esencia de la fragancia, insinuando su aroma dulce y afrutado equilibrado por el caracter\u00edstico almizcle. Musk Sugar Plum de Lattafa es m\u00e1s que una fragancia: es una declaraci\u00f3n de estilo e individualidad. Exuda sofisticaci\u00f3n y encanto, y resuena con el esp\u00edritu contempor\u00e1neo de hombres y mujeres. \u00bfPor qu\u00e9 esperar? Sum\u00e9rjase en el irresistible mundo de Musk Sugar Plum y deje que su historia olfativa \u00fanica se despliegue sobre su piel. NOTAS DE PERFUME Notas altas: Ciruela, jazm\u00edn Notas medias: Notas Florales, Notas Frutales Notas de Fondo: Almizcle, \u00c1mbar<\/p>\n<h4>Pir\u00e1mide olfativa<\/h4>\n<ul>\n<li><strong>Notas de entrada:<\/strong> Ciruela, Jazm\u00edn<\/li>\n<li><strong>Notas de coraz\u00f3n:<\/strong> Notas florales, Notas afrutadas<\/li>\n<li><strong>Notas de salida:<\/strong> Almizcle, \u00c1mbar<\/li>\n<\/ul>","protected":false},"excerpt":{"rendered":"<p>Descubra el cautivador encanto de Musk Sugar Plum , una encantadora fragancia de la prestigiosa casa de dise\u00f1o Lattafa. Lanzado en 2020, este EDP Spray es una fragancia unisex, por lo que es perfecto para aquellos que aprecian una mezcla de feminidad y masculinidad en sus fragancias. Sum\u00e9rjase en las exuberantes notas de salida de [&hellip;]<\/p>\n","protected":false},"featured_media":2650,"comment_status":"open","ping_status":"closed","template":"","meta":[],"product_brand":[310],"product_cat":[225],"product_tag":[59,52,198,56,514,333],"class_list":{"0":"post-2651","1":"product","2":"type-product","3":"status-publish","4":"has-post-thumbnail","6":"product_brand-lattafa","7":"product_cat-perfumes-y-fragancias","8":"product_tag-almizcle","9":"product_tag-ambar","10":"product_tag-ciruela","11":"product_tag-jazmin","12":"product_tag-notas-afrutadas","13":"product_tag-notas-florales","15":"first","16":"instock","17":"taxable","18":"shipping-taxable","19":"product-type-simple"},"_links":{"self":[{"href":"https:\/\/novaluxeurope.com\/en\/wp-json\/wp\/v2\/product\/2651","targetHints":{"allow":["GET"]}}],"collection":[{"href":"https:\/\/novaluxeurope.com\/en\/wp-json\/wp\/v2\/product"}],"about":[{"href":"https:\/\/novaluxeurope.com\/en\/wp-json\/wp\/v2\/types\/product"}],"replies":[{"embeddable":true,"href":"https:\/\/novaluxeurope.com\/en\/wp-json\/wp\/v2\/comments?post=2651"}],"wp:featuredmedia":[{"embeddable":true,"href":"https:\/\/novaluxeurope.com\/en\/wp-json\/wp\/v2\/media\/2650"}],"wp:attachment":[{"href":"https:\/\/novaluxeurope.com\/en\/wp-json\/wp\/v2\/media?parent=2651"}],"wp:term":[{"taxonomy":"product_brand","embeddable":true,"href":"https:\/\/novaluxeurope.com\/en\/wp-json\/wp\/v2\/product_brand?post=2651"},{"taxonomy":"product_cat","embeddable":true,"href":"https:\/\/novaluxeurope.com\/en\/wp-json\/wp\/v2\/product_cat?post=2651"},{"taxonomy":"product_tag","embeddable":true,"href":"https:\/\/novaluxeurope.com\/en\/wp-json\/wp\/v2\/product_tag?post=2651"}],"curies":[{"name":"wp","href":"https:\/\/api.w.org\/{rel}","templated":true}]}}