{"id":2644,"date":"2026-04-10T15:51:14","date_gmt":"2026-04-10T15:51:14","guid":{"rendered":"https:\/\/novaluxeurope.com\/producto\/lattafa-thameen-collection-so-poudree-edp-u-100-ml\/"},"modified":"2026-04-24T13:31:53","modified_gmt":"2026-04-24T13:31:53","slug":"lattafa-thameen-collection-so-poudree-edp-u-100-ml","status":"publish","type":"product","link":"https:\/\/novaluxeurope.com\/en\/product\/lattafa-thameen-collection-so-poudree-edp-u-100-ml\/","title":{"rendered":"Lattafa Thameen Collection So Poudree"},"content":{"rendered":"<p>Presentamos So Poudree Thameen Collection Musk de Lattafa , un sensacional perfume unisex que hizo su gran debut en 2020. Esta encantadora fragancia, presentada en un frasco de 100 ml EDP Spray, es una mezcla perfecta de sofisticaci\u00f3n moderna y elegancia atemporal. Sum\u00e9rjase en las seductoras notas de salida de aromas florales y empolvados, que preparan el escenario para las notas de coraz\u00f3n de aromas amaderados y empolvados. Estas cautivadoras capas se entrelazan delicadamente y preparan el camino para las notas de fondo de \u00e1mbar y almizcle, creando una fragancia \u00fanica y embriagadora. Este perfume unisex, que forma parte de la apreciada colecci\u00f3n So Poudree Thameen, ha sido elaborado por la renombrada casa de dise\u00f1o Lattafa. Es una opci\u00f3n exquisita para quienes buscan una fragancia tan \u00fanica como ellos, una fragancia que trasciende sin esfuerzo las fronteras de g\u00e9nero. Con el c\u00f3digo de barras 6291108734506, esta fragancia es un testimonio del compromiso de Lattafa con la calidad. No es s\u00f3lo un perfume, sino un viaje olfativo que deja una impresi\u00f3n duradera. Experimente So Poudree Thameen Collection Musk de Lattafa y deje que se convierta en una extensi\u00f3n de su personalidad. NOTAS DE PERFUME Notas de salida: Notas empolvadas, notas florales Notas medias: Notas Amaderadas, Notas Empolvadas Notas de Fondo: \u00c1mbar, Almizcle<\/p>\n<h4>Pir\u00e1mide olfativa<\/h4>\n<ul>\n<li><strong>Notas de entrada:<\/strong> Notas empolvadas, Notas florales<\/li>\n<li><strong>Notas de coraz\u00f3n:<\/strong> Notas de madera, Notas empolvadas<\/li>\n<li><strong>Notas de salida:<\/strong> \u00c1mbar, Almizcle<\/li>\n<\/ul>","protected":false},"excerpt":{"rendered":"<p>Presentamos So Poudree Thameen Collection Musk de Lattafa , un sensacional perfume unisex que hizo su gran debut en 2020. Esta encantadora fragancia, presentada en un frasco de 100 ml EDP Spray, es una mezcla perfecta de sofisticaci\u00f3n moderna y elegancia atemporal. Sum\u00e9rjase en las seductoras notas de salida de aromas florales y empolvados, que [&hellip;]<\/p>\n","protected":false},"featured_media":2643,"comment_status":"open","ping_status":"closed","template":"","meta":[],"product_brand":[310],"product_cat":[225],"product_tag":[59,52,457,471,333],"class_list":{"0":"post-2644","1":"product","2":"type-product","3":"status-publish","4":"has-post-thumbnail","6":"product_brand-lattafa","7":"product_cat-perfumes-y-fragancias","8":"product_tag-almizcle","9":"product_tag-ambar","10":"product_tag-notas-de-madera","11":"product_tag-notas-empolvadas","12":"product_tag-notas-florales","14":"first","15":"outofstock","16":"taxable","17":"shipping-taxable","18":"product-type-simple"},"_links":{"self":[{"href":"https:\/\/novaluxeurope.com\/en\/wp-json\/wp\/v2\/product\/2644","targetHints":{"allow":["GET"]}}],"collection":[{"href":"https:\/\/novaluxeurope.com\/en\/wp-json\/wp\/v2\/product"}],"about":[{"href":"https:\/\/novaluxeurope.com\/en\/wp-json\/wp\/v2\/types\/product"}],"replies":[{"embeddable":true,"href":"https:\/\/novaluxeurope.com\/en\/wp-json\/wp\/v2\/comments?post=2644"}],"wp:featuredmedia":[{"embeddable":true,"href":"https:\/\/novaluxeurope.com\/en\/wp-json\/wp\/v2\/media\/2643"}],"wp:attachment":[{"href":"https:\/\/novaluxeurope.com\/en\/wp-json\/wp\/v2\/media?parent=2644"}],"wp:term":[{"taxonomy":"product_brand","embeddable":true,"href":"https:\/\/novaluxeurope.com\/en\/wp-json\/wp\/v2\/product_brand?post=2644"},{"taxonomy":"product_cat","embeddable":true,"href":"https:\/\/novaluxeurope.com\/en\/wp-json\/wp\/v2\/product_cat?post=2644"},{"taxonomy":"product_tag","embeddable":true,"href":"https:\/\/novaluxeurope.com\/en\/wp-json\/wp\/v2\/product_tag?post=2644"}],"curies":[{"name":"wp","href":"https:\/\/api.w.org\/{rel}","templated":true}]}}