{"id":2637,"date":"2026-04-10T15:51:12","date_gmt":"2026-04-10T15:51:12","guid":{"rendered":"https:\/\/novaluxeurope.com\/producto\/lattafa-thameen-collection-candy-rose-edp-u-100-ml\/"},"modified":"2026-05-07T12:01:24","modified_gmt":"2026-05-07T12:01:24","slug":"lattafa-thameen-collection-candy-rose-edp-u-100-ml","status":"publish","type":"product","link":"https:\/\/novaluxeurope.com\/en\/product\/lattafa-thameen-collection-candy-rose-edp-u-100-ml\/","title":{"rendered":"Lattafa Thameen Collection Candy Rose"},"content":{"rendered":"<p>Experimenta el cautivador encanto de Candy Rose Thameen Collection Musk de Lattafa . Lanzada en 2020, esta fragancia unisex es una deliciosa mezcla de notas florales, amaderadas y almizcladas que encantar\u00e1n tus sentidos. Esta exquisita fragancia se abre con las refrescantes notas de salida de c\u00edtricos y rosa , creando una introducci\u00f3n vibrante y acogedora. A medida que la fragancia evoluciona, las notas de coraz\u00f3n de delicadas notas florales y almizcle blanco adquieren protagonismo, a\u00f1adiendo un toque sofisticado y elegante. Por \u00faltimo, las notas de fondo de almizcle y \u00e1mbar proporcionan un acabado c\u00e1lido y duradero que perdura maravillosamente en la piel. Elaborado por la prestigiosa casa de dise\u00f1o Lattafa, Candy Rose Thameen Collection Musk es un Eau de Parfum (EDP) en spray que se presenta en un generoso frasco de 100 ml. Esta fragancia pertenece a la familia olfativa Almizcle Floral Amaderado, lo que la convierte en una opci\u00f3n vers\u00e1til para cualquier ocasi\u00f3n. Con su mezcla \u00fanica de ingredientes y su excepcional artesan\u00eda, el almizcle de la colecci\u00f3n Candy Rose Thameen de Lattafa se convertir\u00e1 en su nueva fragancia de cabecera. Ya sea para darse un capricho o para buscar el regalo perfecto, este perfume unisex es un complemento atemporal para cualquier colecci\u00f3n de fragancias. NOTAS DE PERFUME Notas altas: Rosa, notas c\u00edtricas Notas medias: Almizcle Blanco, Notas Florales Notas de Fondo : \u00c1mbar, Almizcle<\/p>\n<h4>Pir\u00e1mide olfativa<\/h4>\n<ul>\n<li><strong>Notas de entrada:<\/strong> Rosa, Notas c\u00edtricas<\/li>\n<li><strong>Notas de coraz\u00f3n:<\/strong> Almizcle blanco, Notas florales<\/li>\n<li><strong>Notas de salida:<\/strong> \u00c1mbar, Almizcle<\/li>\n<\/ul>","protected":false},"excerpt":{"rendered":"<p>Experimenta el cautivador encanto de Candy Rose Thameen Collection Musk de Lattafa . Lanzada en 2020, esta fragancia unisex es una deliciosa mezcla de notas florales, amaderadas y almizcladas que encantar\u00e1n tus sentidos. Esta exquisita fragancia se abre con las refrescantes notas de salida de c\u00edtricos y rosa , creando una introducci\u00f3n vibrante y acogedora. [&hellip;]<\/p>\n","protected":false},"featured_media":2636,"comment_status":"open","ping_status":"closed","template":"","meta":[],"product_brand":[310],"product_cat":[225],"product_tag":[59,169,52,513,333,49],"class_list":{"0":"post-2637","1":"product","2":"type-product","3":"status-publish","4":"has-post-thumbnail","6":"product_brand-lattafa","7":"product_cat-perfumes-y-fragancias","8":"product_tag-almizcle","9":"product_tag-almizcle-blanco","10":"product_tag-ambar","11":"product_tag-notas-citricas","12":"product_tag-notas-florales","13":"product_tag-rosa","15":"first","16":"instock","17":"taxable","18":"shipping-taxable","19":"product-type-simple"},"_links":{"self":[{"href":"https:\/\/novaluxeurope.com\/en\/wp-json\/wp\/v2\/product\/2637","targetHints":{"allow":["GET"]}}],"collection":[{"href":"https:\/\/novaluxeurope.com\/en\/wp-json\/wp\/v2\/product"}],"about":[{"href":"https:\/\/novaluxeurope.com\/en\/wp-json\/wp\/v2\/types\/product"}],"replies":[{"embeddable":true,"href":"https:\/\/novaluxeurope.com\/en\/wp-json\/wp\/v2\/comments?post=2637"}],"wp:featuredmedia":[{"embeddable":true,"href":"https:\/\/novaluxeurope.com\/en\/wp-json\/wp\/v2\/media\/2636"}],"wp:attachment":[{"href":"https:\/\/novaluxeurope.com\/en\/wp-json\/wp\/v2\/media?parent=2637"}],"wp:term":[{"taxonomy":"product_brand","embeddable":true,"href":"https:\/\/novaluxeurope.com\/en\/wp-json\/wp\/v2\/product_brand?post=2637"},{"taxonomy":"product_cat","embeddable":true,"href":"https:\/\/novaluxeurope.com\/en\/wp-json\/wp\/v2\/product_cat?post=2637"},{"taxonomy":"product_tag","embeddable":true,"href":"https:\/\/novaluxeurope.com\/en\/wp-json\/wp\/v2\/product_tag?post=2637"}],"curies":[{"name":"wp","href":"https:\/\/api.w.org\/{rel}","templated":true}]}}