{"id":2630,"date":"2026-04-10T15:51:10","date_gmt":"2026-04-10T15:51:10","guid":{"rendered":"https:\/\/novaluxeurope.com\/producto\/lattafa-teriaq-edp-w-100-ml\/"},"modified":"2026-05-08T16:01:13","modified_gmt":"2026-05-08T16:01:13","slug":"lattafa-teriaq-edp-w-100-ml","status":"publish","type":"product","link":"https:\/\/novaluxeurope.com\/en\/product\/lattafa-teriaq-edp-w-100-ml\/","title":{"rendered":"Lattafa Teriaq"},"content":{"rendered":"<p>Presentamos la \u00faltima obra maestra de Lattafa: Teriaq , una fragancia unisex que cautivar\u00e1 tus sentidos. Lanzada en 2024, esta exquisita fragancia pertenece a la familia olfativa Ambarina Vainilla , lo que la convierte en una mezcla perfecta de calidez y dulzura. Teriaq se abre con una irresistible combinaci\u00f3n de notas de salida , con caramelo, pimienta rosa, almendra amarga y albaricoque . Esta deliciosa mezcla garantiza una primera impresi\u00f3n acogedora y apetitosa. A medida que la fragancia se despliega, las notas de coraz\u00f3n revelan un rico bouquet de miel, ruibarbo, flores blancas y rosa , a\u00f1adiendo un toque de elegancia y sofisticaci\u00f3n. En las notas de fondo de Teriaq es donde realmente se produce la magia. Con una lujosa mezcla de cuero, vainilla, l\u00e1dano, almizcle y vetiver, esta fragancia deja una impresi\u00f3n duradera y memorable. El equilibrio de estos elementos profundos y arraigados crea un aroma c\u00e1lido e intrigante. Elaborado por la prestigiosa casa de dise\u00f1o de Oriente Medio Lattafa, Teriaq es un vaporizador EDP que se presenta en un generoso tama\u00f1o de 100 ml. Su atractivo unisex lo convierte en un complemento vers\u00e1til para cualquier colecci\u00f3n de fragancias, adecuado para cualquier ocasi\u00f3n. NOTAS DE PERFUME Notas de salida: Pimienta rosa, caramelo, almendra amarga, albaricoque Notas medias: Miel, Flores Blancas, Ruibarbo, Rosa Notas de Fondo: Vainilla, cuero, l\u00e1dano, almizcle, vetiver<\/p>\n<h4>Pir\u00e1mide olfativa<\/h4>\n<ul>\n<li><strong>Notas de entrada:<\/strong> Pimienta rosa, Caramelo, Almendra amarga, Albaricoque<\/li>\n<li><strong>Notas de coraz\u00f3n:<\/strong> Miel, Flores blancas, Ruibarbo, Rosa<\/li>\n<li><strong>Notas de salida:<\/strong> Vainilla, Piel, Labdanum, Almizcle, Vetiver<\/li>\n<\/ul>","protected":false},"excerpt":{"rendered":"<p>Presentamos la \u00faltima obra maestra de Lattafa: Teriaq , una fragancia unisex que cautivar\u00e1 tus sentidos. Lanzada en 2024, esta exquisita fragancia pertenece a la familia olfativa Ambarina Vainilla , lo que la convierte en una mezcla perfecta de calidez y dulzura. Teriaq se abre con una irresistible combinaci\u00f3n de notas de salida , con [&hellip;]<\/p>\n","protected":false},"featured_media":2629,"comment_status":"open","ping_status":"closed","template":"","meta":[],"product_brand":[310],"product_cat":[225],"product_tag":[399,512,59,60,110,379,200,137,141,49,191,63,50],"class_list":{"0":"post-2630","1":"product","2":"type-product","3":"status-publish","4":"has-post-thumbnail","6":"product_brand-lattafa","7":"product_cat-perfumes-y-fragancias","8":"product_tag-albaricoque","9":"product_tag-almendra-amarga","10":"product_tag-almizcle","11":"product_tag-caramelo","12":"product_tag-flores-blancas","13":"product_tag-labdanum","14":"product_tag-miel","15":"product_tag-piel","16":"product_tag-pimienta-rosa","17":"product_tag-rosa","18":"product_tag-ruibarbo","19":"product_tag-vainilla","20":"product_tag-vetiver","22":"first","23":"instock","24":"taxable","25":"shipping-taxable","26":"product-type-simple"},"_links":{"self":[{"href":"https:\/\/novaluxeurope.com\/en\/wp-json\/wp\/v2\/product\/2630","targetHints":{"allow":["GET"]}}],"collection":[{"href":"https:\/\/novaluxeurope.com\/en\/wp-json\/wp\/v2\/product"}],"about":[{"href":"https:\/\/novaluxeurope.com\/en\/wp-json\/wp\/v2\/types\/product"}],"replies":[{"embeddable":true,"href":"https:\/\/novaluxeurope.com\/en\/wp-json\/wp\/v2\/comments?post=2630"}],"wp:featuredmedia":[{"embeddable":true,"href":"https:\/\/novaluxeurope.com\/en\/wp-json\/wp\/v2\/media\/2629"}],"wp:attachment":[{"href":"https:\/\/novaluxeurope.com\/en\/wp-json\/wp\/v2\/media?parent=2630"}],"wp:term":[{"taxonomy":"product_brand","embeddable":true,"href":"https:\/\/novaluxeurope.com\/en\/wp-json\/wp\/v2\/product_brand?post=2630"},{"taxonomy":"product_cat","embeddable":true,"href":"https:\/\/novaluxeurope.com\/en\/wp-json\/wp\/v2\/product_cat?post=2630"},{"taxonomy":"product_tag","embeddable":true,"href":"https:\/\/novaluxeurope.com\/en\/wp-json\/wp\/v2\/product_tag?post=2630"}],"curies":[{"name":"wp","href":"https:\/\/api.w.org\/{rel}","templated":true}]}}