{"id":2627,"date":"2026-04-10T15:51:08","date_gmt":"2026-04-10T15:51:08","guid":{"rendered":"https:\/\/novaluxeurope.com\/producto\/lattafa-taweel\/"},"modified":"2026-05-03T22:42:34","modified_gmt":"2026-05-03T22:42:34","slug":"lattafa-taweel","status":"publish","type":"product","link":"https:\/\/novaluxeurope.com\/en\/product\/lattafa-taweel\/","title":{"rendered":"Lattafa Taweel"},"content":{"rendered":"<p>Descubre el aroma lujoso y elegante de la herencia cultural de Oriente. El eau de parfum unisex Lattafa Taweel es una fragancia c\u00edtrica especiada y arom\u00e1tica. La combinaci\u00f3n de notas c\u00edtricas frescas con c\u00e1lidos acordes amaderados crean una composici\u00f3n arom\u00e1tica que traspasa todas las fronteras sin nada que la detenga.<\/p>\n<ul>\n<li>fragancia c\u00edtrica especiada y arom\u00e1tica<\/li>\n<li>fragancia oriental unisex<\/li>\n<li>ideal para cualquier ocasi\u00f3n<\/li>\n<\/ul>\n<p><strong>Composici\u00f3n de la fragancia:<\/strong><br \/>La fragancia se abre con una fresca brisa de bergamota y una combinaci\u00f3n especiada de jengibre, enebro y nuez moscada. Poco a poco se van desplegando unas notas de coraz\u00f3n florales de lavanda y azahar. Todo ello se asienta sobre unas notas de fondo con un sensual acorde de ambroxan, vetiver, cuero y pachuli.<\/p>\n<p><strong>Historia de la fragancia:<\/strong><br \/>La marca de perfumer\u00eda de Dub\u00e1i Lattafa Perfumes Industries L.L.C nos lleva a un mundo de fragancias repletas de lujo y elegancia. Los perfumistas \u00e1rabes se inspiran en su herencia cultural para transformarla en obras que impresionen el coraz\u00f3n y los sentidos.<\/p>\n<h4>Pir\u00e1mide olfativa<\/h4>\n<ul>\n<li><strong>Notas de entrada:<\/strong> Espejo virtual:Prueba maquillaje online, Espejo virtual:, Shade Finder: Encuentrael tono de maquillaje adecuado, Shade Finder: Encuentra, Fant\u00e1sticos regaloscon tu compra, Fant\u00e1sticos regalos, Espejo virtual:Prueba maquillaje online, Espejo virtual:, Ll\u00e1manos al 912 90 14 19, Espejo virtual:Prueba maquillaje online, Espejo virtual:, Shade Finder: Encuentrael tono de maquillaje adecuado, Shade Finder: Encuentra, Fant\u00e1sticos regaloscon tu compra, Fant\u00e1sticos regalos, Espejo virtual:Prueba maquillaje online, Espejo virtual:<\/li>\n<li><strong>Notas de coraz\u00f3n:<\/strong> Espejo virtual:Prueba maquillaje online, Espejo virtual:, Shade Finder: Encuentrael tono de maquillaje adecuado, Shade Finder: Encuentra, Fant\u00e1sticos regaloscon tu compra, Fant\u00e1sticos regalos, Espejo virtual:Prueba maquillaje online, Espejo virtual:, Ll\u00e1manos al 912 90 14 19, Espejo virtual:Prueba maquillaje online, Espejo virtual:, Shade Finder: Encuentrael tono de maquillaje adecuado, Shade Finder: Encuentra, Fant\u00e1sticos regaloscon tu compra, Fant\u00e1sticos regalos, Espejo virtual:Prueba maquillaje online, Espejo virtual:<\/li>\n<li><strong>Notas de salida:<\/strong> Espejo virtual:Prueba maquillaje online, Espejo virtual:, Shade Finder: Encuentrael tono de maquillaje adecuado, Shade Finder: Encuentra, Fant\u00e1sticos regaloscon tu compra, Fant\u00e1sticos regalos, Espejo virtual:Prueba maquillaje online, Espejo virtual:, Ll\u00e1manos al 912 90 14 19, Espejo virtual:Prueba maquillaje online, Espejo virtual:, Shade Finder: Encuentrael tono de maquillaje adecuado, Shade Finder: Encuentra, Fant\u00e1sticos regaloscon tu compra, Fant\u00e1sticos regalos, Espejo virtual:Prueba maquillaje online, Espejo virtual:<\/li>\n<\/ul>","protected":false},"excerpt":{"rendered":"<p>Descubre el aroma lujoso y elegante de la herencia cultural de Oriente. El eau de parfum unisex Lattafa Taweel es una fragancia c\u00edtrica especiada y arom\u00e1tica. La combinaci\u00f3n de notas c\u00edtricas frescas con c\u00e1lidos acordes amaderados crean una composici\u00f3n arom\u00e1tica que traspasa todas las fronteras sin nada que la detenga. fragancia c\u00edtrica especiada y arom\u00e1tica [&hellip;]<\/p>\n","protected":false},"featured_media":2626,"comment_status":"open","ping_status":"closed","template":"","meta":[],"product_brand":[310],"product_cat":[225],"product_tag":[314,315,316,317,318,319,320],"class_list":{"0":"post-2627","1":"product","2":"type-product","3":"status-publish","4":"has-post-thumbnail","6":"product_brand-lattafa","7":"product_cat-perfumes-y-fragancias","8":"product_tag-espejo-virtual","9":"product_tag-espejo-virtualprueba-maquillaje-online","10":"product_tag-fantasticos-regalos","11":"product_tag-fantasticos-regaloscon-tu-compra","12":"product_tag-llamanos-al-912-90-14-19","13":"product_tag-shade-finder-encuentra","14":"product_tag-shade-finder-encuentrael-tono-de-maquillaje-adecuado","16":"first","17":"instock","18":"taxable","19":"shipping-taxable","20":"product-type-simple"},"_links":{"self":[{"href":"https:\/\/novaluxeurope.com\/en\/wp-json\/wp\/v2\/product\/2627","targetHints":{"allow":["GET"]}}],"collection":[{"href":"https:\/\/novaluxeurope.com\/en\/wp-json\/wp\/v2\/product"}],"about":[{"href":"https:\/\/novaluxeurope.com\/en\/wp-json\/wp\/v2\/types\/product"}],"replies":[{"embeddable":true,"href":"https:\/\/novaluxeurope.com\/en\/wp-json\/wp\/v2\/comments?post=2627"}],"wp:featuredmedia":[{"embeddable":true,"href":"https:\/\/novaluxeurope.com\/en\/wp-json\/wp\/v2\/media\/2626"}],"wp:attachment":[{"href":"https:\/\/novaluxeurope.com\/en\/wp-json\/wp\/v2\/media?parent=2627"}],"wp:term":[{"taxonomy":"product_brand","embeddable":true,"href":"https:\/\/novaluxeurope.com\/en\/wp-json\/wp\/v2\/product_brand?post=2627"},{"taxonomy":"product_cat","embeddable":true,"href":"https:\/\/novaluxeurope.com\/en\/wp-json\/wp\/v2\/product_cat?post=2627"},{"taxonomy":"product_tag","embeddable":true,"href":"https:\/\/novaluxeurope.com\/en\/wp-json\/wp\/v2\/product_tag?post=2627"}],"curies":[{"name":"wp","href":"https:\/\/api.w.org\/{rel}","templated":true}]}}