{"id":2620,"date":"2026-04-10T15:51:02","date_gmt":"2026-04-10T15:51:02","guid":{"rendered":"https:\/\/novaluxeurope.com\/producto\/lattafa-sumou-platinum-edp-u-100-ml\/"},"modified":"2026-04-24T13:31:52","modified_gmt":"2026-04-24T13:31:52","slug":"lattafa-sumou-platinum-edp-u-100-ml","status":"publish","type":"product","link":"https:\/\/novaluxeurope.com\/en\/product\/lattafa-sumou-platinum-edp-u-100-ml\/","title":{"rendered":"Lattafa Sumou Platinum"},"content":{"rendered":"<p>Experimente el cautivador encanto de Sumou Platinum de Lattafa, lanzada en 2022. Esta fragancia unisex es una obra maestra de la renombrada casa de dise\u00f1o de Oriente Medio, Lattafa. Sumou Platinum pertenece a la familia olfativa Amaderada Arom\u00e1tica y ofrece una sofisticada mezcla de aromas que atraen tanto a hombres como a mujeres. Las notas de salida de esta exquisita fragancia incluyen los aromas frescos y afrutados de la manzana, la ciruela y el lim\u00f3n, realzados por la vibrante esencia de la bergamota y el geranio, todo ello redondeado con el toque terroso del musgo de roble. Estas esencias iniciales crean una introducci\u00f3n refrescante y vigorizante que cautivar\u00e1 sus sentidos. A medida que la fragancia se despliega, las notas de coraz\u00f3n revelan una composici\u00f3n c\u00e1lida y especiada. La atractiva mezcla de canela, caoba y flor de clavo arom\u00e1tica a\u00f1ade profundidad y riqueza, haci\u00e9ndola perfecta para cualquier ocasi\u00f3n, ya sea informal o formal. Las notas de fondo proporcionan una impresi\u00f3n duradera con las suaves y reconfortantes fragancias de la Vainilla, el S\u00e1ndalo, el Cedro y el Vetiver . Esta armoniosa combinaci\u00f3n garantiza que Sumou Platinum deje una estela memorable y duradera, encarnando la elegancia y la sofisticaci\u00f3n. Sumou Platinum se presenta en un vaporizador EDP de 100 ml, que lo convierte en un complemento perfecto para cualquier colecci\u00f3n de fragancias. Su mezcla \u00fanica de notas y su atractivo unisex la convierten en una elecci\u00f3n vers\u00e1til para cualquiera que desee marcar una \u00e9poca. El c\u00f3digo de barras de este producto es 6291108731031. NOTAS DE PERFUME Notas de salida: Manzanas, ciruelas, bergamota, geranio, limones, musgo de roble Notas medias: Canela, Caoba, Flor de clavo fragante Notas de fondo: Vainilla, S\u00e1ndalo, Cedro, Vetiver<\/p>\n<h4>Pir\u00e1mide olfativa<\/h4>\n<ul>\n<li><strong>Notas de entrada:<\/strong> Manzanas, Ciruelas, Bergamota, Geranio, Limones, Oakmoss<\/li>\n<li><strong>Notas de coraz\u00f3n:<\/strong> Canela, Caoba, Fragante flor de clavo<\/li>\n<li><strong>Notas de salida:<\/strong> Vainilla, S\u00e1ndalo, Cedro, Vetiver<\/li>\n<\/ul>","protected":false},"excerpt":{"rendered":"<p>Experimente el cautivador encanto de Sumou Platinum de Lattafa, lanzada en 2022. Esta fragancia unisex es una obra maestra de la renombrada casa de dise\u00f1o de Oriente Medio, Lattafa. Sumou Platinum pertenece a la familia olfativa Amaderada Arom\u00e1tica y ofrece una sofisticada mezcla de aromas que atraen tanto a hombres como a mujeres. Las notas [&hellip;]<\/p>\n","protected":false},"featured_media":2619,"comment_status":"open","ping_status":"closed","template":"","meta":[],"product_brand":[310],"product_cat":[225],"product_tag":[102,94,507,53,508,509,131,510,511,124,174,63,50],"class_list":{"0":"post-2620","1":"product","2":"type-product","3":"status-publish","4":"has-post-thumbnail","6":"product_brand-lattafa","7":"product_cat-perfumes-y-fragancias","8":"product_tag-bergamota","9":"product_tag-canela","10":"product_tag-caoba","11":"product_tag-cedro","12":"product_tag-ciruelas","13":"product_tag-fragante-flor-de-clavo","14":"product_tag-geranio","15":"product_tag-limones","16":"product_tag-manzanas","17":"product_tag-oakmoss","18":"product_tag-sandalo","19":"product_tag-vainilla","20":"product_tag-vetiver","22":"first","23":"outofstock","24":"taxable","25":"shipping-taxable","26":"product-type-simple"},"_links":{"self":[{"href":"https:\/\/novaluxeurope.com\/en\/wp-json\/wp\/v2\/product\/2620","targetHints":{"allow":["GET"]}}],"collection":[{"href":"https:\/\/novaluxeurope.com\/en\/wp-json\/wp\/v2\/product"}],"about":[{"href":"https:\/\/novaluxeurope.com\/en\/wp-json\/wp\/v2\/types\/product"}],"replies":[{"embeddable":true,"href":"https:\/\/novaluxeurope.com\/en\/wp-json\/wp\/v2\/comments?post=2620"}],"wp:featuredmedia":[{"embeddable":true,"href":"https:\/\/novaluxeurope.com\/en\/wp-json\/wp\/v2\/media\/2619"}],"wp:attachment":[{"href":"https:\/\/novaluxeurope.com\/en\/wp-json\/wp\/v2\/media?parent=2620"}],"wp:term":[{"taxonomy":"product_brand","embeddable":true,"href":"https:\/\/novaluxeurope.com\/en\/wp-json\/wp\/v2\/product_brand?post=2620"},{"taxonomy":"product_cat","embeddable":true,"href":"https:\/\/novaluxeurope.com\/en\/wp-json\/wp\/v2\/product_cat?post=2620"},{"taxonomy":"product_tag","embeddable":true,"href":"https:\/\/novaluxeurope.com\/en\/wp-json\/wp\/v2\/product_tag?post=2620"}],"curies":[{"name":"wp","href":"https:\/\/api.w.org\/{rel}","templated":true}]}}