{"id":2613,"date":"2026-04-10T15:51:00","date_gmt":"2026-04-10T15:51:00","guid":{"rendered":"https:\/\/novaluxeurope.com\/producto\/lattafa-spray-suqraat-edp-m-100-ml\/"},"modified":"2026-05-09T20:01:12","modified_gmt":"2026-05-09T20:01:12","slug":"lattafa-spray-suqraat-edp-m-100-ml","status":"publish","type":"product","link":"https:\/\/novaluxeurope.com\/en\/product\/lattafa-spray-suqraat-edp-m-100-ml\/","title":{"rendered":"Lattafa Spray Suqraat"},"content":{"rendered":"<p>Presentamos Lattafa Men&#8217;s Suqraat EDP , una fragancia cautivadora lanzada en 2022. Dise\u00f1ado exclusivamente para los hombres , esta fragancia arom\u00e1tica es una mezcla perfecta de sofisticaci\u00f3n y encanto. Con un generoso tama\u00f1o de 100 ml, este aerosol Eau De Parfum promete ser una adici\u00f3n duradera a su colecci\u00f3n de fragancias. Elaborado por la prestigiosa casa de dise\u00f1o de Oriente Medio Lattafa, Suqraat posee una armoniosa mezcla de notas exquisitas. Las notas de salida de bergamota refrescante y jengibre picante vigorizan al instante los sentidos y preparan el terreno para una experiencia inolvidable. A medida que la fragancia se despliega, las notas de coraz\u00f3n de relajante Lavanda y sutil Hoja de Violeta crean un aura equilibrada y calmante. Las notas de fondo de almizcle c\u00e1lido, s\u00e1ndalo cremoso y \u00e1mbar intenso proporcionan una impresi\u00f3n duradera, cimentando la fragancia en una esencia sofisticada y masculina. Esta fragancia expertamente elaborada es perfecta para cualquier ocasi\u00f3n, lo que la convierte en una opci\u00f3n vers\u00e1til para el hombre moderno. Lattafa Men&#8217;s Suqraat EDP es m\u00e1s que una fragancia: es una declaraci\u00f3n de elegancia y estilo. NOTAS DE PERFUME Notas altas: Bergamota, jengibre Notas medias: Lavanda, Hoja de Violeta Notas de Fondo: Almizcle, S\u00e1ndalo, \u00c1mbar<\/p>\n<h4>Pir\u00e1mide olfativa<\/h4>\n<ul>\n<li><strong>Notas de entrada:<\/strong> Bergamota, Jengibre<\/li>\n<li><strong>Notas de coraz\u00f3n:<\/strong> Lavanda, Hoja violeta<\/li>\n<li><strong>Notas de salida:<\/strong> Almizcle, S\u00e1ndalo, \u00c1mbar<\/li>\n<\/ul>","protected":false},"excerpt":{"rendered":"<p>Presentamos Lattafa Men&#8217;s Suqraat EDP , una fragancia cautivadora lanzada en 2022. Dise\u00f1ado exclusivamente para los hombres , esta fragancia arom\u00e1tica es una mezcla perfecta de sofisticaci\u00f3n y encanto. Con un generoso tama\u00f1o de 100 ml, este aerosol Eau De Parfum promete ser una adici\u00f3n duradera a su colecci\u00f3n de fragancias. Elaborado por la prestigiosa [&hellip;]<\/p>\n","protected":false},"featured_media":2612,"comment_status":"open","ping_status":"closed","template":"","meta":[],"product_brand":[310],"product_cat":[225],"product_tag":[59,52,102,376,180,73,174],"class_list":{"0":"post-2613","1":"product","2":"type-product","3":"status-publish","4":"has-post-thumbnail","6":"product_brand-lattafa","7":"product_cat-perfumes-y-fragancias","8":"product_tag-almizcle","9":"product_tag-ambar","10":"product_tag-bergamota","11":"product_tag-hoja-violeta","12":"product_tag-jengibre","13":"product_tag-lavanda","14":"product_tag-sandalo","16":"first","17":"instock","18":"taxable","19":"shipping-taxable","20":"product-type-simple"},"_links":{"self":[{"href":"https:\/\/novaluxeurope.com\/en\/wp-json\/wp\/v2\/product\/2613","targetHints":{"allow":["GET"]}}],"collection":[{"href":"https:\/\/novaluxeurope.com\/en\/wp-json\/wp\/v2\/product"}],"about":[{"href":"https:\/\/novaluxeurope.com\/en\/wp-json\/wp\/v2\/types\/product"}],"replies":[{"embeddable":true,"href":"https:\/\/novaluxeurope.com\/en\/wp-json\/wp\/v2\/comments?post=2613"}],"wp:featuredmedia":[{"embeddable":true,"href":"https:\/\/novaluxeurope.com\/en\/wp-json\/wp\/v2\/media\/2612"}],"wp:attachment":[{"href":"https:\/\/novaluxeurope.com\/en\/wp-json\/wp\/v2\/media?parent=2613"}],"wp:term":[{"taxonomy":"product_brand","embeddable":true,"href":"https:\/\/novaluxeurope.com\/en\/wp-json\/wp\/v2\/product_brand?post=2613"},{"taxonomy":"product_cat","embeddable":true,"href":"https:\/\/novaluxeurope.com\/en\/wp-json\/wp\/v2\/product_cat?post=2613"},{"taxonomy":"product_tag","embeddable":true,"href":"https:\/\/novaluxeurope.com\/en\/wp-json\/wp\/v2\/product_tag?post=2613"}],"curies":[{"name":"wp","href":"https:\/\/api.w.org\/{rel}","templated":true}]}}