{"id":2606,"date":"2026-04-10T15:50:59","date_gmt":"2026-04-10T15:50:59","guid":{"rendered":"https:\/\/novaluxeurope.com\/producto\/lattafa-spray-bayaan-edp-w-100-ml\/"},"modified":"2026-04-24T13:31:52","modified_gmt":"2026-04-24T13:31:52","slug":"lattafa-spray-bayaan-edp-w-100-ml","status":"publish","type":"product","link":"https:\/\/novaluxeurope.com\/en\/product\/lattafa-spray-bayaan-edp-w-100-ml\/","title":{"rendered":"Lattafa Spray Bayaan"},"content":{"rendered":"<p>Experimente el encantador aroma de Ladies Bayaan EDP Spray de Lattafa. Lanzada en 2023, esta cautivadora fragancia es una mezcla perfecta de refinada elegancia y estilo contempor\u00e1neo, dise\u00f1ada para dejar una impresi\u00f3n duradera. El nombre de la fragancia, Bayaan, resuena con la esencia de la feminidad, haciendo de este perfume una gran elecci\u00f3n para toda dama que desee expresar su individualidad y sofisticaci\u00f3n. Las notas de salida de esta fragancia son el tentador tr\u00edo de Cassis, Litchi y Pimienta rosa. Esta combinaci\u00f3n \u00fanica proporciona un aroma afrutado y especiado que capta la atenci\u00f3n desde la primera pulverizaci\u00f3n. A medida que la fragancia se despliega, las notas de coraz\u00f3n presentan una hermosa mezcla de pralin\u00e9, rosa y cardamomo. La dulzura del pralin\u00e9, la feminidad cl\u00e1sica de la rosa y la calidez ex\u00f3tica del cardamomo crean un coraz\u00f3n encantador y seductor. Por \u00faltimo, las notas de fondo de Musgo, Vainilla y Oud anclan la fragancia con una profundidad c\u00e1lida y terrosa. La riqueza del Musgo, la dulzura de la Vainilla y el encanto oriental del Oud crean un aroma persistente que es realmente irresistible. Este perfume se presenta en un frasco de 100 ml, lo que lo convierte en el tama\u00f1o perfecto tanto para el uso diario como para viajar. Perteneciente a la distinguida casa de dise\u00f1o Lattafa, Ladies Bayaan EDP Spray es un testimonio del compromiso de la marca con la creaci\u00f3n de fragancias memorables de alta calidad. Su c\u00f3digo de barras, 6290360591490, asegura la autenticidad, garantizando que cada pulverizaci\u00f3n es un chorro de puro lujo. NOTAS DE PERFUME Notas de salida: Cassis, Litchi, Pimienta rosa Notas medias: Rosa, Cardamomo, Pralin\u00e9 Notas de Fondo: Musgo, Oud, Vainilla<\/p>\n<h4>Pir\u00e1mide olfativa<\/h4>\n<ul>\n<li><strong>Notas de entrada:<\/strong> Cassis, Litchi, Pimienta rosa<\/li>\n<li><strong>Notas de coraz\u00f3n:<\/strong> Rosa, Cardamomo, Pralin\u00e9<\/li>\n<li><strong>Notas de salida:<\/strong> Musgo, Oud, Vainilla<\/li>\n<\/ul>","protected":false},"excerpt":{"rendered":"<p>Experimente el encantador aroma de Ladies Bayaan EDP Spray de Lattafa. Lanzada en 2023, esta cautivadora fragancia es una mezcla perfecta de refinada elegancia y estilo contempor\u00e1neo, dise\u00f1ada para dejar una impresi\u00f3n duradera. El nombre de la fragancia, Bayaan, resuena con la esencia de la feminidad, haciendo de este perfume una gran elecci\u00f3n para toda [&hellip;]<\/p>\n","protected":false},"featured_media":2605,"comment_status":"open","ping_status":"closed","template":"","meta":[],"product_brand":[310],"product_cat":[225],"product_tag":[77,134,361,161,48,141,159,49,63],"class_list":{"0":"post-2606","1":"product","2":"type-product","3":"status-publish","4":"has-post-thumbnail","6":"product_brand-lattafa","7":"product_cat-perfumes-y-fragancias","8":"product_tag-cardamomo","9":"product_tag-cassis","10":"product_tag-litchi","11":"product_tag-musgo","12":"product_tag-oud","13":"product_tag-pimienta-rosa","14":"product_tag-praline","15":"product_tag-rosa","16":"product_tag-vainilla","18":"first","19":"instock","20":"taxable","21":"shipping-taxable","22":"product-type-simple"},"_links":{"self":[{"href":"https:\/\/novaluxeurope.com\/en\/wp-json\/wp\/v2\/product\/2606","targetHints":{"allow":["GET"]}}],"collection":[{"href":"https:\/\/novaluxeurope.com\/en\/wp-json\/wp\/v2\/product"}],"about":[{"href":"https:\/\/novaluxeurope.com\/en\/wp-json\/wp\/v2\/types\/product"}],"replies":[{"embeddable":true,"href":"https:\/\/novaluxeurope.com\/en\/wp-json\/wp\/v2\/comments?post=2606"}],"wp:featuredmedia":[{"embeddable":true,"href":"https:\/\/novaluxeurope.com\/en\/wp-json\/wp\/v2\/media\/2605"}],"wp:attachment":[{"href":"https:\/\/novaluxeurope.com\/en\/wp-json\/wp\/v2\/media?parent=2606"}],"wp:term":[{"taxonomy":"product_brand","embeddable":true,"href":"https:\/\/novaluxeurope.com\/en\/wp-json\/wp\/v2\/product_brand?post=2606"},{"taxonomy":"product_cat","embeddable":true,"href":"https:\/\/novaluxeurope.com\/en\/wp-json\/wp\/v2\/product_cat?post=2606"},{"taxonomy":"product_tag","embeddable":true,"href":"https:\/\/novaluxeurope.com\/en\/wp-json\/wp\/v2\/product_tag?post=2606"}],"curies":[{"name":"wp","href":"https:\/\/api.w.org\/{rel}","templated":true}]}}