{"id":2599,"date":"2026-04-10T15:50:57","date_gmt":"2026-04-10T15:50:57","guid":{"rendered":"https:\/\/novaluxeurope.com\/producto\/lattafa-spray-ajwad-pink-to-pink-edp-u-100-ml\/"},"modified":"2026-05-10T04:01:30","modified_gmt":"2026-05-10T04:01:30","slug":"lattafa-spray-ajwad-pink-to-pink-edp-u-100-ml","status":"publish","type":"product","link":"https:\/\/novaluxeurope.com\/en\/product\/lattafa-spray-ajwad-pink-to-pink-edp-u-100-ml\/","title":{"rendered":"Lattafa Spray Ajwad Pink to Pink"},"content":{"rendered":"<p>Presentamos la \u00faltima sensaci\u00f3n de Lattafa, el Eau de Parfum Ajwad Pink To Pink. Esta obra maestra de 2,0 oz de fragancia est\u00e1 hecha para aquellos que se atreven a destacar, independientemente de su sexo. Con su lanzamiento en 2024, Ajwad Pink To Pink se convertir\u00e1 en la fragancia del futuro. Dise\u00f1ada para cautivar e inspirar, esta fragancia unisex es una armoniosa mezcla de vitalidad y sofisticaci\u00f3n, encapsulada en un elegante frasco que dice mucho de su encanto sin decir una palabra. Ajwad Pink To Pink se abre con una vibrante explosi\u00f3n de guayaba, pomelo rosa, frambuesa y pimienta rosa, creando una estimulante nota de salida tan refrescante como el amanecer de un nuevo d\u00eda. Esta animada introducci\u00f3n da paso al coraz\u00f3n de la fragancia, donde se entrelazan los aromas rom\u00e1nticos y exuberantes de la rosa, la peon\u00eda y la magnolia, creando un ramo encantador que captura la esencia del amor y la alegr\u00eda. El viaje concluye con un profundo fondo de cuero, almizcle, \u00e1mbar gris, vainilla y musgo, que envuelve la fragancia en un aura rica y sensual, cautivadora y duradera. Esta combinaci\u00f3n \u00fanica de notas garantiza que Ajwad Pink To Pink deje una impresi\u00f3n memorable, marcada por su elegancia distintiva y su esp\u00edritu desenfrenado. Dise\u00f1ado por la prestigiosa Lattafa, un nombre sin\u00f3nimo de lujo y refinamiento, Ajwad Pink To Pink es m\u00e1s que una fragancia: es una experiencia. NOTAS DE PERFUME Notas de salida: Pomelo rosa, pimienta rosa, frambuesa, guayaba Notas medias: Rosas, Peon\u00eda, Magnolia Notas de Fondo: Almizcle, Cuero, Vainilla, \u00c1mbar gris, Musgo<\/p>\n<h4>Pir\u00e1mide olfativa<\/h4>\n<ul>\n<li><strong>Notas de entrada:<\/strong> Pomelo rosa, Pimienta rosa, Frambuesa, Guayaba<\/li>\n<li><strong>Notas de coraz\u00f3n:<\/strong> Rosas, Peon\u00eda, Magnolia<\/li>\n<li><strong>Notas de salida:<\/strong> Almizcle, Piel, Vainilla, Ambergris, Musgo<\/li>\n<\/ul>","protected":false},"excerpt":{"rendered":"<p>Presentamos la \u00faltima sensaci\u00f3n de Lattafa, el Eau de Parfum Ajwad Pink To Pink. Esta obra maestra de 2,0 oz de fragancia est\u00e1 hecha para aquellos que se atreven a destacar, independientemente de su sexo. Con su lanzamiento en 2024, Ajwad Pink To Pink se convertir\u00e1 en la fragancia del futuro. Dise\u00f1ada para cautivar e [&hellip;]<\/p>\n","protected":false},"featured_media":2598,"comment_status":"open","ping_status":"closed","template":"","meta":[],"product_brand":[310],"product_cat":[225],"product_tag":[59,234,97,365,472,161,57,137,141,505,506,63],"class_list":{"0":"post-2599","1":"product","2":"type-product","3":"status-publish","4":"has-post-thumbnail","6":"product_brand-lattafa","7":"product_cat-perfumes-y-fragancias","8":"product_tag-almizcle","9":"product_tag-ambergris","10":"product_tag-frambuesa","11":"product_tag-guayaba","12":"product_tag-magnolia","13":"product_tag-musgo","14":"product_tag-peonia","15":"product_tag-piel","16":"product_tag-pimienta-rosa","17":"product_tag-pomelo-rosa","18":"product_tag-rosas","19":"product_tag-vainilla","21":"first","22":"instock","23":"taxable","24":"shipping-taxable","25":"product-type-simple"},"_links":{"self":[{"href":"https:\/\/novaluxeurope.com\/en\/wp-json\/wp\/v2\/product\/2599","targetHints":{"allow":["GET"]}}],"collection":[{"href":"https:\/\/novaluxeurope.com\/en\/wp-json\/wp\/v2\/product"}],"about":[{"href":"https:\/\/novaluxeurope.com\/en\/wp-json\/wp\/v2\/types\/product"}],"replies":[{"embeddable":true,"href":"https:\/\/novaluxeurope.com\/en\/wp-json\/wp\/v2\/comments?post=2599"}],"wp:featuredmedia":[{"embeddable":true,"href":"https:\/\/novaluxeurope.com\/en\/wp-json\/wp\/v2\/media\/2598"}],"wp:attachment":[{"href":"https:\/\/novaluxeurope.com\/en\/wp-json\/wp\/v2\/media?parent=2599"}],"wp:term":[{"taxonomy":"product_brand","embeddable":true,"href":"https:\/\/novaluxeurope.com\/en\/wp-json\/wp\/v2\/product_brand?post=2599"},{"taxonomy":"product_cat","embeddable":true,"href":"https:\/\/novaluxeurope.com\/en\/wp-json\/wp\/v2\/product_cat?post=2599"},{"taxonomy":"product_tag","embeddable":true,"href":"https:\/\/novaluxeurope.com\/en\/wp-json\/wp\/v2\/product_tag?post=2599"}],"curies":[{"name":"wp","href":"https:\/\/api.w.org\/{rel}","templated":true}]}}