{"id":2596,"date":"2026-04-10T15:50:56","date_gmt":"2026-04-10T15:50:56","guid":{"rendered":"https:\/\/novaluxeurope.com\/producto\/lattafa-sherif\/"},"modified":"2026-05-10T00:01:17","modified_gmt":"2026-05-10T00:01:17","slug":"lattafa-sherif","status":"publish","type":"product","link":"https:\/\/novaluxeurope.com\/en\/product\/lattafa-sherif\/","title":{"rendered":"Lattafa Sherif"},"content":{"rendered":"<p>\u00a1Sum\u00e9rgete t\u00fa tambi\u00e9n en una fragancia con la que estar\u00e1s de buen humor todo el d\u00eda! El eau de parfum unisex Lattafa Sherif es la expresi\u00f3n del optimismo y de una sensaci\u00f3n de felicidad absoluta.<\/p>\n<ul>\n<li>fragancia amaderada<\/li>\n<li>fragancia almizclada<\/li>\n<li>fragancia c\u00edtrica<\/li>\n<li>para todas aquellas personas que no tienen miedo a destacar<\/li>\n<li>fragancia adecuada para uso diario<\/li>\n<\/ul>\n<h4>Pir\u00e1mide olfativa<\/h4>\n<ul>\n<li><strong>Notas de entrada:<\/strong> manzana, bergamota, petitgrain (naranjo agrio)<\/li>\n<li><strong>Notas de coraz\u00f3n:<\/strong> cashmeran, cedro, violeta<\/li>\n<li><strong>Notas de salida:<\/strong> almizcle, musgo de roble, \u00e1mbar<\/li>\n<\/ul>","protected":false},"excerpt":{"rendered":"<p>\u00a1Sum\u00e9rgete t\u00fa tambi\u00e9n en una fragancia con la que estar\u00e1s de buen humor todo el d\u00eda! El eau de parfum unisex Lattafa Sherif es la expresi\u00f3n del optimismo y de una sensaci\u00f3n de felicidad absoluta. fragancia amaderada fragancia almizclada fragancia c\u00edtrica para todas aquellas personas que no tienen miedo a destacar fragancia adecuada para uso [&hellip;]<\/p>\n","protected":false},"featured_media":2595,"comment_status":"open","ping_status":"closed","template":"","meta":[],"product_brand":[310],"product_cat":[225],"product_tag":[59,52,102,121,53,88,61,236,51],"class_list":{"0":"post-2596","1":"product","2":"type-product","3":"status-publish","4":"has-post-thumbnail","6":"product_brand-lattafa","7":"product_cat-perfumes-y-fragancias","8":"product_tag-almizcle","9":"product_tag-ambar","10":"product_tag-bergamota","11":"product_tag-cashmeran","12":"product_tag-cedro","13":"product_tag-manzana","14":"product_tag-musgo-de-roble","15":"product_tag-petitgrain-naranjo-agrio","16":"product_tag-violeta","18":"first","19":"instock","20":"taxable","21":"shipping-taxable","22":"product-type-simple"},"_links":{"self":[{"href":"https:\/\/novaluxeurope.com\/en\/wp-json\/wp\/v2\/product\/2596","targetHints":{"allow":["GET"]}}],"collection":[{"href":"https:\/\/novaluxeurope.com\/en\/wp-json\/wp\/v2\/product"}],"about":[{"href":"https:\/\/novaluxeurope.com\/en\/wp-json\/wp\/v2\/types\/product"}],"replies":[{"embeddable":true,"href":"https:\/\/novaluxeurope.com\/en\/wp-json\/wp\/v2\/comments?post=2596"}],"wp:featuredmedia":[{"embeddable":true,"href":"https:\/\/novaluxeurope.com\/en\/wp-json\/wp\/v2\/media\/2595"}],"wp:attachment":[{"href":"https:\/\/novaluxeurope.com\/en\/wp-json\/wp\/v2\/media?parent=2596"}],"wp:term":[{"taxonomy":"product_brand","embeddable":true,"href":"https:\/\/novaluxeurope.com\/en\/wp-json\/wp\/v2\/product_brand?post=2596"},{"taxonomy":"product_cat","embeddable":true,"href":"https:\/\/novaluxeurope.com\/en\/wp-json\/wp\/v2\/product_cat?post=2596"},{"taxonomy":"product_tag","embeddable":true,"href":"https:\/\/novaluxeurope.com\/en\/wp-json\/wp\/v2\/product_tag?post=2596"}],"curies":[{"name":"wp","href":"https:\/\/api.w.org\/{rel}","templated":true}]}}