{"id":2592,"date":"2026-04-10T15:50:53","date_gmt":"2026-04-10T15:50:53","guid":{"rendered":"https:\/\/novaluxeurope.com\/producto\/lattafa-sheikh-al-shuyukh-kususi\/"},"modified":"2026-04-24T13:13:56","modified_gmt":"2026-04-24T13:13:56","slug":"lattafa-sheikh-al-shuyukh-kususi","status":"publish","type":"product","link":"https:\/\/novaluxeurope.com\/en\/product\/lattafa-sheikh-al-shuyukh-kususi\/","title":{"rendered":"Lattafa Sheikh Al Shuyukh Kususi"},"content":{"rendered":"<p>\u00bfTienes una cita, vas a una fiesta o has quedado con tus amigos? El eau de parfum unisex Lattafa Sheikh Al Shuyukh Kususi es perfecto para cualquier ocasi\u00f3n en la que desees brillar. Descubre t\u00fa tambi\u00e9n una fragancia que resaltar\u00e1 a la perfecci\u00f3n tu extraordinario atractivo.<\/p>\n<ul>\n<li>fragancia oriental<\/li>\n<li>fragancia arom\u00e1tica con notas herbales<\/li>\n<li>fragancia especiada<\/li>\n<li>para personas con un estilo no convencional<\/li>\n<li>tanto para hombres como para mujeres<\/li>\n<\/ul>\n<h4>Pir\u00e1mide olfativa<\/h4>\n<ul>\n<li><strong>Notas de entrada:<\/strong> lavanda, pimienta negra<\/li>\n<li><strong>Notas de coraz\u00f3n:<\/strong> azafr\u00e1n, clary sage<\/li>\n<li><strong>Notas de salida:<\/strong> cedro, \u00e1mbar, mirra, ambroxan, humo de agar<\/li>\n<\/ul>","protected":false},"excerpt":{"rendered":"<p>\u00bfTienes una cita, vas a una fiesta o has quedado con tus amigos? El eau de parfum unisex Lattafa Sheikh Al Shuyukh Kususi es perfecto para cualquier ocasi\u00f3n en la que desees brillar. Descubre t\u00fa tambi\u00e9n una fragancia que resaltar\u00e1 a la perfecci\u00f3n tu extraordinario atractivo. fragancia oriental fragancia arom\u00e1tica con notas herbales fragancia especiada [&hellip;]<\/p>\n","protected":false},"featured_media":2591,"comment_status":"open","ping_status":"closed","template":"","meta":[],"product_brand":[310],"product_cat":[225],"product_tag":[52,76,87,53,345,432,73,210,323],"class_list":{"0":"post-2592","1":"product","2":"type-product","3":"status-publish","4":"has-post-thumbnail","6":"product_brand-lattafa","7":"product_cat-perfumes-y-fragancias","8":"product_tag-ambar","9":"product_tag-ambroxan","10":"product_tag-azafran","11":"product_tag-cedro","12":"product_tag-clary-sage","13":"product_tag-humo-de-agar","14":"product_tag-lavanda","15":"product_tag-mirra","16":"product_tag-pimienta-negra","18":"first","19":"outofstock","20":"taxable","21":"shipping-taxable","22":"product-type-simple"},"_links":{"self":[{"href":"https:\/\/novaluxeurope.com\/en\/wp-json\/wp\/v2\/product\/2592","targetHints":{"allow":["GET"]}}],"collection":[{"href":"https:\/\/novaluxeurope.com\/en\/wp-json\/wp\/v2\/product"}],"about":[{"href":"https:\/\/novaluxeurope.com\/en\/wp-json\/wp\/v2\/types\/product"}],"replies":[{"embeddable":true,"href":"https:\/\/novaluxeurope.com\/en\/wp-json\/wp\/v2\/comments?post=2592"}],"wp:featuredmedia":[{"embeddable":true,"href":"https:\/\/novaluxeurope.com\/en\/wp-json\/wp\/v2\/media\/2591"}],"wp:attachment":[{"href":"https:\/\/novaluxeurope.com\/en\/wp-json\/wp\/v2\/media?parent=2592"}],"wp:term":[{"taxonomy":"product_brand","embeddable":true,"href":"https:\/\/novaluxeurope.com\/en\/wp-json\/wp\/v2\/product_brand?post=2592"},{"taxonomy":"product_cat","embeddable":true,"href":"https:\/\/novaluxeurope.com\/en\/wp-json\/wp\/v2\/product_cat?post=2592"},{"taxonomy":"product_tag","embeddable":true,"href":"https:\/\/novaluxeurope.com\/en\/wp-json\/wp\/v2\/product_tag?post=2592"}],"curies":[{"name":"wp","href":"https:\/\/api.w.org\/{rel}","templated":true}]}}