{"id":2588,"date":"2026-04-10T15:50:50","date_gmt":"2026-04-10T15:50:50","guid":{"rendered":"https:\/\/novaluxeurope.com\/producto\/lattafa-sheikh-al-shuyukh-luxe-edition\/"},"modified":"2026-04-24T13:31:52","modified_gmt":"2026-04-24T13:31:52","slug":"lattafa-sheikh-al-shuyukh-luxe-edition","status":"publish","type":"product","link":"https:\/\/novaluxeurope.com\/en\/product\/lattafa-sheikh-al-shuyukh-luxe-edition\/","title":{"rendered":"Lattafa Sheikh Al Shuyukh Luxe Edition"},"content":{"rendered":"<p dir=\"ltr\">El eau de parfum unisex Lattafa Sheikh Al Shuyukh Luxe Edition ofrece una armon\u00eda perfecta de notas especiadas y dulces. Esta fragancia llena de lujo representa un puente entre la tradici\u00f3n y la modernidad, entre Oriente y Occidente. Es la elecci\u00f3n ideal para todos aquellos que aprecian la calidad y est\u00e1n buscando una fragancia que exprese su extraordinaria historia.<\/p>\n<ul>\n<li value=\"1\">eau de parfum oriental, amaderado y especiado<\/li>\n<li value=\"2\">ideal para ocasiones especiales y las largas noches de invierno<\/li>\n<li value=\"3\">fragancia unisex<\/li>\n<\/ul>\n<p dir=\"ltr\"><strong>Composici\u00f3n de la fragancia:<\/strong><br \/>Lo primero que notar\u00e1s es la calidez de la vainilla entremezcl\u00e1ndose con el delicado aroma de las rosas y el especiado azafr\u00e1n, que trasladar\u00e1 tus sentidos a jardines ex\u00f3ticos. A continuaci\u00f3n se revela un aroma a dulce caramelo y unas notas terrosas de pachuli. Al final, la profunda y relajante fragancia de la madera de cedro junto con la suave vainilla deja una sensaci\u00f3n c\u00e1lida y duradera.<\/p>\n<p dir=\"ltr\"><strong>Historia de la fragancia:<\/strong><br \/>El eau de parfum Sheikh Al Shuyukh Luxe Edition es una obra maestra que refleja la riqueza y la variedad de la perfumer\u00eda \u00e1rabe. La inspiraci\u00f3n para este perfume fue la uni\u00f3n de las fragancias orientales tradicionales con un toque del lujo y la elegancia del mundo occidental.<\/p>\n<h4>Pir\u00e1mide olfativa<\/h4>\n<ul>\n<li><strong>Notas de entrada:<\/strong> rosa, azafr\u00e1n, canela<\/li>\n<li><strong>Notas de coraz\u00f3n:<\/strong> caramelo, pachuli<\/li>\n<li><strong>Notas de salida:<\/strong> notas amaderadas, vainilla, \u00e1mbar, ambroxan<\/li>\n<\/ul>","protected":false},"excerpt":{"rendered":"<p>El eau de parfum unisex Lattafa Sheikh Al Shuyukh Luxe Edition ofrece una armon\u00eda perfecta de notas especiadas y dulces. Esta fragancia llena de lujo representa un puente entre la tradici\u00f3n y la modernidad, entre Oriente y Occidente. Es la elecci\u00f3n ideal para todos aquellos que aprecian la calidad y est\u00e1n buscando una fragancia que [&hellip;]<\/p>\n","protected":false},"featured_media":2587,"comment_status":"open","ping_status":"closed","template":"","meta":[],"product_brand":[310],"product_cat":[225],"product_tag":[52,76,87,94,60,179,67,49,63],"class_list":{"0":"post-2588","1":"product","2":"type-product","3":"status-publish","4":"has-post-thumbnail","6":"product_brand-lattafa","7":"product_cat-perfumes-y-fragancias","8":"product_tag-ambar","9":"product_tag-ambroxan","10":"product_tag-azafran","11":"product_tag-canela","12":"product_tag-caramelo","13":"product_tag-notas-amaderadas","14":"product_tag-pachuli","15":"product_tag-rosa","16":"product_tag-vainilla","18":"first","19":"outofstock","20":"taxable","21":"shipping-taxable","22":"product-type-simple"},"_links":{"self":[{"href":"https:\/\/novaluxeurope.com\/en\/wp-json\/wp\/v2\/product\/2588","targetHints":{"allow":["GET"]}}],"collection":[{"href":"https:\/\/novaluxeurope.com\/en\/wp-json\/wp\/v2\/product"}],"about":[{"href":"https:\/\/novaluxeurope.com\/en\/wp-json\/wp\/v2\/types\/product"}],"replies":[{"embeddable":true,"href":"https:\/\/novaluxeurope.com\/en\/wp-json\/wp\/v2\/comments?post=2588"}],"wp:featuredmedia":[{"embeddable":true,"href":"https:\/\/novaluxeurope.com\/en\/wp-json\/wp\/v2\/media\/2587"}],"wp:attachment":[{"href":"https:\/\/novaluxeurope.com\/en\/wp-json\/wp\/v2\/media?parent=2588"}],"wp:term":[{"taxonomy":"product_brand","embeddable":true,"href":"https:\/\/novaluxeurope.com\/en\/wp-json\/wp\/v2\/product_brand?post=2588"},{"taxonomy":"product_cat","embeddable":true,"href":"https:\/\/novaluxeurope.com\/en\/wp-json\/wp\/v2\/product_cat?post=2588"},{"taxonomy":"product_tag","embeddable":true,"href":"https:\/\/novaluxeurope.com\/en\/wp-json\/wp\/v2\/product_tag?post=2588"}],"curies":[{"name":"wp","href":"https:\/\/api.w.org\/{rel}","templated":true}]}}