{"id":2586,"date":"2026-04-10T15:50:49","date_gmt":"2026-04-10T15:50:49","guid":{"rendered":"https:\/\/novaluxeurope.com\/producto\/lattafa-sheikh-al-shuyukh-black-2\/"},"modified":"2026-04-24T13:31:52","modified_gmt":"2026-04-24T13:31:52","slug":"lattafa-sheikh-al-shuyukh-black-2","status":"publish","type":"product","link":"https:\/\/novaluxeurope.com\/en\/product\/lattafa-sheikh-al-shuyukh-black-2\/","title":{"rendered":"Lattafa Sheikh Al Shuyukh Black"},"content":{"rendered":"<p>Cada d\u00eda es una nueva oportunidad para afrontar retos. El eau de parfum unisex Lattafa Sheikh Al Shuyukh Black refresca tu mente para que puedas seguir tu instinto con valent\u00eda. L\u00e1nzate al encuentro de la aventura diaria.<\/p>\n<ul>\n<li>fragancia oriental<\/li>\n<li>fragancia foug\u00e8re<\/li>\n<li>fragancia arom\u00e1tica con notas herbales<\/li>\n<li>para personas con un estilo no convencional<\/li>\n<\/ul>\n<h4>Pir\u00e1mide olfativa<\/h4>\n<ul>\n<li><strong>Notas de entrada:<\/strong> oud, cedro<\/li>\n<li><strong>Notas de coraz\u00f3n:<\/strong> lavanda, salvia, romero<\/li>\n<li><strong>Notas de salida:<\/strong> vetiver, pachuli<\/li>\n<\/ul>","protected":false},"excerpt":{"rendered":"<p>Cada d\u00eda es una nueva oportunidad para afrontar retos. El eau de parfum unisex Lattafa Sheikh Al Shuyukh Black refresca tu mente para que puedas seguir tu instinto con valent\u00eda. L\u00e1nzate al encuentro de la aventura diaria. fragancia oriental fragancia foug\u00e8re fragancia arom\u00e1tica con notas herbales para personas con un estilo no convencional Pir\u00e1mide olfativa [&hellip;]<\/p>\n","protected":false},"featured_media":2584,"comment_status":"open","ping_status":"closed","template":"","meta":[],"product_brand":[310],"product_cat":[225],"product_tag":[53,73,48,67,187,242,50],"class_list":{"0":"post-2586","1":"product","2":"type-product","3":"status-publish","4":"has-post-thumbnail","6":"product_brand-lattafa","7":"product_cat-perfumes-y-fragancias","8":"product_tag-cedro","9":"product_tag-lavanda","10":"product_tag-oud","11":"product_tag-pachuli","12":"product_tag-romero","13":"product_tag-salvia","14":"product_tag-vetiver","16":"first","17":"instock","18":"taxable","19":"shipping-taxable","20":"product-type-simple"},"_links":{"self":[{"href":"https:\/\/novaluxeurope.com\/en\/wp-json\/wp\/v2\/product\/2586","targetHints":{"allow":["GET"]}}],"collection":[{"href":"https:\/\/novaluxeurope.com\/en\/wp-json\/wp\/v2\/product"}],"about":[{"href":"https:\/\/novaluxeurope.com\/en\/wp-json\/wp\/v2\/types\/product"}],"replies":[{"embeddable":true,"href":"https:\/\/novaluxeurope.com\/en\/wp-json\/wp\/v2\/comments?post=2586"}],"wp:featuredmedia":[{"embeddable":true,"href":"https:\/\/novaluxeurope.com\/en\/wp-json\/wp\/v2\/media\/2584"}],"wp:attachment":[{"href":"https:\/\/novaluxeurope.com\/en\/wp-json\/wp\/v2\/media?parent=2586"}],"wp:term":[{"taxonomy":"product_brand","embeddable":true,"href":"https:\/\/novaluxeurope.com\/en\/wp-json\/wp\/v2\/product_brand?post=2586"},{"taxonomy":"product_cat","embeddable":true,"href":"https:\/\/novaluxeurope.com\/en\/wp-json\/wp\/v2\/product_cat?post=2586"},{"taxonomy":"product_tag","embeddable":true,"href":"https:\/\/novaluxeurope.com\/en\/wp-json\/wp\/v2\/product_tag?post=2586"}],"curies":[{"name":"wp","href":"https:\/\/api.w.org\/{rel}","templated":true}]}}