{"id":2579,"date":"2026-04-10T15:50:47","date_gmt":"2026-04-10T15:50:47","guid":{"rendered":"https:\/\/novaluxeurope.com\/producto\/lattafa-sheikh-al-shayookh-kususi-edp-u-100-ml\/"},"modified":"2026-04-24T13:31:52","modified_gmt":"2026-04-24T13:31:52","slug":"lattafa-sheikh-al-shayookh-kususi-edp-u-100-ml","status":"publish","type":"product","link":"https:\/\/novaluxeurope.com\/en\/product\/lattafa-sheikh-al-shayookh-kususi-edp-u-100-ml\/","title":{"rendered":"Lattafa Sheikh Al Shayookh Kususi"},"content":{"rendered":"<p>Experimente un encantador viaje a trav\u00e9s del mundo de las fragancias con el Sheikh Al Shayookh Kususi EDP Spray de Lattafa. Este perfume unisex de 100 ml ofrece una ex\u00f3tica mezcla de aromas que seducen los sentidos y dejan una impresi\u00f3n inolvidable. Con notas de salida de lavanda calmante y pimienta negra picante, esta fragancia capta la atenci\u00f3n al instante. Las notas de coraz\u00f3n presentan la riqueza arom\u00e1tica del azafr\u00e1n y la esencia terrosa de la salvia sclarea. Estas combinaciones \u00fanicas aportan un aroma refrescante y c\u00e1lido, adecuado para cualquier ocasi\u00f3n. Las notas de fondo de Sheikh Al Shayookh Kususi son fascinantes. Se despliega con la fragancia amaderada del cedro y el aroma c\u00e1lido y resinoso del \u00e1mbar. La dulzura de la mirra y el tono almizclado del ambroxan realzan a\u00fan m\u00e1s la profundidad de la fragancia. Por \u00faltimo, pero no por ello menos importante, el noble aroma de la madera de agar (oud) deja una estela rica y persistente que encarna el lujo y la sofisticaci\u00f3n. Dise\u00f1ado por la renombrada casa Lattafa, Sheikh Al Shayookh Kususu es un perfume unisex \u00fanico que trasciende las fronteras de g\u00e9nero. Su formato en aerosol EDP (Eau de Parfum) garantiza un aroma de larga duraci\u00f3n que le mantiene fresco y acogedor durante todo el d\u00eda. Con su llamativo dise\u00f1o y su c\u00f3digo de barras 6769824658135, este perfume es un regalo perfecto o un fant\u00e1stico complemento para su colecci\u00f3n de fragancias. Elija Sheikh Al Shayookh Kususi EDP Spray de Lattafa para disfrutar de una experiencia olfativa seductora e inolvidable. Esta fragancia unisex es m\u00e1s que un perfume: es una declaraci\u00f3n de elegancia e individualidad. NOTAS DE PERFUME Notas de salida: Lavanda, pimienta negra Notas medias: Azafr\u00e1n, Salvia sclarea Notas de fondo: Cedro, \u00c1mbar, Mirra, Ambroxan, Madera de Agar (Oud)<\/p>\n<h4>Pir\u00e1mide olfativa<\/h4>\n<ul>\n<li><strong>Notas de entrada:<\/strong> Lavanda, Pimienta negra<\/li>\n<li><strong>Notas de coraz\u00f3n:<\/strong> Azafr\u00e1n, Salvia sclarea<\/li>\n<li><strong>Notas de salida:<\/strong> Cedro, \u00c1mbar, Mirra, Ambroxan, Madera de agar (oud)<\/li>\n<\/ul>","protected":false},"excerpt":{"rendered":"<p>Experimente un encantador viaje a trav\u00e9s del mundo de las fragancias con el Sheikh Al Shayookh Kususi EDP Spray de Lattafa. Este perfume unisex de 100 ml ofrece una ex\u00f3tica mezcla de aromas que seducen los sentidos y dejan una impresi\u00f3n inolvidable. Con notas de salida de lavanda calmante y pimienta negra picante, esta fragancia [&hellip;]<\/p>\n","protected":false},"featured_media":2578,"comment_status":"open","ping_status":"closed","template":"","meta":[],"product_brand":[310],"product_cat":[225],"product_tag":[52,76,87,53,73,416,210,323,206],"class_list":{"0":"post-2579","1":"product","2":"type-product","3":"status-publish","4":"has-post-thumbnail","6":"product_brand-lattafa","7":"product_cat-perfumes-y-fragancias","8":"product_tag-ambar","9":"product_tag-ambroxan","10":"product_tag-azafran","11":"product_tag-cedro","12":"product_tag-lavanda","13":"product_tag-madera-de-agar-oud","14":"product_tag-mirra","15":"product_tag-pimienta-negra","16":"product_tag-salvia-sclarea","18":"first","19":"outofstock","20":"taxable","21":"shipping-taxable","22":"product-type-simple"},"_links":{"self":[{"href":"https:\/\/novaluxeurope.com\/en\/wp-json\/wp\/v2\/product\/2579","targetHints":{"allow":["GET"]}}],"collection":[{"href":"https:\/\/novaluxeurope.com\/en\/wp-json\/wp\/v2\/product"}],"about":[{"href":"https:\/\/novaluxeurope.com\/en\/wp-json\/wp\/v2\/types\/product"}],"replies":[{"embeddable":true,"href":"https:\/\/novaluxeurope.com\/en\/wp-json\/wp\/v2\/comments?post=2579"}],"wp:featuredmedia":[{"embeddable":true,"href":"https:\/\/novaluxeurope.com\/en\/wp-json\/wp\/v2\/media\/2578"}],"wp:attachment":[{"href":"https:\/\/novaluxeurope.com\/en\/wp-json\/wp\/v2\/media?parent=2579"}],"wp:term":[{"taxonomy":"product_brand","embeddable":true,"href":"https:\/\/novaluxeurope.com\/en\/wp-json\/wp\/v2\/product_brand?post=2579"},{"taxonomy":"product_cat","embeddable":true,"href":"https:\/\/novaluxeurope.com\/en\/wp-json\/wp\/v2\/product_cat?post=2579"},{"taxonomy":"product_tag","embeddable":true,"href":"https:\/\/novaluxeurope.com\/en\/wp-json\/wp\/v2\/product_tag?post=2579"}],"curies":[{"name":"wp","href":"https:\/\/api.w.org\/{rel}","templated":true}]}}