{"id":2576,"date":"2026-04-10T15:50:45","date_gmt":"2026-04-10T15:50:45","guid":{"rendered":"https:\/\/novaluxeurope.com\/producto\/lattafa-sakeena\/"},"modified":"2026-05-07T12:01:24","modified_gmt":"2026-05-07T12:01:24","slug":"lattafa-sakeena","status":"publish","type":"product","link":"https:\/\/novaluxeurope.com\/en\/product\/lattafa-sakeena\/","title":{"rendered":"Lattafa Sakeena"},"content":{"rendered":"<p dir=\"ltr\"><strong>Una fragancia dulce para mujer<\/strong><\/p>\n<p dir=\"ltr\">\u00bfTe apasionan las fragancias que, aparte de notas florales y frutales, despiertan el placer de acordes gourmand? En ese caso, el eau de parfum para mujer Lattafa Sakeena conquistar\u00e1 tu coraz\u00f3n. No solo te cautivar\u00e1 por su aroma, sino tambi\u00e9n por el llamativo frasco de color burdeos con detalles dorados.<\/p>\n<ul>\n<li value=\"1\">fragancia floral y frutal con notas gourmand<\/li>\n<li value=\"2\">se lanz\u00f3 al mercado en el a\u00f1o 2022<\/li>\n<li value=\"3\">ideal tanto para el d\u00eda a d\u00eda como para las ocasiones especiales<\/li>\n<\/ul>\n<p dir=\"ltr\"><strong>Composici\u00f3n de la fragancia:<\/strong><br \/>Los acordes superiores del eau de parfum para mujer Lattafa Sakeena se componen del tr\u00edo de pasiflora, mandarina y acordes de ozono. En las notas de coraz\u00f3n encontramos frambuesa, rosa, flor de azahar y sal marina. Las notas de fondo aportan un car\u00e1cter dulce a la fragancia, con el pralin\u00e9, el caramelo, la vainilla y el sensual almizcle.<\/p>\n<h4>Pir\u00e1mide olfativa<\/h4>\n<ul>\n<li><strong>Notas de entrada:<\/strong> pasionaria, ozono, naranja<\/li>\n<li><strong>Notas de coraz\u00f3n:<\/strong> frambuesa, rosa, flor de naranjo, sal marina<\/li>\n<li><strong>Notas de salida:<\/strong> Toffee, pralin\u00e9, vainilla, almizcle<\/li>\n<\/ul>","protected":false},"excerpt":{"rendered":"<p>Una fragancia dulce para mujer \u00bfTe apasionan las fragancias que, aparte de notas florales y frutales, despiertan el placer de acordes gourmand? En ese caso, el eau de parfum para mujer Lattafa Sakeena conquistar\u00e1 tu coraz\u00f3n. No solo te cautivar\u00e1 por su aroma, sino tambi\u00e9n por el llamativo frasco de color burdeos con detalles dorados. [&hellip;]<\/p>\n","protected":false},"featured_media":2575,"comment_status":"open","ping_status":"closed","template":"","meta":[],"product_brand":[310],"product_cat":[225],"product_tag":[59,84,97,98,491,214,159,49,143,75,63],"class_list":{"0":"post-2576","1":"product","2":"type-product","3":"status-publish","4":"has-post-thumbnail","6":"product_brand-lattafa","7":"product_cat-perfumes-y-fragancias","8":"product_tag-almizcle","9":"product_tag-flor-de-naranjo","10":"product_tag-frambuesa","11":"product_tag-naranja","12":"product_tag-ozono","13":"product_tag-pasionaria","14":"product_tag-praline","15":"product_tag-rosa","16":"product_tag-sal-marina","17":"product_tag-toffee","18":"product_tag-vainilla","20":"first","21":"instock","22":"taxable","23":"shipping-taxable","24":"product-type-simple"},"_links":{"self":[{"href":"https:\/\/novaluxeurope.com\/en\/wp-json\/wp\/v2\/product\/2576","targetHints":{"allow":["GET"]}}],"collection":[{"href":"https:\/\/novaluxeurope.com\/en\/wp-json\/wp\/v2\/product"}],"about":[{"href":"https:\/\/novaluxeurope.com\/en\/wp-json\/wp\/v2\/types\/product"}],"replies":[{"embeddable":true,"href":"https:\/\/novaluxeurope.com\/en\/wp-json\/wp\/v2\/comments?post=2576"}],"wp:featuredmedia":[{"embeddable":true,"href":"https:\/\/novaluxeurope.com\/en\/wp-json\/wp\/v2\/media\/2575"}],"wp:attachment":[{"href":"https:\/\/novaluxeurope.com\/en\/wp-json\/wp\/v2\/media?parent=2576"}],"wp:term":[{"taxonomy":"product_brand","embeddable":true,"href":"https:\/\/novaluxeurope.com\/en\/wp-json\/wp\/v2\/product_brand?post=2576"},{"taxonomy":"product_cat","embeddable":true,"href":"https:\/\/novaluxeurope.com\/en\/wp-json\/wp\/v2\/product_cat?post=2576"},{"taxonomy":"product_tag","embeddable":true,"href":"https:\/\/novaluxeurope.com\/en\/wp-json\/wp\/v2\/product_tag?post=2576"}],"curies":[{"name":"wp","href":"https:\/\/api.w.org\/{rel}","templated":true}]}}