{"id":2573,"date":"2026-04-10T15:50:42","date_gmt":"2026-04-10T15:50:42","guid":{"rendered":"https:\/\/novaluxeurope.com\/producto\/lattafa-safwaan-lautre-musk\/"},"modified":"2026-04-28T12:00:56","modified_gmt":"2026-04-28T12:00:56","slug":"lattafa-safwaan-lautre-musk","status":"publish","type":"product","link":"https:\/\/novaluxeurope.com\/en\/product\/lattafa-safwaan-lautre-musk\/","title":{"rendered":"Lattafa Safwaan L&#8217;autre"},"content":{"rendered":"<p>\u00a1Sum\u00e9rgete t\u00fa tambi\u00e9n en una fragancia con la que estar\u00e1s de buen humor todo el d\u00eda! El eau de parfum unisex Lattafa Safwaan L&#8217;autre Musk es la expresi\u00f3n del optimismo y de una sensaci\u00f3n de felicidad absoluta.<\/p>\n<ul>\n<li>fragancia oriental<\/li>\n<li>fragancia almizclada<\/li>\n<\/ul>\n<h4>Pir\u00e1mide olfativa<\/h4>\n<ul>\n<li><strong>Notas de entrada:<\/strong> Mi Discovery Box:5 muestras a tu elecci\u00f3n, Mi Discovery Box:, Shade Finder: Encuentrael tono de maquillaje adecuado, Shade Finder: Encuentra, Fant\u00e1sticos regaloscon tu compra, Fant\u00e1sticos regalos, Mi Discovery Box:5 muestras a tu elecci\u00f3n, Mi Discovery Box:, Ll\u00e1manos al 912 90 14 19, Mi Discovery Box:5 muestras a tu elecci\u00f3n, Mi Discovery Box:, Shade Finder: Encuentrael tono de maquillaje adecuado, Shade Finder: Encuentra, Fant\u00e1sticos regaloscon tu compra, Fant\u00e1sticos regalos, Mi Discovery Box:5 muestras a tu elecci\u00f3n, Mi Discovery Box:<\/li>\n<\/ul>","protected":false},"excerpt":{"rendered":"<p>\u00a1Sum\u00e9rgete t\u00fa tambi\u00e9n en una fragancia con la que estar\u00e1s de buen humor todo el d\u00eda! El eau de parfum unisex Lattafa Safwaan L&#8217;autre Musk es la expresi\u00f3n del optimismo y de una sensaci\u00f3n de felicidad absoluta. fragancia oriental fragancia almizclada Pir\u00e1mide olfativa Notas de entrada: Mi Discovery Box:5 muestras a tu elecci\u00f3n, Mi Discovery [&hellip;]<\/p>\n","protected":false},"featured_media":2572,"comment_status":"open","ping_status":"closed","template":"","meta":[],"product_brand":[310],"product_cat":[225],"product_tag":[316,317,318,335,336,319,320],"class_list":{"0":"post-2573","1":"product","2":"type-product","3":"status-publish","4":"has-post-thumbnail","6":"product_brand-lattafa","7":"product_cat-perfumes-y-fragancias","8":"product_tag-fantasticos-regalos","9":"product_tag-fantasticos-regaloscon-tu-compra","10":"product_tag-llamanos-al-912-90-14-19","11":"product_tag-mi-discovery-box","12":"product_tag-mi-discovery-box5-muestras-a-tu-eleccion","13":"product_tag-shade-finder-encuentra","14":"product_tag-shade-finder-encuentrael-tono-de-maquillaje-adecuado","16":"first","17":"instock","18":"taxable","19":"shipping-taxable","20":"product-type-simple"},"_links":{"self":[{"href":"https:\/\/novaluxeurope.com\/en\/wp-json\/wp\/v2\/product\/2573","targetHints":{"allow":["GET"]}}],"collection":[{"href":"https:\/\/novaluxeurope.com\/en\/wp-json\/wp\/v2\/product"}],"about":[{"href":"https:\/\/novaluxeurope.com\/en\/wp-json\/wp\/v2\/types\/product"}],"replies":[{"embeddable":true,"href":"https:\/\/novaluxeurope.com\/en\/wp-json\/wp\/v2\/comments?post=2573"}],"wp:featuredmedia":[{"embeddable":true,"href":"https:\/\/novaluxeurope.com\/en\/wp-json\/wp\/v2\/media\/2572"}],"wp:attachment":[{"href":"https:\/\/novaluxeurope.com\/en\/wp-json\/wp\/v2\/media?parent=2573"}],"wp:term":[{"taxonomy":"product_brand","embeddable":true,"href":"https:\/\/novaluxeurope.com\/en\/wp-json\/wp\/v2\/product_brand?post=2573"},{"taxonomy":"product_cat","embeddable":true,"href":"https:\/\/novaluxeurope.com\/en\/wp-json\/wp\/v2\/product_cat?post=2573"},{"taxonomy":"product_tag","embeddable":true,"href":"https:\/\/novaluxeurope.com\/en\/wp-json\/wp\/v2\/product_tag?post=2573"}],"curies":[{"name":"wp","href":"https:\/\/api.w.org\/{rel}","templated":true}]}}