{"id":2570,"date":"2026-04-10T15:50:40","date_gmt":"2026-04-10T15:50:40","guid":{"rendered":"https:\/\/novaluxeurope.com\/producto\/lattafa-safwaan-lautre-oud\/"},"modified":"2026-04-24T13:31:52","modified_gmt":"2026-04-24T13:31:52","slug":"lattafa-safwaan-lautre-oud","status":"publish","type":"product","link":"https:\/\/novaluxeurope.com\/en\/product\/lattafa-safwaan-lautre-oud\/","title":{"rendered":"Lattafa Safwaan L&#8217;autre Oud"},"content":{"rendered":"<p>Descubre una fragancia absolutamente excepcional que, al mismo tiempo, resalta a la perfecci\u00f3n la personalidad de quien la lleva. El eau de parfum unisex Lattafa Safwaan L&#8217;autre Oud es la fragancia ideal para destacar tu originalidad.<\/p>\n<ul>\n<li>fragancia oriental<\/li>\n<li>fragancia amaderada<\/li>\n<li>fragancia especiada<\/li>\n<\/ul>\n<h4>Pir\u00e1mide olfativa<\/h4>\n<ul>\n<li><strong>Notas de entrada:<\/strong> rosa<\/li>\n<li><strong>Notas de coraz\u00f3n:<\/strong> \u00e1mbar, notas especiadas<\/li>\n<li><strong>Notas de salida:<\/strong> oud, notas amaderadas<\/li>\n<\/ul>","protected":false},"excerpt":{"rendered":"<p>Descubre una fragancia absolutamente excepcional que, al mismo tiempo, resalta a la perfecci\u00f3n la personalidad de quien la lleva. El eau de parfum unisex Lattafa Safwaan L&#8217;autre Oud es la fragancia ideal para destacar tu originalidad. fragancia oriental fragancia amaderada fragancia especiada Pir\u00e1mide olfativa Notas de entrada: rosa Notas de coraz\u00f3n: \u00e1mbar, notas especiadas Notas [&hellip;]<\/p>\n","protected":false},"featured_media":2569,"comment_status":"open","ping_status":"closed","template":"","meta":[],"product_brand":[310],"product_cat":[225],"product_tag":[52,179,462,48,49],"class_list":{"0":"post-2570","1":"product","2":"type-product","3":"status-publish","4":"has-post-thumbnail","6":"product_brand-lattafa","7":"product_cat-perfumes-y-fragancias","8":"product_tag-ambar","9":"product_tag-notas-amaderadas","10":"product_tag-notas-especiadas","11":"product_tag-oud","12":"product_tag-rosa","14":"first","15":"instock","16":"taxable","17":"shipping-taxable","18":"product-type-simple"},"_links":{"self":[{"href":"https:\/\/novaluxeurope.com\/en\/wp-json\/wp\/v2\/product\/2570","targetHints":{"allow":["GET"]}}],"collection":[{"href":"https:\/\/novaluxeurope.com\/en\/wp-json\/wp\/v2\/product"}],"about":[{"href":"https:\/\/novaluxeurope.com\/en\/wp-json\/wp\/v2\/types\/product"}],"replies":[{"embeddable":true,"href":"https:\/\/novaluxeurope.com\/en\/wp-json\/wp\/v2\/comments?post=2570"}],"wp:featuredmedia":[{"embeddable":true,"href":"https:\/\/novaluxeurope.com\/en\/wp-json\/wp\/v2\/media\/2569"}],"wp:attachment":[{"href":"https:\/\/novaluxeurope.com\/en\/wp-json\/wp\/v2\/media?parent=2570"}],"wp:term":[{"taxonomy":"product_brand","embeddable":true,"href":"https:\/\/novaluxeurope.com\/en\/wp-json\/wp\/v2\/product_brand?post=2570"},{"taxonomy":"product_cat","embeddable":true,"href":"https:\/\/novaluxeurope.com\/en\/wp-json\/wp\/v2\/product_cat?post=2570"},{"taxonomy":"product_tag","embeddable":true,"href":"https:\/\/novaluxeurope.com\/en\/wp-json\/wp\/v2\/product_tag?post=2570"}],"curies":[{"name":"wp","href":"https:\/\/api.w.org\/{rel}","templated":true}]}}