{"id":2559,"date":"2026-04-10T15:50:32","date_gmt":"2026-04-10T15:50:32","guid":{"rendered":"https:\/\/novaluxeurope.com\/producto\/lattafa-ramz-gold\/"},"modified":"2026-05-07T12:01:24","modified_gmt":"2026-05-07T12:01:24","slug":"lattafa-ramz-gold","status":"publish","type":"product","link":"https:\/\/novaluxeurope.com\/en\/product\/lattafa-ramz-gold\/","title":{"rendered":"Lattafa Ramz Gold"},"content":{"rendered":"<p><strong>Una elegancia lujosa y una sofisticaci\u00f3n atemporal en un peque\u00f1o frasco<\/strong><\/p>\n<p>\u00bfEst\u00e1s buscando una fragancia que complemente tu personalidad? El eau de parfum unisex Lattafa Ramz Gold es perfecto tanto para hombre como para mujer gracias a sus notas dulces con matices amaderados. Es el s\u00edmbolo de la rica herencia y el lujo de la cultura \u00e1rabe. \u00bfEst\u00e1is preparados para convertiros en las estrellas del momento?<\/p>\n<ul>\n<li>fragancia floral con notas frutales para hombre y mujer<\/li>\n<li>la fragancia est\u00e1 inspirada en el Lejano Oriente<\/li>\n<li>en un frasco extravagante<\/li>\n<\/ul>\n<p><strong>Composici\u00f3n de la fragancia:<\/strong><br \/>La composici\u00f3n rica y colorida revela desde el principio sus notas dulces de jugosa naranja, manzana, grosella negra, arom\u00e1tico melocot\u00f3n y pera. El paseo por el jard\u00edn lleno de frutales contin\u00faa hasta un jard\u00edn de flores, repleto de jazm\u00edn y rosas, creando una armon\u00eda perfecta junto con la flor de azahar. Las notas de fondo se despliegan sobre la vainilla, el pachuli, la madera de s\u00e1ndalo y el almizcle blanco.<\/p>\n<p><strong>Historia de la fragancia:<\/strong><br \/>La marca Lattafa fue fundada en el a\u00f1o 1980 por Sheikh Shahid Ahmad y Shoaib Iqbal con el objetivo de ofrecer a los clientes de Oriente Pr\u00f3ximo fragancias lujosas y de buena calidad. El nombre Lattafa proviene de las palabras \u00e1rabes \u00abLatif\u00bb (amabilidad) y \u00abLateefa\u00bb (agradable). En el a\u00f1o 1992, la marca expandi\u00f3 su actividad m\u00e1s all\u00e1 de Oriente Pr\u00f3ximo y hoy en d\u00eda, despu\u00e9s de muchos a\u00f1os, es un reconocido fabricante de perfumes. Entre las fragancias m\u00e1s conocidas no solo se encuentra Lattafa Ramz Gold, sino que hay otras muchas que gozan de una gran popularidad.<\/p>\n<h4>Pir\u00e1mide olfativa<\/h4>\n<ul>\n<li><strong>Notas de entrada:<\/strong> manzana, pi\u00f1a, bergamota<\/li>\n<li><strong>Notas de coraz\u00f3n:<\/strong> jazm\u00edn, madera de s\u00e1ndalo, madera de guayaco, pachuli<\/li>\n<li><strong>Notas de salida:<\/strong> almizcle, humo de agar, vainilla, ylang-ylang, \u00e1mbar<\/li>\n<\/ul>","protected":false},"excerpt":{"rendered":"<p>Una elegancia lujosa y una sofisticaci\u00f3n atemporal en un peque\u00f1o frasco \u00bfEst\u00e1s buscando una fragancia que complemente tu personalidad? El eau de parfum unisex Lattafa Ramz Gold es perfecto tanto para hombre como para mujer gracias a sus notas dulces con matices amaderados. Es el s\u00edmbolo de la rica herencia y el lujo de la [&hellip;]<\/p>\n","protected":false},"featured_media":2558,"comment_status":"open","ping_status":"closed","template":"","meta":[],"product_brand":[310],"product_cat":[225],"product_tag":[59,52,102,432,56,147,47,88,67,101,63,149],"class_list":{"0":"post-2559","1":"product","2":"type-product","3":"status-publish","4":"has-post-thumbnail","6":"product_brand-lattafa","7":"product_cat-perfumes-y-fragancias","8":"product_tag-almizcle","9":"product_tag-ambar","10":"product_tag-bergamota","11":"product_tag-humo-de-agar","12":"product_tag-jazmin","13":"product_tag-madera-de-guayaco","14":"product_tag-madera-de-sandalo","15":"product_tag-manzana","16":"product_tag-pachuli","17":"product_tag-pina","18":"product_tag-vainilla","19":"product_tag-ylang-ylang","21":"first","22":"instock","23":"taxable","24":"shipping-taxable","25":"product-type-simple"},"_links":{"self":[{"href":"https:\/\/novaluxeurope.com\/en\/wp-json\/wp\/v2\/product\/2559","targetHints":{"allow":["GET"]}}],"collection":[{"href":"https:\/\/novaluxeurope.com\/en\/wp-json\/wp\/v2\/product"}],"about":[{"href":"https:\/\/novaluxeurope.com\/en\/wp-json\/wp\/v2\/types\/product"}],"replies":[{"embeddable":true,"href":"https:\/\/novaluxeurope.com\/en\/wp-json\/wp\/v2\/comments?post=2559"}],"wp:featuredmedia":[{"embeddable":true,"href":"https:\/\/novaluxeurope.com\/en\/wp-json\/wp\/v2\/media\/2558"}],"wp:attachment":[{"href":"https:\/\/novaluxeurope.com\/en\/wp-json\/wp\/v2\/media?parent=2559"}],"wp:term":[{"taxonomy":"product_brand","embeddable":true,"href":"https:\/\/novaluxeurope.com\/en\/wp-json\/wp\/v2\/product_brand?post=2559"},{"taxonomy":"product_cat","embeddable":true,"href":"https:\/\/novaluxeurope.com\/en\/wp-json\/wp\/v2\/product_cat?post=2559"},{"taxonomy":"product_tag","embeddable":true,"href":"https:\/\/novaluxeurope.com\/en\/wp-json\/wp\/v2\/product_tag?post=2559"}],"curies":[{"name":"wp","href":"https:\/\/api.w.org\/{rel}","templated":true}]}}