{"id":2556,"date":"2026-04-10T15:50:30","date_gmt":"2026-04-10T15:50:30","guid":{"rendered":"https:\/\/novaluxeurope.com\/producto\/lattafa-raghba-wood-intense\/"},"modified":"2026-04-24T13:31:51","modified_gmt":"2026-04-24T13:31:51","slug":"lattafa-raghba-wood-intense","status":"publish","type":"product","link":"https:\/\/novaluxeurope.com\/en\/product\/lattafa-raghba-wood-intense\/","title":{"rendered":"Lattafa Raghba"},"content":{"rendered":"<p>El eau de parfum para hombre Lattafa Raghba Wood Intense te ayudar\u00e1 a descubrir la virilidad, la fuerza y el valor que se ocultan en tu interior. La fragancia rebosa masculinidad y acentuar\u00e1 perfectamente tu car\u00e1cter a cada paso.<\/p>\n<ul>\n<li>fragancia oriental<\/li>\n<li>fragancia amaderada<\/li>\n<li>destaca en aquellos hombres que no temen ser ellos mismos<\/li>\n<\/ul>\n<h4>Pir\u00e1mide olfativa<\/h4>\n<ul>\n<li><strong>Notas de entrada:<\/strong> caramelo, madera de guayaco, regaliz, cedro<\/li>\n<li><strong>Notas de coraz\u00f3n:<\/strong> az\u00facar, madera de agar, madera de s\u00e1ndalo, madera de cachemira<\/li>\n<li><strong>Notas de salida:<\/strong> incenso, vainilla, \u00e1mbar, musgo de roble, almizcle<\/li>\n<\/ul>","protected":false},"excerpt":{"rendered":"<p>El eau de parfum para hombre Lattafa Raghba Wood Intense te ayudar\u00e1 a descubrir la virilidad, la fuerza y el valor que se ocultan en tu interior. La fragancia rebosa masculinidad y acentuar\u00e1 perfectamente tu car\u00e1cter a cada paso. fragancia oriental fragancia amaderada destaca en aquellos hombres que no temen ser ellos mismos Pir\u00e1mide olfativa [&hellip;]<\/p>\n","protected":false},"featured_media":2555,"comment_status":"open","ping_status":"closed","template":"","meta":[],"product_brand":[310],"product_cat":[225],"product_tag":[59,52,114,60,53,185,68,411,147,47,61,380,63],"class_list":{"0":"post-2556","1":"product","2":"type-product","3":"status-publish","4":"has-post-thumbnail","6":"product_brand-lattafa","7":"product_cat-perfumes-y-fragancias","8":"product_tag-almizcle","9":"product_tag-ambar","10":"product_tag-azucar","11":"product_tag-caramelo","12":"product_tag-cedro","13":"product_tag-incenso","14":"product_tag-madera-de-agar","15":"product_tag-madera-de-cachemira","16":"product_tag-madera-de-guayaco","17":"product_tag-madera-de-sandalo","18":"product_tag-musgo-de-roble","19":"product_tag-regaliz","20":"product_tag-vainilla","22":"first","23":"outofstock","24":"taxable","25":"shipping-taxable","26":"product-type-simple"},"_links":{"self":[{"href":"https:\/\/novaluxeurope.com\/en\/wp-json\/wp\/v2\/product\/2556","targetHints":{"allow":["GET"]}}],"collection":[{"href":"https:\/\/novaluxeurope.com\/en\/wp-json\/wp\/v2\/product"}],"about":[{"href":"https:\/\/novaluxeurope.com\/en\/wp-json\/wp\/v2\/types\/product"}],"replies":[{"embeddable":true,"href":"https:\/\/novaluxeurope.com\/en\/wp-json\/wp\/v2\/comments?post=2556"}],"wp:featuredmedia":[{"embeddable":true,"href":"https:\/\/novaluxeurope.com\/en\/wp-json\/wp\/v2\/media\/2555"}],"wp:attachment":[{"href":"https:\/\/novaluxeurope.com\/en\/wp-json\/wp\/v2\/media?parent=2556"}],"wp:term":[{"taxonomy":"product_brand","embeddable":true,"href":"https:\/\/novaluxeurope.com\/en\/wp-json\/wp\/v2\/product_brand?post=2556"},{"taxonomy":"product_cat","embeddable":true,"href":"https:\/\/novaluxeurope.com\/en\/wp-json\/wp\/v2\/product_cat?post=2556"},{"taxonomy":"product_tag","embeddable":true,"href":"https:\/\/novaluxeurope.com\/en\/wp-json\/wp\/v2\/product_tag?post=2556"}],"curies":[{"name":"wp","href":"https:\/\/api.w.org\/{rel}","templated":true}]}}