{"id":2547,"date":"2026-04-10T15:50:27","date_gmt":"2026-04-10T15:50:27","guid":{"rendered":"https:\/\/novaluxeurope.com\/producto\/lattafa-raghba-100-ml-50-ml-deo\/"},"modified":"2026-05-08T16:01:13","modified_gmt":"2026-05-08T16:01:13","slug":"lattafa-raghba-100-ml-50-ml-deo","status":"publish","type":"product","link":"https:\/\/novaluxeurope.com\/en\/product\/lattafa-raghba-100-ml-50-ml-deo\/","title":{"rendered":"Lattafa Raghba"},"content":{"rendered":"<p>Lattafa Raghba Eau de Parfum es una fragancia oriental unisex gourmet con oudh y vainilla. El Estuche de Regalo Raghba de Lattafa es el regalo perfecto para cualquier persona a la que le guste mimarse o para una persona especial en su vida. Este precioso estuche de regalo contiene dos tama\u00f1os diferentes del perfume Raghba: un frasco de desodorante de 50 ml y un frasco de perfume de 100 ml. El perfume Raghba es conocido por su aroma seductor y sensual que deja un impacto duradero. Es perfecto tanto para hombres como para mujeres que desean a\u00f1adir una dimensi\u00f3n extra a su estilo personal. La nota de salida se abre con vainilla, oudh y especias. Almizcle, incienso y az\u00facar , seguidos de la nota de coraz\u00f3n . El fondo completa la fragancia con s\u00e1ndalo, \u00e1mbar y almizcle. Una hermosa fragancia oriental que resulta especialmente eficaz gracias a la combinaci\u00f3n de vainilla y notas ahumadas. Con el Estuche de Regalo Raghba, podr\u00e1 disfrutar de esta incre\u00edble fragancia tanto en casa como fuera de ella. El frasco m\u00e1s peque\u00f1o de 50 ml es ideal para llevar en el bolso o de viaje y tener siempre a mano su fragancia favorita. El frasco m\u00e1s grande de 100 ml es perfecto para colocarlo en el cuarto de ba\u00f1o o en el tocador, para que pueda deleitarse con esta deliciosa fragancia todos los d\u00edas. Tanto si utiliza el perfume Raghba para una ocasi\u00f3n especial o como parte de su rutina diaria, quedar\u00e1 encantada con su aroma \u00fanico y seductor. Deje que el set de regalo Raghba sea su secreto para sentirse segura e irresistible. NOTAS DE PERFUME Notas de salida: Vainilla, Oudh, Especias Notas medias: Almizcle, Incienso, Az\u00facar Notas de Fondo: S\u00e1ndalo, \u00c1mbar, Almizcle<\/p>\n<h4>Pir\u00e1mide olfativa<\/h4>\n<ul>\n<li><strong>Notas de entrada:<\/strong> Vainilla, Oudh, Especias<\/li>\n<li><strong>Notas de coraz\u00f3n:<\/strong> Almizcle, Incienso, Az\u00facar<\/li>\n<li><strong>Notas de salida:<\/strong> S\u00e1ndalo, \u00c1mbar, Almizcle<\/li>\n<\/ul>","protected":false},"excerpt":{"rendered":"<p>Lattafa Raghba Eau de Parfum es una fragancia oriental unisex gourmet con oudh y vainilla. El Estuche de Regalo Raghba de Lattafa es el regalo perfecto para cualquier persona a la que le guste mimarse o para una persona especial en su vida. Este precioso estuche de regalo contiene dos tama\u00f1os diferentes del perfume Raghba: [&hellip;]<\/p>\n","protected":false},"featured_media":2546,"comment_status":"open","ping_status":"closed","template":"","meta":[],"product_brand":[310],"product_cat":[225],"product_tag":[59,52,114,374,127,502,174,63],"class_list":{"0":"post-2547","1":"product","2":"type-product","3":"status-publish","4":"has-post-thumbnail","6":"product_brand-lattafa","7":"product_cat-perfumes-y-fragancias","8":"product_tag-almizcle","9":"product_tag-ambar","10":"product_tag-azucar","11":"product_tag-especias","12":"product_tag-incienso","13":"product_tag-oudh","14":"product_tag-sandalo","15":"product_tag-vainilla","17":"first","18":"instock","19":"taxable","20":"shipping-taxable","21":"product-type-simple"},"_links":{"self":[{"href":"https:\/\/novaluxeurope.com\/en\/wp-json\/wp\/v2\/product\/2547","targetHints":{"allow":["GET"]}}],"collection":[{"href":"https:\/\/novaluxeurope.com\/en\/wp-json\/wp\/v2\/product"}],"about":[{"href":"https:\/\/novaluxeurope.com\/en\/wp-json\/wp\/v2\/types\/product"}],"replies":[{"embeddable":true,"href":"https:\/\/novaluxeurope.com\/en\/wp-json\/wp\/v2\/comments?post=2547"}],"wp:featuredmedia":[{"embeddable":true,"href":"https:\/\/novaluxeurope.com\/en\/wp-json\/wp\/v2\/media\/2546"}],"wp:attachment":[{"href":"https:\/\/novaluxeurope.com\/en\/wp-json\/wp\/v2\/media?parent=2547"}],"wp:term":[{"taxonomy":"product_brand","embeddable":true,"href":"https:\/\/novaluxeurope.com\/en\/wp-json\/wp\/v2\/product_brand?post=2547"},{"taxonomy":"product_cat","embeddable":true,"href":"https:\/\/novaluxeurope.com\/en\/wp-json\/wp\/v2\/product_cat?post=2547"},{"taxonomy":"product_tag","embeddable":true,"href":"https:\/\/novaluxeurope.com\/en\/wp-json\/wp\/v2\/product_tag?post=2547"}],"curies":[{"name":"wp","href":"https:\/\/api.w.org\/{rel}","templated":true}]}}