{"id":2543,"date":"2026-04-10T15:41:43","date_gmt":"2026-04-10T15:41:43","guid":{"rendered":"https:\/\/novaluxeurope.com\/producto\/lattafa-raed-silver\/"},"modified":"2026-04-29T12:01:07","modified_gmt":"2026-04-29T12:01:07","slug":"lattafa-raed-silver","status":"publish","type":"product","link":"https:\/\/novaluxeurope.com\/en\/product\/lattafa-raed-silver\/","title":{"rendered":"Lattafa Ra&#8217;ed Silver"},"content":{"rendered":"<p>Cada d\u00eda es una nueva oportunidad para afrontar retos. El eau de parfum unisex Lattafa Ra&#8217;ed Silver refresca tu mente para que puedas seguir tu instinto con valent\u00eda. L\u00e1nzate al encuentro de la aventura diaria.<\/p>\n<ul>\n<li>fragancia especiada<\/li>\n<li>fragancia c\u00edtrica<\/li>\n<li>fragancia gourmand<\/li>\n<li>tanto para hombres como para mujeres<\/li>\n<\/ul>\n<h4>Pir\u00e1mide olfativa<\/h4>\n<ul>\n<li><strong>Notas de entrada:<\/strong> c\u00edtricos, especia, mandarina<\/li>\n<li><strong>Notas de coraz\u00f3n:<\/strong> canela, clavo, \u00e1mbar, azafr\u00e1n<\/li>\n<li><strong>Notas de salida:<\/strong> vainilla, \u00e1mbar gris, almizcle, cuero, madera de agar<\/li>\n<\/ul>","protected":false},"excerpt":{"rendered":"<p>Cada d\u00eda es una nueva oportunidad para afrontar retos. El eau de parfum unisex Lattafa Ra&#8217;ed Silver refresca tu mente para que puedas seguir tu instinto con valent\u00eda. L\u00e1nzate al encuentro de la aventura diaria. fragancia especiada fragancia c\u00edtrica fragancia gourmand tanto para hombres como para mujeres Pir\u00e1mide olfativa Notas de entrada: c\u00edtricos, especia, mandarina [&hellip;]<\/p>\n","protected":false},"featured_media":2542,"comment_status":"open","ping_status":"closed","template":"","meta":[],"product_brand":[310],"product_cat":[225],"product_tag":[59,52,64,87,94,158,207,69,65,68,99,63],"class_list":{"0":"post-2543","1":"product","2":"type-product","3":"status-publish","4":"has-post-thumbnail","6":"product_brand-lattafa","7":"product_cat-perfumes-y-fragancias","8":"product_tag-almizcle","9":"product_tag-ambar","10":"product_tag-ambar-gris","11":"product_tag-azafran","12":"product_tag-canela","13":"product_tag-citricos","14":"product_tag-clavo","15":"product_tag-cuero","16":"product_tag-especia","17":"product_tag-madera-de-agar","18":"product_tag-mandarina","19":"product_tag-vainilla","21":"first","22":"instock","23":"taxable","24":"shipping-taxable","25":"product-type-simple"},"_links":{"self":[{"href":"https:\/\/novaluxeurope.com\/en\/wp-json\/wp\/v2\/product\/2543","targetHints":{"allow":["GET"]}}],"collection":[{"href":"https:\/\/novaluxeurope.com\/en\/wp-json\/wp\/v2\/product"}],"about":[{"href":"https:\/\/novaluxeurope.com\/en\/wp-json\/wp\/v2\/types\/product"}],"replies":[{"embeddable":true,"href":"https:\/\/novaluxeurope.com\/en\/wp-json\/wp\/v2\/comments?post=2543"}],"wp:featuredmedia":[{"embeddable":true,"href":"https:\/\/novaluxeurope.com\/en\/wp-json\/wp\/v2\/media\/2542"}],"wp:attachment":[{"href":"https:\/\/novaluxeurope.com\/en\/wp-json\/wp\/v2\/media?parent=2543"}],"wp:term":[{"taxonomy":"product_brand","embeddable":true,"href":"https:\/\/novaluxeurope.com\/en\/wp-json\/wp\/v2\/product_brand?post=2543"},{"taxonomy":"product_cat","embeddable":true,"href":"https:\/\/novaluxeurope.com\/en\/wp-json\/wp\/v2\/product_cat?post=2543"},{"taxonomy":"product_tag","embeddable":true,"href":"https:\/\/novaluxeurope.com\/en\/wp-json\/wp\/v2\/product_tag?post=2543"}],"curies":[{"name":"wp","href":"https:\/\/api.w.org\/{rel}","templated":true}]}}