{"id":2540,"date":"2026-04-10T15:41:41","date_gmt":"2026-04-10T15:41:41","guid":{"rendered":"https:\/\/novaluxeurope.com\/producto\/lattafa-raed-oud\/"},"modified":"2026-05-07T12:01:24","modified_gmt":"2026-05-07T12:01:24","slug":"lattafa-raed-oud","status":"publish","type":"product","link":"https:\/\/novaluxeurope.com\/en\/product\/lattafa-raed-oud\/","title":{"rendered":"Lattafa Ra&#8217;ed Oud"},"content":{"rendered":"<p>Descubre una fragancia absolutamente excepcional que, al mismo tiempo, resalta a la perfecci\u00f3n la personalidad de quien la lleva. El eau de parfum unisex Lattafa Ra&#8217;ed Oud es la fragancia ideal para destacar tu originalidad.<\/p>\n<ul>\n<li>fragancia oriental<\/li>\n<li>fragancia especiada<\/li>\n<li>para personas con un estilo no convencional<\/li>\n<\/ul>\n<h4>Pir\u00e1mide olfativa<\/h4>\n<ul>\n<li><strong>Notas de entrada:<\/strong> enebro, pi\u00f1a, pimienta rosada, sand\u00eda, jazm\u00edn, flor de acacia<\/li>\n<li><strong>Notas de coraz\u00f3n:<\/strong> lavanda, salvia, notas de hierbas, canela<\/li>\n<li><strong>Notas de salida:<\/strong> vainilla, \u00e1mbar, vetiver, casta\u00f1o, fresa, hielo, haba tonka, madera de s\u00e1ndalo, almizcle<\/li>\n<\/ul>","protected":false},"excerpt":{"rendered":"<p>Descubre una fragancia absolutamente excepcional que, al mismo tiempo, resalta a la perfecci\u00f3n la personalidad de quien la lleva. El eau de parfum unisex Lattafa Ra&#8217;ed Oud es la fragancia ideal para destacar tu originalidad. fragancia oriental fragancia especiada para personas con un estilo no convencional Pir\u00e1mide olfativa Notas de entrada: enebro, pi\u00f1a, pimienta rosada, [&hellip;]<\/p>\n","protected":false},"featured_media":2539,"comment_status":"open","ping_status":"closed","template":"","meta":[],"product_brand":[310],"product_cat":[225],"product_tag":[59,52,94,453,498,501,165,79,500,56,73,47,424,181,101,242,352,63,50],"class_list":{"0":"post-2540","1":"product","2":"type-product","3":"status-publish","4":"has-post-thumbnail","6":"product_brand-lattafa","7":"product_cat-perfumes-y-fragancias","8":"product_tag-almizcle","9":"product_tag-ambar","10":"product_tag-canela","11":"product_tag-castano","12":"product_tag-enebro","13":"product_tag-flor-de-acacia","14":"product_tag-fresa","15":"product_tag-haba-tonka","16":"product_tag-hielo","17":"product_tag-jazmin","18":"product_tag-lavanda","19":"product_tag-madera-de-sandalo","20":"product_tag-notas-de-hierbas","21":"product_tag-pimienta-rosada","22":"product_tag-pina","23":"product_tag-salvia","24":"product_tag-sandia","25":"product_tag-vainilla","26":"product_tag-vetiver","28":"first","29":"instock","30":"taxable","31":"shipping-taxable","32":"product-type-simple"},"_links":{"self":[{"href":"https:\/\/novaluxeurope.com\/en\/wp-json\/wp\/v2\/product\/2540","targetHints":{"allow":["GET"]}}],"collection":[{"href":"https:\/\/novaluxeurope.com\/en\/wp-json\/wp\/v2\/product"}],"about":[{"href":"https:\/\/novaluxeurope.com\/en\/wp-json\/wp\/v2\/types\/product"}],"replies":[{"embeddable":true,"href":"https:\/\/novaluxeurope.com\/en\/wp-json\/wp\/v2\/comments?post=2540"}],"wp:featuredmedia":[{"embeddable":true,"href":"https:\/\/novaluxeurope.com\/en\/wp-json\/wp\/v2\/media\/2539"}],"wp:attachment":[{"href":"https:\/\/novaluxeurope.com\/en\/wp-json\/wp\/v2\/media?parent=2540"}],"wp:term":[{"taxonomy":"product_brand","embeddable":true,"href":"https:\/\/novaluxeurope.com\/en\/wp-json\/wp\/v2\/product_brand?post=2540"},{"taxonomy":"product_cat","embeddable":true,"href":"https:\/\/novaluxeurope.com\/en\/wp-json\/wp\/v2\/product_cat?post=2540"},{"taxonomy":"product_tag","embeddable":true,"href":"https:\/\/novaluxeurope.com\/en\/wp-json\/wp\/v2\/product_tag?post=2540"}],"curies":[{"name":"wp","href":"https:\/\/api.w.org\/{rel}","templated":true}]}}